{"id":528,"date":"2021-05-31T11:46:08","date_gmt":"2021-05-31T09:46:08","guid":{"rendered":"https:\/\/redesignwithjulia.com\/?page_id=528"},"modified":"2022-01-26T17:13:15","modified_gmt":"2022-01-26T15:13:15","slug":"redesign-with-prima-romania-delivery-conditions","status":"publish","type":"page","link":"https:\/\/redesignwithjulia.com\/hu\/redesign-with-prima-romania-delivery-conditions\/","title":{"rendered":"Sz\u00e1ll\u00edt\u00e1si felt\u00e9telek"},"content":{"rendered":"<p>[et_pb_section fb_built=&#8221;1&#8243; _builder_version=&#8221;4.9.2&#8243; _module_preset=&#8221;default&#8221;][et_pb_row _builder_version=&#8221;4.9.2&#8243; _module_preset=&#8221;default&#8221;][et_pb_column type=&#8221;4_4&#8243; _builder_version=&#8221;4.9.2&#8243; _module_preset=&#8221;default&#8221;][et_pb_text _builder_version=&#8221;4.9.2&#8243; _module_preset=&#8221;default&#8221; header_2_font=&#8221;Quattrocento||||||||&#8221; hover_enabled=&#8221;0&#8243; sticky_enabled=&#8221;0&#8243;]<\/p>\n<h2>Sz\u00e1ll\u00edt\u00e1si felt\u00e9telek<\/h2>\n<p>&nbsp;<\/p>\n<p>A web\u00e1ruh\u00e1zunkban v\u00e1s\u00e1rolt term\u00e9kek a k\u00f6vetkez\u0151 m\u00f3dokon vehet\u0151k \u00e1t:<\/p>\n<ul>\n<li style=\"list-style-type: none;\">\n<ul>\n<li>Szem\u00e9lyes \u00e1tv\u00e9tel Gheorgheni \/ Harghita \/ Rom\u00e1nia, miut\u00e1n kapcsolatba l\u00e9pett vel\u00fcnk \u00e9s meger\u0151s\u00edtette ezt a m\u00f3dszert. Az \u00e1tv\u00e9tel id\u0151pontj\u00e1t, d\u00e1tum\u00e1t \u00e9s hely\u00e9t a v\u00e1s\u00e1rl\u00f3 \u00e9s k\u00e9pvisel\u0151 koll\u00e9g\u00e1nk hat\u00e1rozza meg.<\/li>\n<li>Csomag k\u00fcld\u00e9se postai k\u00e9zbes\u00edt\u00e9ssel Rom\u00e1nia ter\u00fclet\u00e9n. A postak\u00f6lts\u00e9g a Rom\u00e1n Posta d\u00edjszab\u00e1sa szerint ker\u00fcl felsz\u00e1m\u00edt\u00e1sra.<\/li>\n<li>Csomag k\u00fcld\u00e9se fut\u00e1rszolg\u00e1lattal Rom\u00e1nia ter\u00fclet\u00e9n. \u00c1ltal\u00e1ban a csomagokat a k\u00f6vetkez\u0151 fut\u00e1rszolg\u00e1latokkal k\u00fcldj\u00fck: '<a href=\"https:\/\/www.fancourier.ro\/\" title=\"Fan Courier\">Fan Courier<\/a>' vagy a '<a href=\"https:\/\/www.cargus.ro\/\" title=\"Cargus\">Cargus<\/a>&#8216; .<\/li>\n<li>A fut\u00e1rc\u00e9g sz\u00e1ll\u00edt\u00e1si d\u00edjat sz\u00e1m\u00edt fel, amelyet az \u00fcgyf\u00e9lnek kell fizetnie. (A j\u00f6v\u0151ben tervezz\u00fck, hogy jav\u00edtjuk a szolg\u00e1ltat\u00e1sainkat, hogy ingyenes legyen).<\/li>\n<li>Az exped\u00edci\u00f3s hat\u00e1rid\u0151 a k\u00f6vetkez\u0151 esetekt\u0151l f\u00fcgg:\n<ul>\n<li>Ha elegend\u0151 mennyis\u00e9g van rakt\u00e1ron, akkor a csomagot legfeljebb 2 munkanapon bel\u00fcl expedi\u00e1ljuk;<\/li>\n<li>Ha nincs elegend\u0151 k\u00e9szlet, felvessz\u00fck a kapcsolatot az \u00fcgyf\u00e9llel, hogy d\u00f6nt\u00e9st hozzunk a megrendel\u00e9s\u00e9r\u0151l, amely a k\u00f6vetkez\u0151 lehet:\n<ul>\n<li>A megrendel\u00e9s elutas\u00edt\u00e1sa<\/li>\n<li>K\u00fcl\u00f6n-k\u00fcl\u00f6n, ami azt jelenti, hogy a tulajdonunkban l\u00e9v\u0151 mennyis\u00e9get k\u00fcldj\u00fck el el\u0151sz\u00f6r, \u00e9s amint a k\u00e9szlet \u00fajra felt\u00f6lt\u0151dik, elk\u00fcldj\u00fck a megrendel\u00e9s t\u00f6bbi r\u00e9sz\u00e9t.<\/li>\n<li>Egyszeri k\u00fcld\u00e9s, ha a k\u00e9szlet elegend\u0151 mennyis\u00e9ggel rendelkezik az egyszeri sz\u00e1ll\u00edt\u00e1shoz.<\/li>\n<\/ul>\n<\/li>\n<\/ul>\n<\/li>\n<li>A sz\u00e1ll\u00edt\u00e1si k\u00f6lts\u00e9g a c\u00e9lhely alapj\u00e1n elt\u00e9r\u0151 lehet, amit nem mi hat\u00e1rozunk meg, hanem a fut\u00e1rc\u00e9g \u00e9s szolg\u00e1ltat\u00e1sai hat\u00e1rozz\u00e1k meg.<\/li>\n<li>A sz\u00e1ll\u00edt\u00e1si id\u0151t a fut\u00e1rszolg\u00e1lat hat\u00e1rozza meg, de kisebb t\u00e1vols\u00e1gok eset\u00e9n ez egy nap is lehet, nagyobb t\u00e1vols\u00e1gok vagy nehezen megk\u00f6zel\u00edthet\u0151 helyek eset\u00e9n pedig ak\u00e1r 3-4 nap is lehet.<\/li>\n<li>A term\u00e9k megv\u00e1s\u00e1rl\u00e1sa el\u0151tt er\u0151sen aj\u00e1nljuk a v\u00e1s\u00e1rl\u00f3nak, hogy ellen\u0151rizze annak felt\u00e9teleit, mert nem cser\u00e9lj\u00fck ki, ha nincs k\u00fcl\u00f6nleges eset. K\u00fcl\u00f6nleges eset lehet p\u00e9ld\u00e1ul s\u00e9r\u00fclt term\u00e9k (nem s\u00e9r\u00fclt csomagol\u00e1s), vagy m\u00e1s hasonl\u00f3 eset.<\/li>\n<\/ul>\n<\/li>\n<\/ul>\n<ul><\/ul>\n<p>[\/et_pb_text][\/et_pb_column][\/et_pb_row][\/et_pb_section]<\/p>","protected":false},"excerpt":{"rendered":"<p>[et_pb_section fb_built=&#8221;1&#8243; _builder_version=&#8221;4.9.2&#8243; _module_preset=&#8221;default&#8221;][et_pb_row _builder_version=&#8221;4.9.2&#8243; _module_preset=&#8221;default&#8221;][et_pb_column type=&#8221;4_4&#8243; _builder_version=&#8221;4.9.2&#8243; _module_preset=&#8221;default&#8221;][et_pb_text _builder_version=&#8221;4.9.2&#8243; _module_preset=&#8221;default&#8221; header_2_font=&#8221;Quattrocento||||||||&#8221; hover_enabled=&#8221;0&#8243; sticky_enabled=&#8221;0&#8243;] Delivery conditions &nbsp; The products bought from our webshop can be picked up following the next methods: Pick up personaly from Gheorgheni \/ Harghita \/ Romania, after contacting us and confirming this method. The pickup time, date and location will be [&hellip;]<\/p>","protected":false},"author":2,"featured_media":0,"parent":0,"menu_order":0,"comment_status":"closed","ping_status":"closed","template":"","meta":{"_et_pb_use_builder":"on","_et_pb_old_content":"<!-- wp:divi\/placeholder \/-->","_et_gb_content_width":""},"_links":{"self":[{"href":"https:\/\/redesignwithjulia.com\/hu\/wp-json\/wp\/v2\/pages\/528"}],"collection":[{"href":"https:\/\/redesignwithjulia.com\/hu\/wp-json\/wp\/v2\/pages"}],"about":[{"href":"https:\/\/redesignwithjulia.com\/hu\/wp-json\/wp\/v2\/types\/page"}],"author":[{"embeddable":true,"href":"https:\/\/redesignwithjulia.com\/hu\/wp-json\/wp\/v2\/users\/2"}],"replies":[{"embeddable":true,"href":"https:\/\/redesignwithjulia.com\/hu\/wp-json\/wp\/v2\/comments?post=528"}],"version-history":[{"count":1,"href":"https:\/\/redesignwithjulia.com\/hu\/wp-json\/wp\/v2\/pages\/528\/revisions"}],"predecessor-version":[{"id":1362,"href":"https:\/\/redesignwithjulia.com\/hu\/wp-json\/wp\/v2\/pages\/528\/revisions\/1362"}],"wp:attachment":[{"href":"https:\/\/redesignwithjulia.com\/hu\/wp-json\/wp\/v2\/media?parent=528"}],"curies":[{"name":"wp","href":"https:\/\/api.w.org\/{rel}","templated":true}]}}