{"id":530,"date":"2021-05-31T11:46:43","date_gmt":"2021-05-31T09:46:43","guid":{"rendered":"https:\/\/redesignwithjulia.com\/?page_id=530"},"modified":"2021-09-17T15:36:27","modified_gmt":"2021-09-17T13:36:27","slug":"redesign-with-prima-romania-confidelitation-policy","status":"publish","type":"page","link":"https:\/\/redesignwithjulia.com\/hu\/redesign-with-prima-romania-confidelitation-policy\/","title":{"rendered":"Adatv\u00e9delem"},"content":{"rendered":"[et_pb_section fb_built=&#8221;1&#8243; _builder_version=&#8221;4.9.2&#8243; _module_preset=&#8221;default&#8221;][et_pb_row _builder_version=&#8221;4.9.2&#8243; _module_preset=&#8221;default&#8221;][et_pb_column type=&#8221;4_4&#8243; _builder_version=&#8221;4.9.2&#8243; _module_preset=&#8221;default&#8221;][et_pb_text _builder_version=&#8221;4.9.2&#8243; _module_preset=&#8221;default&#8221;]<h2>Kik vagyunk<\/h2>\n<p>Mi vagyunk a \"ReDesign with Julia\", a Facebookunk a <a href=\"https:\/\/facebook.com\/redesignwithjulia\" title=\"RedesignWithJulia\">ReDesign with Julia,<\/a> az Instagramunk a <a href=\"https:\/\/instagram.com\/redesignwithjulia\" title=\"Redesignwithjulia\">ReDesign with Julia<\/a>, a weboldalunk pedig a <a href=\"https:\/\/redesignwithjulia.com\/hu\/\">http:\/\/redesignwithjulia.com<\/a> .<\/p>\n<h2>Milyen szem\u00e9lyes adatokat gy\u0171jt\u00fcnk \u00e9s mi\u00e9rt gy\u0171jtj\u00fck \u0151ket<\/h2>\n<h3>Hozz\u00e1sz\u00f3l\u00e1sok<\/h3>\n<p>Amikor a l\u00e1togat\u00f3k hozz\u00e1sz\u00f3l\u00e1sokat hagynak az oldalon, akkor gy\u0171jtj\u00fck a hozz\u00e1sz\u00f3l\u00e1si \u0171rlapon felt\u00fcntetett adatokat, valamint a l\u00e1togat\u00f3 IP-c\u00edm\u00e9t \u00e9s a b\u00f6ng\u00e9sz\u0151 user agent stringj\u00e9t, hogy seg\u00edts\u00fck a spamek felismer\u00e9s\u00e9t.<\/p>\n<p>Az \u00d6n e-mail c\u00edm\u00e9b\u0151l l\u00e9trehozott anonimiz\u00e1lt karakterl\u00e1ncot (m\u00e1s n\u00e9ven hash) megadhatjuk a Gravatar szolg\u00e1ltat\u00e1snak, hogy l\u00e1ssuk, haszn\u00e1lja-e azt. A Gravatar szolg\u00e1ltat\u00e1s adatv\u00e9delmi szab\u00e1lyzata itt \u00e9rhet\u0151 el: https:\/\/automattic.com\/privacy\/. A hozz\u00e1sz\u00f3l\u00e1s j\u00f3v\u00e1hagy\u00e1sa ut\u00e1n a profilk\u00e9pe a nyilv\u00e1noss\u00e1g sz\u00e1m\u00e1ra a hozz\u00e1sz\u00f3l\u00e1s\u00e1val \u00f6sszef\u00fcgg\u00e9sben l\u00e1that\u00f3v\u00e1 v\u00e1lik.<\/p>\n<h3>M\u00e9dia<\/h3>\n<p>Ha k\u00e9peket t\u00f6lt fel a weboldalra, ker\u00fclje a be\u00e1gyazott helymeghat\u00e1roz\u00f3 adatokat (EXIF GPS) tartalmaz\u00f3 k\u00e9pek felt\u00f6lt\u00e9s\u00e9t. A weboldal l\u00e1togat\u00f3i let\u00f6lthetnek \u00e9s kivehetnek b\u00e1rmilyen helymeghat\u00e1roz\u00f3 adatot a weboldalon tal\u00e1lhat\u00f3 k\u00e9pekb\u0151l.<\/p>\n<h3>Kapcsolatfelv\u00e9teli \u0171rlapok<\/h3>\n<p>A kapcsolatfelv\u00e9teli \u0171rlapok seg\u00edts\u00e9g\u00e9vel felhaszn\u00e1l\u00f3ink \u00fczenetet k\u00fcldhetnek nek\u00fcnk vagy feliratkozhatnak h\u00edrlevel\u00fcnkre. Ezeket az inform\u00e1ci\u00f3kat nem mi t\u00e1roljuk, ezeket a Mailchimp <a href=\"https:\/\/mailchimp.com\" title=\"Mailchimp\">Mailchimp <\/a>\u00a0t\u00e1rolja.  \u00cdgy nem vagyunk felel\u0151sek a felhaszn\u00e1l\u00f3 nev\u00e9nek vagy e-mail c\u00edm\u00e9nek tov\u00e1bbi megad\u00e1s\u00e1\u00e9rt.<\/p>\n<h3>S\u00fctik<\/h3>\n<p>Ha hozz\u00e1sz\u00f3l\u00e1st hagy oldalunkon, akkor hozz\u00e1j\u00e1rulhat ahhoz, hogy nev\u00e9t, e-mail c\u00edm\u00e9t \u00e9s weboldal\u00e1t a cookie-kban t\u00e1roljuk. Ezek az \u00d6n k\u00e9nyelm\u00e9t szolg\u00e1lj\u00e1k, hogy ne kelljen \u00fajra megadnia adatait, amikor \u00fajabb hozz\u00e1sz\u00f3l\u00e1st hagy. Ezek a s\u00fctik egy \u00e9vig maradnak fenn.<\/p>\n<p>Ha megl\u00e1togatja a bejelentkez\u00e9si oldalunkat, akkor egy ideiglenes s\u00fctit \u00e1ll\u00edtunk be, hogy meg\u00e1llap\u00edtsuk, a b\u00f6ng\u00e9sz\u0151je elfogadja-e a s\u00fctiket. Ez a s\u00fcti nem tartalmaz szem\u00e9lyes adatokat, \u00e9s a b\u00f6ng\u00e9sz\u0151 bez\u00e1r\u00e1sakor t\u00f6rl\u0151dik.<\/p>\n<p>Amikor bejelentkezik, t\u00f6bb s\u00fctit is be\u00e1ll\u00edtunk, hogy elmentse a bejelentkez\u00e9si adatait \u00e9s a k\u00e9perny\u0151 megjelen\u00edt\u00e9si be\u00e1ll\u00edt\u00e1sait. A bejelentkez\u00e9si s\u00fctik k\u00e9t napig, a k\u00e9perny\u0151be\u00e1ll\u00edt\u00e1sok s\u00fctik pedig egy \u00e9vig tartanak. Ha az \"Eml\u00e9kezz r\u00e1m\" opci\u00f3t v\u00e1lasztja, a bejelentkez\u00e9se k\u00e9t h\u00e9tig megmarad. Ha kijelentkezik fi\u00f3kj\u00e1b\u00f3l, a bejelentkez\u00e9si cookie-k t\u00f6rl\u0151dnek.<\/p>\n<h3>M\u00e1s webhelyekr\u0151l sz\u00e1rmaz\u00f3 be\u00e1gyazott tartalom<\/h3>\n<p>Az oldalon tal\u00e1lhat\u00f3 cikkek be\u00e1gyazott tartalmat (pl. vide\u00f3kat, k\u00e9peket, cikkeket stb.) tartalmazhatnak. A m\u00e1s webhelyekr\u0151l sz\u00e1rmaz\u00f3 be\u00e1gyazott tartalom pontosan ugyan\u00fagy viselkedik, mintha a l\u00e1togat\u00f3 a m\u00e1sik webhelyet l\u00e1togatta volna meg.<\/p>\n<p>Ezek a webhelyek adatokat gy\u0171jthetnek \u00d6nr\u0151l, cookie-kat haszn\u00e1lhatnak, tov\u00e1bbi harmadik f\u00e9lt\u0151l sz\u00e1rmaz\u00f3 nyomk\u00f6vet\u00e9st \u00e1gyazhatnak be, \u00e9s nyomon k\u00f6vethetik az \u00d6n interakci\u00f3j\u00e1t a be\u00e1gyazott tartalommal, bele\u00e9rtve a be\u00e1gyazott tartalommal val\u00f3 interakci\u00f3j\u00e1nak nyomon k\u00f6vet\u00e9s\u00e9t, ha \u00d6n rendelkezik fi\u00f3kkal \u00e9s be van jelentkezve az adott webhelyre.<\/p>\n<h3>Analitika<\/h3>\n<p>Weboldalunk haszn\u00e1lat\u00e1t a Facebook Pixel \u00e9s a Google Analytics seg\u00edts\u00e9g\u00e9vel k\u00f6vetj\u00fck. Ezt az\u00e9rt tessz\u00fck, hogy jobb\u00e1 tegy\u00fck a webhelyet \u00e9s a szolg\u00e1ltat\u00e1sokat, hogy boldogabb v\u00e1s\u00e1rl\u00f3ink legyenek. Ehhez haszn\u00e1ljuk az IP-c\u00edmeket, az oldalakon elt\u00f6lt\u00f6tt id\u0151t, term\u00e9keket. A fent eml\u00edtett nyomk\u00f6vet\u0151 c\u00e9geknek nem adunk \u00e1t szem\u00e9lyes adatokat.<\/p>\n<h3>Kivel osztjuk meg az \u00d6n adatait<\/h3>\n<p>Az \u00d6n adatait a cookie-szab\u00e1lyzatunk j\u00f3v\u00e1hagy\u00e1sa ut\u00e1n megosztjuk a Facebookkal \u00e9s a Google-lal. Abban az esetben, ha valaki feliratkozik a levelez\u00e9si csatorn\u00e1nkra, akkor a felhaszn\u00e1l\u00f3 e-mail c\u00edm\u00e9t megosztjuk a Mailchimp c\u00e9ggel, amelyet kiz\u00e1r\u00f3lag e-mail kamp\u00e1nyokhoz haszn\u00e1lunk.<\/p>\n<h3>Mennyi ideig \u0151rizz\u00fck meg az adatait<\/h3>\n<p>Ha hozz\u00e1sz\u00f3l\u00e1st hagy, a hozz\u00e1sz\u00f3l\u00e1st \u00e9s annak metaadatait hat\u00e1rozatlan ideig meg\u0151rizz\u00fck. Ez az\u00e9rt van \u00edgy, hogy a moder\u00e1l\u00e1si sorban tart\u00e1s helyett automatikusan felismerhess\u00fck \u00e9s j\u00f3v\u00e1hagyhassuk a tov\u00e1bbi hozz\u00e1sz\u00f3l\u00e1sokat.<\/p>\n<p>A weboldalunkon regisztr\u00e1l\u00f3 felhaszn\u00e1l\u00f3k eset\u00e9ben (ha vannak ilyenek) az \u00e1ltaluk megadott szem\u00e9lyes adatokat is t\u00e1roljuk a felhaszn\u00e1l\u00f3i profiljukban. Minden felhaszn\u00e1l\u00f3 b\u00e1rmikor megtekintheti, szerkesztheti vagy t\u00f6r\u00f6lheti szem\u00e9lyes adatait (kiv\u00e9ve, hogy a felhaszn\u00e1l\u00f3nev\u00e9t nem v\u00e1ltoztathatja meg). A weboldal adminisztr\u00e1torai is l\u00e1thatj\u00e1k \u00e9s szerkeszthetik ezeket az inform\u00e1ci\u00f3kat. A felhaszn\u00e1l\u00f3i fi\u00f3kok nem ker\u00fclnek deaktiv\u00e1l\u00e1sra vagy t\u00f6rl\u00e9sre.<\/p>\n<h3>Milyen jogai vannak az adatai felett<\/h3>\n<p>Ha van fi\u00f3kja ezen a webhelyen, vagy hozz\u00e1sz\u00f3l\u00e1sokat hagyott, k\u00e9rheti azt is, hogy t\u00f6r\u00f6lj\u00fck az \u00d6nr\u0151l t\u00e1rolt szem\u00e9lyes adatait. Ez nem vonatkozik azokra az adatokra, amelyeket adminisztrat\u00edv, jogi vagy biztons\u00e1gi okokb\u00f3l vagyunk k\u00f6telesek meg\u0151rizni.<\/p>\n<h3>Hov\u00e1 k\u00fcldj\u00fck az adatait<\/h3>\n<p>A l\u00e1togat\u00f3k hozz\u00e1sz\u00f3l\u00e1sait egy automatiz\u00e1lt spam-felismer\u0151 szolg\u00e1ltat\u00e1s ellen\u0151rizheti, de nem t\u00e1roljuk ott. M\u00e1sr\u00e9szt a weboldalunkon t\u00f6rt\u00e9n\u0151 b\u00f6ng\u00e9sz\u00e9si adatokat megosztjuk a Facebookkal \u00e9s a Google-lal az analitika \u00e9s szolg\u00e1ltat\u00e1saink fejleszt\u00e9se c\u00e9lj\u00e1b\u00f3l.<\/p>\n<h3 class=\" translation-block\">Az \u00d6n el\u00e9rhet\u0151s\u00e9gei<\/h3>\n<p>Felhaszn\u00e1l\u00f3ink hagyhatnak az oldalunkon el\u00e9rhet\u0151s\u00e9gi adatokat, ha regisztr\u00e1lnak a weboldalunkon, kapcsolatba l\u00e9pnek vel\u00fcnk e-mailben, vagy b\u00e1rmilyen term\u00e9ket rendelnek. Ezeket az el\u00e9rhet\u0151s\u00e9gi adatokat a jogi incidensek elker\u00fcl\u00e9se \u00e9rdek\u00e9ben \u0151rizz\u00fck meg.<\/p>\n<h2><\/h2>\n<h3>Hogyan v\u00e9dj\u00fck az \u00d6n adatait<\/h3>\n<p>Wordfence-t haszn\u00e1lunk, hogy megv\u00e9dj\u00fck szerver\u00fcnket \u00e9s felhaszn\u00e1l\u00f3ink szem\u00e9lyes adatait is a rosszindulat\u00fa t\u00e1mad\u00e1sokt\u00f3l. A weboldal minden tartalma titkos\u00edtott adatb\u00e1zisban t\u00e1rol\u00f3dik, amelyhez csak a rendszergazda f\u00e9rhet hozz\u00e1.\u00a0<\/p>\n<h3>Milyen harmadik felekt\u0151l kapunk adatokat<\/h3>\n<p>A Google-t\u00f3l \u00e9s a Facebook-t\u00f3l kapunk adatokat, hirdet\u00e9si c\u00e9lokra. Ezek az adatok anonimiz\u00e1ltak, \u00edgy nem tudjuk, hogy kinek rekl\u00e1mozzuk az oldalunkat, csak potenci\u00e1lis v\u00e1s\u00e1rl\u00f3k\u00e9nt ismerj\u00fck a sz\u0171r\u0151ink alapj\u00e1n.<\/p>[\/et_pb_text][\/et_pb_column][\/et_pb_row][\/et_pb_section]","protected":false},"excerpt":{"rendered":"","protected":false},"author":2,"featured_media":0,"parent":0,"menu_order":0,"comment_status":"closed","ping_status":"closed","template":"","meta":{"_et_pb_use_builder":"on","_et_pb_old_content":"<!-- wp:divi\/placeholder \/-->","_et_gb_content_width":""},"_links":{"self":[{"href":"https:\/\/redesignwithjulia.com\/hu\/wp-json\/wp\/v2\/pages\/530"}],"collection":[{"href":"https:\/\/redesignwithjulia.com\/hu\/wp-json\/wp\/v2\/pages"}],"about":[{"href":"https:\/\/redesignwithjulia.com\/hu\/wp-json\/wp\/v2\/types\/page"}],"author":[{"embeddable":true,"href":"https:\/\/redesignwithjulia.com\/hu\/wp-json\/wp\/v2\/users\/2"}],"replies":[{"embeddable":true,"href":"https:\/\/redesignwithjulia.com\/hu\/wp-json\/wp\/v2\/comments?post=530"}],"version-history":[{"count":0,"href":"https:\/\/redesignwithjulia.com\/hu\/wp-json\/wp\/v2\/pages\/530\/revisions"}],"wp:attachment":[{"href":"https:\/\/redesignwithjulia.com\/hu\/wp-json\/wp\/v2\/media?parent=530"}],"curies":[{"name":"wp","href":"https:\/\/api.w.org\/{rel}","templated":true}]}}