{"id":532,"date":"2021-05-31T11:47:06","date_gmt":"2021-05-31T09:47:06","guid":{"rendered":"https:\/\/redesignwithjulia.com\/?page_id=532"},"modified":"2021-09-17T15:47:38","modified_gmt":"2021-09-17T13:47:38","slug":"redesign-with-prima-romania-data-privacy","status":"publish","type":"page","link":"https:\/\/redesignwithjulia.com\/hu\/redesign-with-prima-romania-data-privacy\/","title":{"rendered":"Adatb\u00edztons\u00e1g"},"content":{"rendered":"[et_pb_section fb_built=&#8221;1&#8243; _builder_version=&#8221;4.9.2&#8243; _module_preset=&#8221;default&#8221;][et_pb_row _builder_version=&#8221;4.9.2&#8243; _module_preset=&#8221;default&#8221;][et_pb_column type=&#8221;4_4&#8243; _builder_version=&#8221;4.9.2&#8243; _module_preset=&#8221;default&#8221;][et_pb_text _builder_version=&#8221;4.9.2&#8243; _module_preset=&#8221;default&#8221;]<h2>GDPR<\/h2>\n<p>Ez a dokumentum mag\u00e1ba foglalja a <a href=\"https:\/\/redesignwithjulia.com\/hu\/\">http:\/\/redesignwithjulia.com<\/a> weboldalon gy\u0171jt\u00f6tt inform\u00e1ci\u00f3kat mint Jakab \u00c1gota-J\u00falia I.I. (a feldolgoz\u00f3), amelyet \u00f6n szolg\u00e1ltat (mint l\u00e1togat\u00f3), az elektronikus bolton kereszt\u00fcl (weboldal \u2013 <a href=\"https:\/\/redesignwithjulia.com\/hu\/\">http:\/\/redesignwithjulia.com<\/a>).<\/p>\n<p>&nbsp;<\/p>\n<p><span style=\"color: #333333; font-family: Nunito, Helvetica, Arial, Lucida, sans-serif; font-size: 26px;\">Milyen inform\u00e1ci\u00f3kat gy\u0171jt\u00fcnk<\/span><\/p>\n<p>In addition to the information you provide, Jakab \u00c1gota-J\u00falia I.I. may collect information through automatic data collection tools (cookies), while you use Jakab \u00c1gota-J\u00falia I.I., web-based application. For the technical operation of the website, Jakab \u00c1gota-J\u00falia I.I. uses the following automatically generated information, which does not contain personal data:<\/p>\n<ul>\n<li style=\"list-style-type: none;\">\n<ul>\n<li style=\"list-style-type: none;\">\n<ul>\n<li>a sz\u00e1m\u00edt\u00f3g\u00e9p internetprotokoll-c\u00edme (IP-c\u00edme)<\/li>\n<li>a sz\u00e1m\u00edt\u00f3g\u00e9p internetprotokoll-c\u00edme (IP-c\u00edme), domain-n\u00e9v (URL),<\/li>\n<li>a hozz\u00e1f\u00e9r\u00e9s adatai,<\/li>\n<li>az \u00fcgyf\u00e9l file lek\u00e9r\u00e9s (mely oldalakat tekint meg \u00e9s milyen hivatkoz\u00e1sokra kattint r\u00e1)),<\/li>\n<li>a HTTP v\u00e1laszk\u00f3d,<\/li>\n<li>a weboldal adatai ahonnan a lek\u00e9r\u00e9s t\u00f6rt\u00e9nt,<\/li>\n<li>a l\u00e1togat\u00e1s alatt fogyasztott b\u00e1jtok mennyis\u00e9ge,<\/li>\n<li>a l\u00e1togat\u00e1s id\u0151pontja<\/li>\n<li>a megtekintett oldalak adatai<\/li>\n<li>a haszn\u00e1lt oper\u00e1ci\u00f3s rendszer amelyr\u0151l hozz\u00e1f\u00e9rtek a weboldalhoz<\/li>\n<li>a haszn\u00e1lt b\u00f6ng\u00e9sz\u0151program t\u00edpusa \u00e9s nyelve.<\/li>\n<\/ul>\n<\/li>\n<\/ul>\n<\/li>\n<\/ul>\n<h1><span style=\"font-size: x-large;\">Mi\u00e9rt van sz\u00fcks\u00e9g\u00fcnk ezen adatokra?<\/span><\/h1>\n<p>Sz\u00fcks\u00e9g\u00fcnk van az \u00fcgyf\u00e9l adataira ahhoz, hogy a k\u00f6vetkez\u0151(ke)t b\u00edztos\u00edthassuk:<\/p>\n<ul>\n<li style=\"list-style-type: none;\">\n<ul>\n<li style=\"list-style-type: none;\">\n<ul>\n<li>Csal\u00e1dn\u00e9v, keresztn\u00e9v, c\u00edm \u00e9s telefonsz\u00e1m sz\u00e1ml\u00e1z\u00e1s \u00e9s post\u00e1z\u00e1s \u00e9rdek\u00e9ben a felhaszn\u00e1l\u00f3 \u00e1ltal megv\u00e1s\u00e1rolt javak \u00e9rtelm\u00e9ben.<\/li>\n<li>Az email c\u00edm \u00e9s a rendel\u00e9si c\u00edm a megv\u00e1s\u00e1rolt javak kisz\u00e1ll\u00edt\u00e1s\u00e1hoz illetve azok egyeztet\u00e9s\u00e9hez sz\u00fcks\u00e9ges.<\/li>\n<li>Email c\u00edm \u00e9s jelsz\u00f3 a felhaszn\u00e1l\u00f3 v\u00e9delm\u00e9r\u0151l val\u00f3 b\u00edztos\u00edt\u00e1sa arr\u00f3l, hogy egy\u00fcl \u0151 rendelkezik egy azon felhaszn\u00e1l\u00f3i profillal mely tartalmazza a demogr\u00e1fiai illetve m\u00e1s szem\u00e9lyes adatokat.<\/li>\n<li>Az oldalon megadott telefonsz\u00e1mon val\u00f3 besz\u00e9lget\u00e9s r\u00f6gz\u00edt\u00e9sre ker\u00fclhet k\u00e9s\u0151bbi probl\u00e9m\u00e1k elker\u00fcl\u00e9se \u00e9rtelm\u00e9ben. Ilyen alkalommal \u00e9rtes\u00edtve lesznek a telefonh\u00edv\u00e1s id\u0151tartama alatt err\u0151l az esem\u00e9nyr\u0151l.<\/li>\n<\/ul>\n<\/li>\n<\/ul>\n<\/li>\n<\/ul>\n<h1><span style=\"font-size: x-large;\">Mit kezd\u00fcnk ezen adatokkal<\/span><\/h1>\n<p>Az adatok egy rom\u00e1niai weboldal \u00e9s t\u00e1rhely szolg\u00e1ltat\u00f3n\u00e1l vannak t\u00e1rolva virtu\u00e1lis szerveren a weboldallal egy\u00fctt.<\/p>\n<p>Esetenk\u00e9nt a felhaszn\u00e1l\u00f3 \u00e1ltal megadott adatok k\u00f6z\u00f6lve lehetnek bizonyos rendszerekkel (postai szolg\u00e1ltat\u00e1sok, <a href=\"https:\/\/redesignwithjulia.com\/hu\/\">http:\/\/redesignwithjulia.com<\/a> alkalmazottjaival) a v\u00e1s\u00e1rl\u00e1sok lebonyol\u00edt\u00e1sa \u00e9rdek\u00e9ben.<\/p>\n<p>M\u00f3dunkban \u00e1ll illet\u00e9kes hat\u00f3s\u00e1goknak kiadni a k\u00e9rt szem\u00e9lyek adatait ha azok k\u00e9relmezik nyom\u00f3s indokkal.<\/p>\n<h2><span style=\"font-size: x-large;\">Mennyi ideig t\u00e1roljuk az adatokat<\/span><\/h2>\n<p>Az \u00f6sszes felhaszn\u00e1l\u00f3hoz tartoz\u00f3 szem\u00e9lyes adat t\u00f6rl\u00e9sre ker\u00fcl 3 \u00e9v ut\u00e1n, viszont a t\u00f6bbi nem szem\u00e9lyes adat (p\u00e9ld\u00e1ul v\u00e1s\u00e1rolt term\u00e9k csomag) statisztikai \u00e9s strat\u00e9giai felhaszn\u00e1l\u00e1sra ker\u00fclnek \u00e9s nem lesznek t\u00f6r\u00f6lve.<\/p>\n<p>&nbsp;<\/p>[\/et_pb_text][\/et_pb_column][\/et_pb_row][\/et_pb_section]","protected":false},"excerpt":{"rendered":"","protected":false},"author":2,"featured_media":0,"parent":0,"menu_order":0,"comment_status":"closed","ping_status":"closed","template":"","meta":{"_et_pb_use_builder":"on","_et_pb_old_content":"<!-- wp:divi\/placeholder \/-->","_et_gb_content_width":""},"_links":{"self":[{"href":"https:\/\/redesignwithjulia.com\/hu\/wp-json\/wp\/v2\/pages\/532"}],"collection":[{"href":"https:\/\/redesignwithjulia.com\/hu\/wp-json\/wp\/v2\/pages"}],"about":[{"href":"https:\/\/redesignwithjulia.com\/hu\/wp-json\/wp\/v2\/types\/page"}],"author":[{"embeddable":true,"href":"https:\/\/redesignwithjulia.com\/hu\/wp-json\/wp\/v2\/users\/2"}],"replies":[{"embeddable":true,"href":"https:\/\/redesignwithjulia.com\/hu\/wp-json\/wp\/v2\/comments?post=532"}],"version-history":[{"count":0,"href":"https:\/\/redesignwithjulia.com\/hu\/wp-json\/wp\/v2\/pages\/532\/revisions"}],"wp:attachment":[{"href":"https:\/\/redesignwithjulia.com\/hu\/wp-json\/wp\/v2\/media?parent=532"}],"curies":[{"name":"wp","href":"https:\/\/api.w.org\/{rel}","templated":true}]}}