{"id":534,"date":"2021-05-31T11:47:33","date_gmt":"2021-05-31T09:47:33","guid":{"rendered":"https:\/\/redesignwithjulia.com\/?page_id=534"},"modified":"2022-01-26T17:05:19","modified_gmt":"2022-01-26T15:05:19","slug":"redesign-with-prima-romania-terms-and-conditions","status":"publish","type":"page","link":"https:\/\/redesignwithjulia.com\/hu\/redesign-with-prima-romania-terms-and-conditions\/","title":{"rendered":"Felhaszn\u00e1l\u00f3i felt\u00e9telek"},"content":{"rendered":"<p>[et_pb_section fb_built=&#8221;1&#8243; _builder_version=&#8221;4.9.2&#8243; _module_preset=&#8221;default&#8221;][et_pb_row _builder_version=&#8221;4.9.2&#8243; _module_preset=&#8221;default&#8221;][et_pb_column type=&#8221;4_4&#8243; _builder_version=&#8221;4.9.2&#8243; _module_preset=&#8221;default&#8221;][et_pb_text _builder_version=&#8221;4.9.2&#8243; _module_preset=&#8221;default&#8221;]<\/p>\n<h2>Felhaszn\u00e1l\u00f3i felt\u00e9telek<\/h2>\n<p>&nbsp;<\/p>\n<p>[\/et_pb_text][et_pb_text _builder_version=&#8221;4.9.2&#8243; _module_preset=&#8221;default&#8221; hover_enabled=&#8221;0&#8243; sticky_enabled=&#8221;0&#8243;]<\/p>\n<h3><span><strong>C\u00e9ges adatok:<\/strong><\/span><\/h3>\n<p><span><strong>Jakab \u00c1gota-J\u00falia I.I.<\/strong> - egy szem\u00e9lyes v\u00e1llalkoz\u00e1s<\/span><\/p>\n<p>Rom\u00e1niai regisztr\u00e1ci\u00f3s kulcs: 43814827<\/p>\n<p><span>C\u00edm: Municipiul Gheorgheni, Strada Spitalului, Bloc IPEG, Ap. 7, Judet Harghita<\/span><\/p>\n<p><span>Banksz\u00e1mlasz\u00e1m:\u00a0 RO80RZBR0000060022483359 \u2013 RAIFFEISEN BANK<\/span><\/p>\n<p><span>Tel.: +40740 &#8211; 253 &#8211; 901<\/span><\/p>\n<p>E-mail c\u00edm: <a href=\"mailto:contact@redesignwithjulia.com\">contact@redesignwithjulia.com<\/a><a href=\"mailto:hello@agostonannamary.hu\"><\/a><\/p>\n<p>&nbsp;<\/p>\n<h3><span>Rendel\u00e9s visszavon\u00e1sa<\/span><\/h3>\n<p>A 34\/2015-\u00f6s korm\u00e1nyrendelet \u00e9rtelm\u00e9ben b\u00e1rmely vev\u0151nek joga van 14 napt\u00e1ri napon bel\u00fcl indokl\u00e1s n\u00e9lk\u00fcl el\u00e1llni a v\u00e1s\u00e1rl\u00e1st\u00f3l vagy a szerz\u0151d\u00e9s megk\u00f6t\u00e9s\u00e9t\u0151l.\nAz el\u00e1ll\u00e1si hat\u00e1rid\u0151 az att\u00f3l a napt\u00f3l sz\u00e1m\u00edtott 14 napt\u00e1ri nap v\u00e9g\u00e9n j\u00e1r le, amikor a vev\u0151 vagy a vev\u0151 \u00e1ltal kijel\u00f6lt harmadik szem\u00e9ly (aki nem a sz\u00e1ll\u00edt\u00f3) a term\u00e9ket fizikailag birtokba vette.<\/p>\n<p>A fent eml\u00edtett el\u00e1ll\u00e1si jog gyakorl\u00e1s\u00e1hoz sz\u00fcks\u00e9ges, hogy a vev\u0151 t\u00e1j\u00e9koztasson minket az el\u00e1ll\u00e1si sz\u00e1nd\u00e9k\u00e1r\u00f3l. E c\u00e9lb\u00f3l k\u00e9rj\u00fck, vegye fel vel\u00fcnk a kapcsolatot ezen az oldalon. A hat\u00e1rid\u0151 betart\u00e1s\u00e1hoz elegend\u0151, ha a t\u00e1j\u00e9koztat\u00e1s a hat\u00e1rid\u0151 lej\u00e1rta el\u0151tt megt\u00f6rt\u00e9nik.<\/p>\n<p><span><\/span><\/p>\n<p><span><\/span><\/p>\n<div class=\"et_pb_module et_pb_text et_pb_text_0  et_pb_text_align_left et_pb_bg_layout_light\">\n<div class=\"et_pb_text_inner\">\n<h2>A visszavon\u00e1s k\u00f6vetkezm\u00e9nyei<\/h2>\n<p>Ha \u00fagy d\u00f6nt, hogy el\u00e1ll a v\u00e1s\u00e1rl\u00e1st\u00f3l, c\u00e9g\u00fcnk indokolatlan k\u00e9sedelem n\u00e9lk\u00fcl visszat\u00e9r\u00edti \u00d6nnek a kifizetett \u00f6sszeget, amely tartalmazza a sz\u00e1ll\u00edt\u00e1si k\u00f6lts\u00e9geket (Rom\u00e1ni\u00e1ban). A visszafizet\u00e9s minden esetben legfeljebb 14 napt\u00e1ri napon bel\u00fcl t\u00f6rt\u00e9nik, a szerz\u0151d\u00e9st\u0151l val\u00f3 el\u00e1ll\u00e1si k\u00e9relemr\u0151l sz\u00f3l\u00f3 \u00e9rtes\u00edt\u00e9st\u0151l sz\u00e1m\u00edtott 14 napt\u00e1ri napon bel\u00fcl.<\/p>\n<p>Ha az \u00fcgyf\u00e9l nem egyezik bele, vagy m\u00e1sk\u00e9pp k\u00e9ri, a visszafizet\u00e9s eszk\u00f6ze ugyanaz lesz, mint a fizet\u00e9sre haszn\u00e1lt eszk\u00f6z. \u00cdgy, ha \u00d6n fizet\u00e9si k\u00f6telezetts\u00e9g\u00e9t banki tranzakci\u00f3val teljes\u00edtette, t\u00e1rsas\u00e1gunk a banki tranzakci\u00f3val kifizetett \u00f6sszeget is visszafizeti \u00d6nnek. Minden esetben a visszavon\u00e1s k\u00f6vetkezm\u00e9nyei nem j\u00e1rnak tov\u00e1bbi k\u00f6lts\u00e9gekkel.<\/p>\n<p>A visszat\u00e9r\u00edt\u00e9st elhalaszthatjuk mindaddig, am\u00edg a term\u00e9ket vissza nem k\u00fcldi hozz\u00e1nk, vagy am\u00edg \u00d6n nem szolg\u00e1ltat bizony\u00edt\u00e9kot a term\u00e9k visszak\u00fcld\u00e9s\u00e9r\u0151l. E k\u00e9t id\u0151pont k\u00f6z\u00fcl a legk\u00f6zelebbi id\u0151pont \u00e9lvez els\u0151bbs\u00e9get. K\u00e9rj\u00fck, hogy az el\u00e1ll\u00e1si sz\u00e1nd\u00e9kr\u00f3l sz\u00f3l\u00f3 \u00e9rtes\u00edt\u00e9st\u0151l sz\u00e1m\u00edtott 14 napon bel\u00fcl indokolatlan k\u00e9sedelem n\u00e9lk\u00fcl k\u00fcldje vissza a term\u00e9ket hozz\u00e1nk vagy adja \u00e1t k\u00f6zvetlen\u00fcl nek\u00fcnk.<\/p>\n<p>A csomag visszak\u00fcld\u00e9se eset\u00e9n a sz\u00e1ll\u00edt\u00e1si k\u00f6lts\u00e9get a v\u00e1s\u00e1rl\u00f3nak kell viselnie. a visszat\u00e9r\u00edt\u00e9si hat\u00e1rid\u0151 szerint a v\u00e1s\u00e1rl\u00f3nak a k\u00e9zhezv\u00e9telt\u0151l sz\u00e1m\u00edtott 14 nap \u00e1ll rendelkez\u00e9s\u00e9re, hogy a megrendelt term\u00e9keket visszak\u00fcldje hozz\u00e1nk.<\/p>\n<p>Ebben az \u00e9rtelemben a term\u00e9k(ek) \u00e1tv\u00e9tel\u00e9t\u0151l sz\u00e1m\u00edtott 14 napon bel\u00fcl el\u00e1llhatnak a v\u00e1s\u00e1rl\u00e1st\u00f3l an\u00e9lk\u00fcl, hogy b\u00e1rmilyen szankci\u00f3t vagy ind\u00edt\u00e9kot alkalmazn\u00e1nak.<\/p>\n<p>A v\u00e1s\u00e1rl\u00e1st\u00f3l val\u00f3 visszaszerz\u00e9shez el\u0151sz\u00f6r az oldal fejl\u00e9c\u00e9ben felt\u00fcntetett el\u00e9rhet\u0151s\u00e9gek egyik\u00e9vel kell kommunik\u00e1lni (+40740-253-901\/ contact@redesignwithjulia.com).<\/p>\n<\/div>\n<\/div>\n<div class=\"et_pb_module et_pb_text et_pb_text_2  et_pb_text_align_left et_pb_bg_layout_light\">\n<div class=\"et_pb_text_inner\">\n<p><span><\/span><\/p>\n<p><span><\/span><\/p>\n<\/div>\n<\/div>\n<h2>Sz\u00e1ll\u00edt\u00e1s \u00e9s k\u00f6lts\u00e9gek<\/h2>\n<p>A megjelen\u00edtett term\u00e9kek \u00e1ra tartalmazza a TVA-t.<\/p>\n<p>A term\u00e9kek \u00e1ra nem tartalmazza a sz\u00e1ll\u00edt\u00e1si k\u00f6lts\u00e9geket. A sz\u00e1ll\u00edt\u00e1si k\u00f6lts\u00e9g a fizet\u00e9skor jelenik meg a rendel\u00e9si c\u00edm alapj\u00e1n.<\/p>\n<p>Nincs ingyenes sz\u00e1ll\u00edt\u00e1s. Kiv\u00e9telt k\u00e9pez a szem\u00e9lyes \u00e1tv\u00e9tel el\u0151zetes egyeztet\u00e9s alapj\u00e1n, ebben az esetben nincs postak\u00f6lts\u00e9g.<\/p>\n<p>A k\u00e9zbes\u00edt\u00e9s fut\u00e1rral, postai k\u00e9zbes\u00edt\u00e9ssel vagy szem\u00e9lyes tal\u00e1lkoz\u00e1ssal lehets\u00e9ges:<\/p>\n<ul>\n<li>Szem\u00e9lyes, el\u0151re egyeztetett \u00e1tv\u00e9tel eset\u00e9n Hargita megy\u00e9ben nincs sz\u00e1ll\u00edt\u00e1si d\u00edj.<\/li>\n<li>A csomagok fut\u00e1rral \u00e9s postai k\u00e9zbes\u00edt\u00e9ssel t\u00f6rt\u00e9n\u0151 k\u00fcld\u00e9se az orsz\u00e1gt\u00f3l, a megrendelt term\u00e9kek s\u00faly\u00e1t\u00f3l \u00e9s fontoss\u00e1g\u00e1t\u00f3l f\u00fcgg.<\/li>\n<li>A fut\u00e1r haszn\u00e1lata a FanCourier, Cargus, SameDay vagy m\u00e1s hasonl\u00f3 rendszer haszn\u00e1lat\u00e1t jelenti.<\/li>\n<li>A sz\u00e1ll\u00edt\u00e1si k\u00f6lts\u00e9g t\u00f6bb t\u00e9nyez\u0151t\u0151l f\u00fcgg. Seg\u00edts\u00e9g ennek kisz\u00e1m\u00edt\u00e1s\u00e1hoz: link<\/li>\n<\/ul>\n<p>A munkaprogramot k\u00f6vet\u0151en a megv\u00e1s\u00e1rolt term\u00e9keket egy csomagban, 12 \u00f3r\u00e1n bel\u00fcl egy adott c\u00edmre sz\u00e1ll\u00edtj\u00e1k t\u00f6bb megrendel\u00e9s eset\u00e9n, ez\u00e1ltal a v\u00e1s\u00e1rl\u00f3 v\u00e1llalja a teljes postak\u00f6lts\u00e9get.<\/p>\n<p>Abban az esetben, ha az \u00fcgyf\u00e9l megrendel\u00e9se nagyobb, mint az adott term\u00e9k k\u00e9szletk\u00e9szlete, akkor az \u00fcgyf\u00e9l k\u00e9r\u00e9s\u00e9re e-mailben vagy telefonos egyeztet\u00e9s ut\u00e1n k\u00fcl\u00f6n-k\u00fcl\u00f6n vagy csomagban k\u00fcldj\u00fck a megrendel\u00e9st, ami term\u00e9szetesen a k\u00e9szlet felt\u00f6lt\u00e9si idej\u00e9t is mag\u00e1ban foglalja, ami 2 napt\u00f3l 2 h\u00e9tig terjed\u0151 intervallum.<\/p>\n<p>A csomagk\u00fcld\u00e9si szolg\u00e1ltat\u00e1sok Rom\u00e1ni\u00e1n k\u00edv\u00fcl a c\u00edmzett orsz\u00e1gt\u00f3l, a s\u00falyt\u00f3l \u00e9s a term\u00e9kkateg\u00f3ri\u00e1t\u00f3l f\u00fcgg\u0151en v\u00e1ltozhatnak. A k\u00fcld\u00e9s k\u00f6lts\u00e9g\u00e9t a v\u00e1s\u00e1rl\u00f3nak kell fizetnie, az oldalon t\u00f6rt\u00e9n\u0151 fizet\u00e9s nem tartalmazza.<\/p>\n<p>Nem tudjuk garant\u00e1lni, hogy a megrendel\u00e9s\u00e9t a honlapon b\u00e1rmikor. Ez a probl\u00e9ma emberi hiba miatt van! Ilyen esetekben igyeksz\u00fcnk a lehet\u0151 leghamarabb \u00e9rtes\u00edteni az \u00fcgyfelet, \u00e9s ha a fizet\u00e9s online t\u00f6rt\u00e9nt, az \u00f6sszeget visszat\u00e9r\u00edtj\u00fck. El\u0151fordulhat, hogy egyes term\u00e9kek nincsenek rakt\u00e1ron a megrendelt mennyis\u00e9gben, m\u00e9g akkor sem, ha a weboldalon ez l\u00e1that\u00f3.<\/p>\n<p>A felt\u00fcntetett sz\u00e1ll\u00edt\u00e1si id\u0151intervallumok nem csak t\u0151l\u00fcnk, hanem a post\u00e1t\u00f3l vagy az egyeztetett szem\u00e9lyes \u00e1tv\u00e9tel id\u0151pontj\u00e1t\u00f3l is f\u00fcggnek.<\/p>\n<p>Minden visszajelz\u00e9s csak jav\u00edtja rendszer\u00fcnket \u00e9s m\u0171k\u00f6d\u00e9s\u00fcnket. A probl\u00e9mamegold\u00e1sok ugyanazok.<\/p>\n<p>&nbsp;<\/p>\n<h2>Aj\u00e1nd\u00e9kk\u00e1rty\u00e1k \/ utalv\u00e1nyok<\/h2>\n<p>Az aj\u00e1nd\u00e9kk\u00e1rty\u00e1k nem szem\u00e9lyhez k\u00f6t\u00f6ttek, ez\u00e9rt \u00e1tadhat\u00f3k m\u00e1soknak. Az aj\u00e1nd\u00e9kutalv\u00e1ny nyilv\u00e1noss\u00e1gra hozatala tilos!<\/p>\n<p>Az aj\u00e1nd\u00e9kk\u00e1rtya k\u00f3dok mennyis\u00e9ge korl\u00e1tozott, nem v\u00e9gtelen. Ez azt jelenti, hogy ha az \u00fcgyf\u00e9l a v\u00e1s\u00e1rl\u00e1skor szeretn\u00e9 felhaszn\u00e1lni, de nincs t\u00f6bb aj\u00e1nd\u00e9kk\u00e1rtya-k\u00f3d a k\u00e9szleten, a weboldal nem ad kedvezm\u00e9nyt, \u00edgy a rendel\u00e9s csak kedvezm\u00e9ny n\u00e9lk\u00fcl adhat\u00f3 le, kiv\u00e9ve, ha van m\u00e1s aj\u00e1nd\u00e9kk\u00e1rtya az \u00fcgyf\u00e9l birtok\u00e1ban.<\/p>\n<p>&nbsp;<\/p>\n<h2>Panasz<\/h2>\n<p>B\u00e1rmilyen panaszt a contact@redesignwithjulia.com e-mail c\u00edmre v\u00e1runk. <a href=\"mailto:contact@redesignwithjulia.com\">contact@redesignwithjulia.com<\/a>.<\/p>\n<h3><\/h3>\n<h3><\/h3>\n<h3><\/h3>\n<h3><\/h3>\n<h2>Tartalom. Szerz\u0151i jog<\/h2>\n<p>Az oldalon tal\u00e1lhat\u00f3 k\u00e9pek \u00e9s le\u00edr\u00e1sok \u00fatmutat\u00f3k \u00e9s p\u00e9ld\u00e1k. Igyeksz\u00fcnk minden term\u00e9ket a lehet\u0151 legjobban megjelen\u00edteni az oldalon tal\u00e1lhat\u00f3 megjelen\u00edt\u00e9ssel, de el\u0151fordulhatnak apr\u00f3 elt\u00e9r\u00e9sek.  Az ezen az oldalon tal\u00e1lhat\u00f3 vagy m\u00e1r sz\u00e1ll\u00edtott tulajdon m\u00e1sol\u00e1sa b\u00e1rmilyen form\u00e1ban illeg\u00e1lis, \u00e9s az ilyen cselekm\u00e9nyek\u00e9rt j\u00e1r\u00f3 b\u00fcntet\u00e9seket a b\u00edr\u00f3s\u00e1g fogja kiszabni. Az ezen az oldalon tal\u00e1lhat\u00f3 term\u00e9kek \u00e9s azok grafikai munk\u00e1i annak a b\u00edr\u00f3s\u00e1gnak a birtok\u00e1ban vannak, amelyiknek ez a weboldal teljes k\u00f6r\u0171 haszn\u00e1latot biztos\u00edt.<\/p>\n<p>A\u00a0<a href=\"https:\/\/ssl.microsofttranslator.com\/bv.aspx?ref=TAns&amp;from=&amp;to=en&amp;a=http:\/\/redesignwithjulia.com\">http:\/\/redesignwithjulia.com<\/a>\u00a0Jakab \u00c1gota-J\u00falia \u00e9s tev\u00e9kenys\u00e9g\u00e9t saj\u00e1t maga k\u00e9pviseli. Az oldal vezet\u00e9se nincs k\u0151be v\u00e9sve, ez\u00e9rt szeretn\u00e9nk felsorolni n\u00e9h\u00e1ny prefer\u00e1lt dolgot:<\/p>\n<p>1. Az oldalon megjelen\u0151 \u00f6sszes sz\u00f6veg az oldal tulajdonos\u00e1nak munk\u00e1ja. Az oldal tartalm\u00e1nak m\u00e1sol\u00e1sa \u00e9s teljes k\u00f6zz\u00e9t\u00e9tele csak a szerz\u0151 hozz\u00e1j\u00e1rul\u00e1s\u00e1val enged\u00e9lyezett.<\/p>\n<p>2. Min\u00e9l nagyobb hangs\u00falyt fektet\u00fcnk erre a t\u00e9nyre, ann\u00e1l kultur\u00e1ltabb lesz az oldal \u00f6sszk\u00e9pe. Igyeksz\u00fcnk meg\u00e9rt\u0151ek lenni azokkal szemben, akik nem besz\u00e9lnek magyarul \/ rom\u00e1nul \/ angolul.<\/p>\n<p>3. Szeretn\u00e9nk, ha minden megkeres\u00e9s vagy hozz\u00e1sz\u00f3l\u00e1s az oldallal \u00e9s annak term\u00e9keivel kapcsolatos lenne. Nem vagyunk felel\u0151sek a felhaszn\u00e1l\u00f3k \u00e1ltal hagyott megjegyz\u00e9sek\u00e9rt vagy megjegyz\u00e9sek\u00e9rt. A megjegyz\u00e9sek \u00e9s v\u00e9lem\u00e9nyek a felhaszn\u00e1l\u00f3k v\u00e9lem\u00e9ny\u00e9t t\u00fckr\u00f6zik, amennyiben nem t\u00e9m\u00e1n k\u00edv\u00fcliek.<\/p>\n<p>4. Az ellenszenves, s\u00e9rt\u0151 hangv\u00e9tel\u0171, a fent eml\u00edtett z\u00e1rad\u00e9koknak nem megfelel\u0151 vagy t\u00e9m\u00e1n k\u00edv\u00fcli megjegyz\u00e9seket t\u00f6r\u00f6lhetj\u00fck.<\/p>\n<p>5. Nem hagyunk j\u00f3v\u00e1 olyan hozz\u00e1sz\u00f3l\u00e1st, amely egy m\u00e1sik oldalra ir\u00e1ny\u00edt.<\/p>\n<p>6. Szeretn\u00e9nk, ha az \u00e1ltalunk k\u00e9pviselt eszm\u00e9k a lehet\u0151 legpontosabban lenn\u00e9nek meghat\u00e1rozva alkalmaz\u00e1suk sor\u00e1n, de az emberi hiba vagy szubjektivit\u00e1s megengedett.<\/p>\n<p>7. K\u00e9rj\u00fck, hogy minden probl\u00e9m\u00e1t \u00e9s \u00f6tletet jelezzen, mivel \u00edgy jav\u00edthatjuk szolg\u00e1ltat\u00e1sainkat. Ezt megteheti e-mailben, amelyet a Kapcsolat oldalon tal\u00e1l.<\/p>\n<p>[\/et_pb_text][\/et_pb_column][\/et_pb_row][\/et_pb_section]<\/p>","protected":false},"excerpt":{"rendered":"<p>[et_pb_section fb_built=&#8221;1&#8243; _builder_version=&#8221;4.9.2&#8243; _module_preset=&#8221;default&#8221;][et_pb_row _builder_version=&#8221;4.9.2&#8243; _module_preset=&#8221;default&#8221;][et_pb_column type=&#8221;4_4&#8243; _builder_version=&#8221;4.9.2&#8243; _module_preset=&#8221;default&#8221;][et_pb_text _builder_version=&#8221;4.9.2&#8243; _module_preset=&#8221;default&#8221;] Terms and conditions &nbsp; [\/et_pb_text][et_pb_text _builder_version=&#8221;4.9.2&#8243; _module_preset=&#8221;default&#8221; hover_enabled=&#8221;0&#8243; sticky_enabled=&#8221;0&#8243;] Company details: Jakab \u00c1gota-J\u00falia I.I. \u2013 one person company Company registration key: 43814827 Address: Municipiul Gheorgheni, Strada Spitalului, Bloc IPEG, Ap. 7, Judet Harghita Bank Account:\u00a0 RO80RZBR0000060022483359 &#8211; RAIFFEISEN BANK Tel.: +40740 &#8211; 253 &#8211; [&hellip;]<\/p>","protected":false},"author":2,"featured_media":0,"parent":0,"menu_order":0,"comment_status":"closed","ping_status":"closed","template":"","meta":{"_et_pb_use_builder":"on","_et_pb_old_content":"<!-- wp:divi\/placeholder \/-->","_et_gb_content_width":""},"_links":{"self":[{"href":"https:\/\/redesignwithjulia.com\/hu\/wp-json\/wp\/v2\/pages\/534"}],"collection":[{"href":"https:\/\/redesignwithjulia.com\/hu\/wp-json\/wp\/v2\/pages"}],"about":[{"href":"https:\/\/redesignwithjulia.com\/hu\/wp-json\/wp\/v2\/types\/page"}],"author":[{"embeddable":true,"href":"https:\/\/redesignwithjulia.com\/hu\/wp-json\/wp\/v2\/users\/2"}],"replies":[{"embeddable":true,"href":"https:\/\/redesignwithjulia.com\/hu\/wp-json\/wp\/v2\/comments?post=534"}],"version-history":[{"count":2,"href":"https:\/\/redesignwithjulia.com\/hu\/wp-json\/wp\/v2\/pages\/534\/revisions"}],"predecessor-version":[{"id":1361,"href":"https:\/\/redesignwithjulia.com\/hu\/wp-json\/wp\/v2\/pages\/534\/revisions\/1361"}],"wp:attachment":[{"href":"https:\/\/redesignwithjulia.com\/hu\/wp-json\/wp\/v2\/media?parent=534"}],"curies":[{"name":"wp","href":"https:\/\/api.w.org\/{rel}","templated":true}]}}