{"id":638,"date":"2021-06-04T07:11:05","date_gmt":"2021-06-04T05:11:05","guid":{"rendered":"https:\/\/redesignwithjulia.com\/?page_id=638"},"modified":"2021-09-17T15:43:28","modified_gmt":"2021-09-17T13:43:28","slug":"redesign-with-prima-romania-decor-transfers-dos-donts","status":"publish","type":"page","link":"https:\/\/redesignwithjulia.com\/hu\/redesign-with-prima-romania-decor-transfers-dos-donts\/","title":{"rendered":"Dekor transzferek: lehet \/ nem lehet"},"content":{"rendered":"[et_pb_section fb_built=&#8221;1&#8243; _builder_version=&#8221;4.9.2&#8243; _module_preset=&#8221;default&#8221;][et_pb_row _builder_version=&#8221;4.9.2&#8243; _module_preset=&#8221;default&#8221;][et_pb_column type=&#8221;4_4&#8243; _builder_version=&#8221;4.9.2&#8243; _module_preset=&#8221;default&#8221;][et_pb_post_title meta=&#8221;off&#8221; featured_image=&#8221;off&#8221; _builder_version=&#8221;4.9.2&#8243; _module_preset=&#8221;default&#8221; title_text_align=&#8221;center&#8221; sticky_enabled=&#8221;0&#8243;][\/et_pb_post_title][et_pb_text _builder_version=&#8221;4.9.2&#8243; _module_preset=&#8221;default&#8221; text_line_height=&#8221;1.8em&#8221; hover_enabled=&#8221;0&#8243; text_font_size=&#8221;16px&#8221; text_letter_spacing=&#8221;1px&#8221; sticky_enabled=&#8221;0&#8243;]<p>- Kezdetben ne felejtse el elt\u00e1vol\u00edtani a feh\u00e9r h\u00e1tlapot, miel\u0151tt elkezden\u00e9 a dekor transzfer felragaszt\u00e1s\u00e1t, a transzferek gyorsan tapadnak, ha egyszer m\u00e1r felragasztott\u00e1k \u0151ket, nem lehet elmozd\u00edtani. Gy\u0151z\u0151dj\u00f6n meg r\u00f3la, hogy a megfelel\u0151 poz\u00edci\u00f3ba helyezi, miel\u0151tt elt\u00e1vol\u00edtja a h\u00e1tlapot \u00e9s elhelyezi a projektj\u00e9n.<br \/>- Javasoljuk, hogy a dekor transzfereket a projektre val\u00f3 felhelyez\u00e9s ut\u00e1n pecs\u00e9telje le, kiv\u00e9ve az \u00fcvegeket\/t\u00fckr\u00f6ket. B\u00e1r nincs prefer\u00e1lt t\u00f6m\u00edt\u0151anyagunk, b\u00e1rmilyen v\u00edzb\u00e1zis\u00fa t\u00f6m\u00edt\u0151anyag m\u0171k\u00f6dik, bele\u00e9rtve a polikrist\u00e1lyt is. A viasz nem rontja a dekor transzfereket. Nem aj\u00e1nljuk az olaj alap\u00fa t\u00f6m\u00edt\u0151anyagokat, mivel azok t\u00f6nkretehetik a transzfereket.<br \/>- \u00dcvegre vagy t\u00fck\u00f6rre t\u00f6rt\u00e9n\u0151 felvitelkor ne haszn\u00e1ljon vegyszereket vagy durva tiszt\u00edt\u00f3szereket, mivel ezek befoly\u00e1solhatj\u00e1k a transzfer felvitel\u00e9t.<br \/>- A dekor transzferek felvitel\u00e9vel v\u00e1rjon legal\u00e1bb 24 \u00f3r\u00e1t b\u00e1rmely darab fest\u00e9se ut\u00e1n. Gy\u0151z\u0151dj\u00f6n meg r\u00f3la, hogy a fel\u00fclet tiszta, \u00e9s hogy a tiszt\u00edt\u00f3szer maradv\u00e1nyait elt\u00e1vol\u00edtotta, hogy a transzfer sim\u00e1bb legyen \u00e9s k\u00f6nnyebben tapadjon.<br \/>- A transzfer felvitele el\u0151tt mindenk\u00e9ppen t\u00e1vol\u00edtson el minden port vagy csiszol\u00f3port a projektr\u0151l. A fel\u00fcleten l\u00e9v\u0151 por megnehez\u00edti a transzfer egyenletes felvitel\u00e9t. T\u00e1rolja a dekor transzfereket a tubusban, fed\u0151vel a tetej\u00e9n, hogy megakad\u00e1lyozza a por bejut\u00e1s\u00e1t a transzferbe.<br \/>- A dekor transzferek nem tapad a viaszos fel\u00fcletekre. Javasoljuk, hogy t\u00f6bb h\u00f3nap eltelt\u00e9vel gy\u0151z\u0151dj\u00f6n meg arr\u00f3l, hogy a viaszos fel\u00fcletek m\u00e1r kikem\u00e9nyedtek.<br \/>- \u00dcgyeljen arra, hogy a dekor transzferek ne ker\u00fclj\u00f6n h\u00e1ml\u00f3 fest\u00e9kre, forg\u00e1csra vagy r\u00e9gi lakkra, amely k\u00f6nnyen lekaparhat\u00f3.<br \/>- Ha megpr\u00f3b\u00e1lja felhelyezni a transzfer\u00e9t, \u00e9s a ragaszt\u00f3oldalon fest\u00e9k van, a transzfer felemelte a fest\u00e9ket. A legjobb eredm\u00e9ny \u00e9rdek\u00e9ben a felvitel el\u0151tt hagyjon id\u0151t a fest\u00e9k sz\u00e1rad\u00e1s\u00e1ra.<br \/>- Ne pr\u00f3b\u00e1ljon meg t\u00f6m\u00edt\u0151anyagot vagy viaszt felvinni egy nem tapad\u00f3 transzferre. M\u00e9g t\u00f6m\u00edt\u0151anyagokkal sem fog megtapadni. Gy\u0151z\u0151dj\u00f6n meg r\u00f3la, hogy a megfelel\u0151 l\u00e9p\u00e9seket k\u00f6veti, miel\u0151tt b\u00e1rmilyen transzferre felragasztja.<br \/>- A dekor transzferek egyenletes felvitel\u00e9vel el\u0151zze meg a l\u00e9gbubor\u00e9kok kialakul\u00e1s\u00e1t. Vigye fel a transzferanyagot a mell\u00e9kelt applik\u00e1torral vagy egy dekor transzfer applik\u00e1tor szersz\u00e1mmal. Ahogy sz\u00e9th\u00fazza az \u00e1tl\u00e1tsz\u00f3 lapot, d\u00f6rzs\u00f6lje a transzfert finoman a fel\u00fcletre nyomva.<\/p>[\/et_pb_text][\/et_pb_column][\/et_pb_row][\/et_pb_section]","protected":false},"excerpt":{"rendered":"","protected":false},"author":2,"featured_media":0,"parent":0,"menu_order":0,"comment_status":"closed","ping_status":"closed","template":"","meta":{"_et_pb_use_builder":"on","_et_pb_old_content":"","_et_gb_content_width":""},"_links":{"self":[{"href":"https:\/\/redesignwithjulia.com\/hu\/wp-json\/wp\/v2\/pages\/638"}],"collection":[{"href":"https:\/\/redesignwithjulia.com\/hu\/wp-json\/wp\/v2\/pages"}],"about":[{"href":"https:\/\/redesignwithjulia.com\/hu\/wp-json\/wp\/v2\/types\/page"}],"author":[{"embeddable":true,"href":"https:\/\/redesignwithjulia.com\/hu\/wp-json\/wp\/v2\/users\/2"}],"replies":[{"embeddable":true,"href":"https:\/\/redesignwithjulia.com\/hu\/wp-json\/wp\/v2\/comments?post=638"}],"version-history":[{"count":0,"href":"https:\/\/redesignwithjulia.com\/hu\/wp-json\/wp\/v2\/pages\/638\/revisions"}],"wp:attachment":[{"href":"https:\/\/redesignwithjulia.com\/hu\/wp-json\/wp\/v2\/media?parent=638"}],"curies":[{"name":"wp","href":"https:\/\/api.w.org\/{rel}","templated":true}]}}