{"id":643,"date":"2021-06-04T07:13:30","date_gmt":"2021-06-04T05:13:30","guid":{"rendered":"https:\/\/redesignwithjulia.com\/?page_id=643"},"modified":"2021-09-17T15:43:49","modified_gmt":"2021-09-17T13:43:49","slug":"redesign-with-prima-romania-decor-moulds-spec-sheet","status":"publish","type":"page","link":"https:\/\/redesignwithjulia.com\/hu\/redesign-with-prima-romania-decor-moulds-spec-sheet\/","title":{"rendered":"Szilikon mint\u00e1k m\u0171szaki adatlap"},"content":{"rendered":"[et_pb_section fb_built=&#8221;1&#8243; _builder_version=&#8221;4.9.2&#8243; _module_preset=&#8221;default&#8221;][et_pb_row _builder_version=&#8221;4.9.2&#8243; _module_preset=&#8221;default&#8221;][et_pb_column type=&#8221;4_4&#8243; _builder_version=&#8221;4.9.2&#8243; _module_preset=&#8221;default&#8221;][et_pb_post_title meta=&#8221;off&#8221; featured_image=&#8221;off&#8221; _builder_version=&#8221;4.9.2&#8243; _module_preset=&#8221;default&#8221; title_text_align=&#8221;center&#8221; hover_enabled=&#8221;0&#8243; sticky_enabled=&#8221;0&#8243;][\/et_pb_post_title][et_pb_text _builder_version=&#8221;4.9.2&#8243; _module_preset=&#8221;default&#8221; ul_line_height=&#8221;2em&#8221; hover_enabled=&#8221;0&#8243; text_font_size=&#8221;16px&#8221; text_letter_spacing=&#8221;1px&#8221; text_line_height=&#8221;1.8em&#8221; sticky_enabled=&#8221;0&#8243;]<ul>\n<li>A Redesign With Prima szilikon mint\u00e1k kiv\u00e1l\u00f3 min\u0151s\u00e9g\u0171 szilikongumib\u00f3l k\u00e9sz\u00fclt, maxim\u00e1lis rugalmass\u00e1got biztos\u00edt a dekor\u00e1ci\u00f3s, k\u00e9zm\u0171ves \u00e9s m\u0171v\u00e9szeti projektekhez. \u00c9lelmiszeripari szempontb\u00f3l biztons\u00e1gosak, form\u00e1ink az \u00e9lelmiszer- \u00e9s cukr\u00e1szm\u0171v\u00e9szetben is felhaszn\u00e1lhat\u00f3k.<\/li>\n<li>A szilikon mint\u00e1k kiv\u00e1l\u00f3 min\u0151s\u00e9g\u0171, nagy r\u00e9szletess\u00e9g\u0171 eredm\u00e9nyeket biztos\u00edt k\u00fcl\u00f6nb\u00f6z\u0151 k\u00f6zegekkel, p\u00e9ld\u00e1ul gyurm\u00e1val, l\u00e9gsz\u00e1raz gyurm\u00e1val, modellez\u0151anyaggal, gyant\u00e1kkal, szilikonragaszt\u00f3val, fond\u00e1nnal \u00e9s sz\u00e1mos m\u00e1s ehet\u0151 \u00e9s nem ehet\u0151 anyaggal.<\/li>\n<li>Minden egyes minta r\u00e9szletesen kidolgozott, hogy maxim\u00e1lis hiteless\u00e9get \u00e9s k\u00f6nny\u0171 haszn\u00e1latot biztos\u00edtson. A rugalmas \u00e9s tart\u00f3s \u00f6ntv\u00e9nyek k\u00f6nnyen elt\u00e1vol\u00edthat\u00f3k, mik\u00f6zben a r\u00e9szletek \u00e9rintetlen\u00fcl maradnak.<\/li>\n<li>Az egyedi mint\u00e1k sz\u00e1mos st\u00edlusban k\u00e9sz\u00fclnek, \u00e9s lehet\u0151v\u00e9 teszik sz\u00e1mtalan k\u00fcl\u00f6nb\u00f6z\u0151 projekt l\u00e9trehoz\u00e1s\u00e1t a dekor\u00e1ci\u00f3 \u00e9s a vegyes m\u00e9diam\u0171v\u00e9szet ter\u00fclet\u00e9n. A vir\u00e1gosokt\u00f3l a r\u00e9szletgazdag hardverdarabokig, ezek az \u00f6nt\u0151form\u00e1k szinte minden st\u00edlushoz \u00e9s ig\u00e9nyhez rendelkeznek egy diz\u00e1jnnal!<\/li>\n<li>A szilikon mint\u00e1k k\u00f6nnyen tiszt\u00edthat\u00f3k \u00e9s t\u00e1rolhat\u00f3k. Egyszer\u0171en tiszt\u00edtsa meg \u0151ket n\u00e9mi szappannal \u00e9s v\u00edzzel, vagy haszn\u00e1lja a mosogat\u00f3g\u00e9pet. H\u0151\u00e1ll\u00f3ak is, \u00e9s s\u00fct\u0151ben, mikrohull\u00e1m\u00fa s\u00fct\u0151ben is haszn\u00e1lhat\u00f3k, vagy h\u0171t\u0151szekr\u00e9nybe helyezhet\u0151k. A szilikon mint\u00e1k magas h\u0151m\u00e9rs\u00e9kletet is kib\u00edrnak, \u00e9s nem tartalmaznak k\u00e9miai bevonatot. Ez a tart\u00f3s szilikon er\u0151sebb \u00e9s rugalmasabb, mint m\u00e1s szilikonform\u00e1k a piacon.<\/li>\n<li>A szilikon mint\u00e1k egy\u00e9b felhaszn\u00e1l\u00e1si ter\u00fcletei k\u00f6z\u00e9 tartozik a tortad\u00edsz\u00edt\u00e9s, szappank\u00e9sz\u00edt\u00e9s, gyertya- \u00e9s viaszhaszn\u00e1lat, kar\u00e1csonyi aj\u00e1nd\u00e9koz\u00e1s \u00e9s m\u00e9g sok m\u00e1s. A mint\u00e1k k\u00f6nnyen m\u0171k\u00f6dnek a k\u00fcl\u00f6nb\u00f6z\u0151 m\u00e9diumokkal.<\/li>\n<li>A szilikon mint\u00e1k BPA, PVC \u00e9s ftal\u00e1t mentes. S\u00fct\u0151ben, mikrohull\u00e1m\u00fa s\u00fct\u0151ben, h\u0171t\u0151szekr\u00e9nyben \u00e9s fagyaszt\u00f3ban is biztons\u00e1gosan haszn\u00e1lhat\u00f3ak. S\u00fct\u0151ben 260 C\u00b0-ig, fagyaszt\u00f3ban -73 C\u00b0-ig biztons\u00e1gos \u00e9s tapad\u00e1smentes, bevonat n\u00e9lk\u00fcli.<\/li>\n<\/ul>[\/et_pb_text][\/et_pb_column][\/et_pb_row][\/et_pb_section]","protected":false},"excerpt":{"rendered":"","protected":false},"author":2,"featured_media":0,"parent":0,"menu_order":0,"comment_status":"closed","ping_status":"closed","template":"","meta":{"_et_pb_use_builder":"on","_et_pb_old_content":"","_et_gb_content_width":""},"_links":{"self":[{"href":"https:\/\/redesignwithjulia.com\/hu\/wp-json\/wp\/v2\/pages\/643"}],"collection":[{"href":"https:\/\/redesignwithjulia.com\/hu\/wp-json\/wp\/v2\/pages"}],"about":[{"href":"https:\/\/redesignwithjulia.com\/hu\/wp-json\/wp\/v2\/types\/page"}],"author":[{"embeddable":true,"href":"https:\/\/redesignwithjulia.com\/hu\/wp-json\/wp\/v2\/users\/2"}],"replies":[{"embeddable":true,"href":"https:\/\/redesignwithjulia.com\/hu\/wp-json\/wp\/v2\/comments?post=643"}],"version-history":[{"count":0,"href":"https:\/\/redesignwithjulia.com\/hu\/wp-json\/wp\/v2\/pages\/643\/revisions"}],"wp:attachment":[{"href":"https:\/\/redesignwithjulia.com\/hu\/wp-json\/wp\/v2\/media?parent=643"}],"curies":[{"name":"wp","href":"https:\/\/api.w.org\/{rel}","templated":true}]}}