{"id":75,"date":"2021-05-12T11:18:00","date_gmt":"2021-05-12T09:18:00","guid":{"rendered":"https:\/\/redesignwithjulia.com\/shop\/"},"modified":"2025-02-02T02:23:33","modified_gmt":"2025-02-02T00:23:33","slug":"home","status":"publish","type":"page","link":"https:\/\/redesignwithjulia.com\/hu\/","title":{"rendered":"F\u0151oldal"},"content":{"rendered":"<p>[et_pb_section fb_built=&#8221;1&#8243; admin_label=&#8221;New Arrivals Section&#8221; _builder_version=&#8221;4.9.2&#8243; use_background_color_gradient=&#8221;on&#8221; background_color_gradient_start=&#8221;#ffffff&#8221; background_color_gradient_end=&#8221;rgba(255,255,255,0)&#8221; background_color_gradient_type=&#8221;radial&#8221; background_color_gradient_overlays_image=&#8221;on&#8221; background_image=&#8221;https:\/\/redesignwithjulia.com\/wp-content\/uploads\/2021\/05\/background4.jpg&#8221; parallax=&#8221;on&#8221; custom_padding=&#8221;0px|0px|0px|0px|false|false&#8221; hover_enabled=&#8221;0&#8243; border_radii=&#8221;off|||100px|100px&#8221; locked=&#8221;off&#8221; custom_padding_last_edited=&#8221;on|phone&#8221; sticky_enabled=&#8221;0&#8243;][et_pb_row _builder_version=&#8221;3.25&#8243;][et_pb_column type=&#8221;4_4&#8243; _builder_version=&#8221;3.25&#8243; custom_padding=&#8221;|||&#8221; custom_padding__hover=&#8221;|||&#8221;][et_pb_text admin_label=&#8221;Title&#8221; _builder_version=&#8221;4.9.2&#8243; text_font=&#8221;||||||||&#8221; header_font=&#8221;||||||||&#8221; header_line_height=&#8221;1.2em&#8221; header_2_font=&#8221;Allura||||||||&#8221; header_2_font_size=&#8221;60px&#8221; header_2_line_height=&#8221;1.3em&#8221; text_orientation=&#8221;center&#8221; custom_margin=&#8221;||10px|&#8221; animation_style=&#8221;fade&#8221; animation_direction=&#8221;left&#8221; animation_starting_opacity=&#8221;100%&#8221; header_2_font_size_tablet=&#8221;40px&#8221; header_2_font_size_phone=&#8221;&#8221; header_2_font_size_last_edited=&#8221;on|tablet&#8221;]<\/p>\n<h2>Alkot\u00f3knak \u00e9s \u00c1lmodoz\u00f3knak<\/h2>\n<p>[\/et_pb_text][et_pb_text admin_label=&#8221;Subtitle&#8221; _builder_version=&#8221;4.9.2&#8243; text_font=&#8221;||||||||&#8221; text_font_size=&#8221;18px&#8221; text_line_height=&#8221;2.2em&#8221; header_font=&#8221;||||||||&#8221; header_2_font=&#8221;||||||||&#8221; text_orientation=&#8221;center&#8221; max_width=&#8221;700px&#8221; module_alignment=&#8221;center&#8221; animation_style=&#8221;fade&#8221; animation_direction=&#8221;left&#8221; animation_starting_opacity=&#8221;100%&#8221;]<\/p>\n<p>K\u00e9t fontos \u00e9rt\u00e9kes\u00edt\u00e9s\u00fcnk van az \u00d6n sz\u00e1m\u00e1ra. Az Alkot\u00f3k csomag, ahol az anyagokat megv\u00e1s\u00e1rolhatod \u00e9s magad k\u00e9sz\u00edtheted el, vagy az \u00c1lmodoz\u00f3k, akik el\u0151re elk\u00e9sz\u00edtett \u00e9s vil\u00e1gszerte egyedi term\u00e9keink k\u00f6z\u00fcl v\u00e1laszthatnak.<\/p>\n<p>&nbsp;<\/p>\n<p>[\/et_pb_text][\/et_pb_column][\/et_pb_row][et_pb_row column_structure=&#8221;1_2,1_2&#8243; use_custom_gutter=&#8221;on&#8221; gutter_width=&#8221;1&#8243; _builder_version=&#8221;4.9.2&#8243; background_color=&#8221;#678574&#8243; width=&#8221;100%&#8221; max_width=&#8221;100vw&#8221; custom_margin=&#8221;20px|||&#8221; custom_padding=&#8221;|||&#8221; border_radii=&#8221;on|96px|96px|96px|96px&#8221; use_custom_width=&#8221;on&#8221; custom_width_px=&#8221;1440px&#8221; locked=&#8221;off&#8221;][et_pb_column type=&#8221;1_2&#8243; _builder_version=&#8221;4.9.2&#8243; background_enable_color=&#8221;off&#8221; custom_padding=&#8221;|||&#8221; custom_padding__hover=&#8221;|||&#8221;][et_pb_text _builder_version=&#8221;4.9.2&#8243; _module_preset=&#8221;default&#8221; header_2_font=&#8221;Allura||||||||&#8221; header_2_text_color=&#8221;#FFFFFF&#8221; header_2_font_size=&#8221;38px&#8221; text_orientation=&#8221;right&#8221; hover_enabled=&#8221;0&#8243; text_orientation_tablet=&#8221;center&#8221; text_orientation_phone=&#8221;&#8221; text_orientation_last_edited=&#8221;on|desktop&#8221; sticky_enabled=&#8221;0&#8243;]<\/p>\n<h2 style=\"text-align: center;\">Raw materials<\/h2>\n<p>[\/et_pb_text][et_pb_image src=&#8221;https:\/\/redesignwithjulia.com\/wp-content\/uploads\/2021\/06\/kat-1-800&#215;800-1.png&#8221; alt=&#8221;Buy raw materials&#8221; title_text=&#8221;Redesign with Julia raw materials&#8221; url=&#8221;https:\/\/redesignwithjulia.com\/redesign-with-prima-romania-creators\/&#8221; use_overlay=&#8221;on&#8221; overlay_icon_color=&#8221;RGBA(0,0,0,0)&#8221; hover_overlay_color=&#8221;rgba(255,255,255,0.24)&#8221; hover_icon=&#8221;%%119%%&#8221; align=&#8221;center&#8221; align_tablet=&#8221;center&#8221; align_phone=&#8221;&#8221; align_last_edited=&#8221;on|phone&#8221; _builder_version=&#8221;4.9.2&#8243; _module_preset=&#8221;default&#8221; background_enable_image=&#8221;off&#8221; width=&#8221;72%&#8221; hover_enabled=&#8221;0&#8243; border_radii=&#8221;on|870px|870px|870px|870px&#8221; box_shadow_style=&#8221;preset3&#8243; locked=&#8221;off&#8221; width__hover_enabled=&#8221;on|hover&#8221; width__hover=&#8221;80%&#8221; background__hover_enabled=&#8221;on|desktop&#8221; sticky_enabled=&#8221;0&#8243;][\/et_pb_image][\/et_pb_column][et_pb_column type=&#8221;1_2&#8243; _builder_version=&#8221;4.9.2&#8243; _module_preset=&#8221;default&#8221;][et_pb_text _builder_version=&#8221;4.9.2&#8243; _module_preset=&#8221;default&#8221; header_2_font=&#8221;Allura||||||||&#8221; header_2_text_color=&#8221;#FFFFFF&#8221; header_2_font_size=&#8221;38px&#8221; hover_enabled=&#8221;0&#8243; text_orientation_tablet=&#8221;center&#8221; text_orientation_phone=&#8221;&#8221; text_orientation_last_edited=&#8221;on|desktop&#8221; sticky_enabled=&#8221;0&#8243; custom_margin_last_edited=&#8221;on|desktop&#8221; custom_margin_tablet=&#8221;72px||||false|false&#8221;]<\/p>\n<h2 style=\"text-align: center;\">Finished projects<\/h2>\n<p>[\/et_pb_text][et_pb_image src=&#8221;https:\/\/redesignwithjulia.com\/wp-content\/uploads\/2021\/06\/kat-2-800&#215;800-1.png&#8221; title_text=&#8221;kat 2 800&#215;800&#8243; url=&#8221;https:\/\/redesignwithjulia.com\/dreamers\/&#8221; use_overlay=&#8221;on&#8221; overlay_icon_color=&#8221;RGBA(0,0,0,0)&#8221; hover_overlay_color=&#8221;rgba(255,255,255,0.2)&#8221; hover_icon=&#8221;%%119%%&#8221; align_tablet=&#8221;center&#8221; align_phone=&#8221;center&#8221; align_last_edited=&#8221;on|phone&#8221; _builder_version=&#8221;4.9.2&#8243; _module_preset=&#8221;default&#8221; background_enable_image=&#8221;off&#8221; width=&#8221;72%&#8221; hover_enabled=&#8221;0&#8243; border_radii=&#8221;on|866px|866px|866px|866px&#8221; box_shadow_style=&#8221;preset3&#8243; locked=&#8221;off&#8221; width__hover_enabled=&#8221;on|hover&#8221; width__hover=&#8221;80%&#8221; background__hover_enabled=&#8221;on|desktop&#8221; align=&#8221;center&#8221; sticky_enabled=&#8221;0&#8243;][\/et_pb_image][\/et_pb_column][\/et_pb_row][\/et_pb_section][et_pb_section fb_built=&#8221;1&#8243; _builder_version=&#8221;4.9.2&#8243; _module_preset=&#8221;default&#8221;][et_pb_row _builder_version=&#8221;4.9.2&#8243; _module_preset=&#8221;default&#8221;][et_pb_column type=&#8221;4_4&#8243; _builder_version=&#8221;4.9.2&#8243; _module_preset=&#8221;default&#8221;][et_pb_text _builder_version=&#8221;4.9.2&#8243; _module_preset=&#8221;default&#8221; header_2_font=&#8221;Allura||||||||&#8221; header_2_text_align=&#8221;center&#8221; header_2_font_size=&#8221;46px&#8221;]<\/p>\n<h2>Mit aj\u00e1nlok Nektek<\/h2>\n<p>[\/et_pb_text][\/et_pb_column][\/et_pb_row][et_pb_row column_structure=&#8221;1_2,1_2&#8243; _builder_version=&#8221;4.9.2&#8243; _module_preset=&#8221;default&#8221;][et_pb_column type=&#8221;1_2&#8243; _builder_version=&#8221;4.9.2&#8243; _module_preset=&#8221;default&#8221;][et_pb_text _builder_version=&#8221;4.9.2&#8243; _module_preset=&#8221;default&#8221; text_font=&#8221;||||||||&#8221; text_font_size=&#8221;18px&#8221; text_orientation=&#8221;justified&#8221;]<\/p>\n<p>Redesign with Prima term\u00e9keket forgalmazok Rom\u00e1ni\u00e1ban \u00e9s haszn\u00e1lom fel term\u00e9keiket arra, hogy a legt\u00f6bbet hozzam ki b\u00fatoraidb\u00f3l. Egyed\u00fcl\u00e1ll\u00f3 m\u00f3don \u00faj\u00edtom fel b\u00fatoraidat, hogy azok teljesen a te szem\u00e9lyis\u00e9gedet t\u00fckr\u00f6zz\u00e9k.<\/p>\n<p>B\u00fatorokat k\u00e9sz\u00edtek melyek otthonn\u00e1 var\u00e1zsolj\u00e1k lak\u00e1sodat.<\/p>\n<p>A legt\u00f6bb b\u00fatorgy\u00e1rt\u00f3 k\u00f6ztes ig\u00e9nyeket el\u00e9g\u00edt ki \u00e9s mindig meg kell el\u00e9gedn\u00fcnk egy elv\u00e1r\u00e1sainkhoz hasonl\u00edt\u00f3 modellel. Seg\u00edtek abban, hogy a fejedben tal\u00e1lhat\u00f3 elk\u00e9pzel\u00e9seket l\u00e1sd viszont a nappalidban, f\u00fcrd\u0151szob\u00e1dban, vagy ak\u00e1r a konyh\u00e1dban, h\u00e1l\u00f3szob\u00e1dban.<\/p>\n<p>&nbsp;<\/p>\n<p>[\/et_pb_text][\/et_pb_column][et_pb_column type=&#8221;1_2&#8243; _builder_version=&#8221;4.9.2&#8243; _module_preset=&#8221;default&#8221;][et_pb_text _builder_version=&#8221;4.9.2&#8243; _module_preset=&#8221;default&#8221; text_font=&#8221;||||||||&#8221; text_font_size=&#8221;18px&#8221; text_orientation=&#8221;justified&#8221;]<\/p>\n<p>A mai vil\u00e1g unalmas szalaggy\u00e1rtm\u00e1nyai nem k\u00e9pesek az egyedi otthonok beb\u00fatoroz\u00e1s\u00e1ra. Ahhoz, hogy otthonosan \u00e9rezz\u00fck magunkat k\u00f6rnyezet\u00fcnkben, szeretj\u00fck a kedvenc sz\u00edneinket \u00e9s form\u00e1inkat l\u00e1tni magunk k\u00f6r\u00fcl. Abban seg\u00edtek, hogy a szem\u00e9lyis\u00e9ged a k\u00f6rnyezetedben is kiteljesedhessen.<\/p>\n<p>Egyedi kieg\u00e9sz\u00edt\u0151ket forgalmazok, melyek seg\u00edts\u00e9g\u00e9vel csak a fant\u00e1zi\u00e1d szabhat hat\u00e1rt kreativit\u00e1sodnak. A kis\u00fcthet\u0151 form\u00e1kban az egyedi tort\u00e1kt\u00f3l kezdve a b\u00fatorokig b\u00e1rmire \u00e9s szinte b\u00e1rmilyen anyagb\u00f3l k\u00e9sz\u00edthetsz d\u00edszeket.<\/p>\n<p>[\/et_pb_text][\/et_pb_column][\/et_pb_row][\/et_pb_section][et_pb_section fb_built=&#8221;1&#8243; admin_label=&#8221;Footer Section&#8221; _builder_version=&#8221;4.9.2&#8243; use_background_color_gradient=&#8221;on&#8221; background_color_gradient_start=&#8221;#ffffff&#8221; background_color_gradient_end=&#8221;rgba(255,255,255,0.66)&#8221; background_color_gradient_overlays_image=&#8221;on&#8221; custom_padding=&#8221;0px||||false|false&#8221; hover_enabled=&#8221;0&#8243; custom_padding_last_edited=&#8221;on|desktop&#8221; custom_padding_phone=&#8221;0px||||false|false&#8221; sticky_enabled=&#8221;0&#8243; custom_padding_tablet=&#8221;0px||||false|false&#8221;][et_pb_row admin_label=&#8221;Row&#8221; _builder_version=&#8221;3.25&#8243; global_module=&#8221;692&#8243; saved_tabs=&#8221;all&#8221;][et_pb_column type=&#8221;4_4&#8243; _builder_version=&#8221;3.25&#8243; custom_padding=&#8221;|||&#8221; custom_padding__hover=&#8221;|||&#8221;][et_pb_signup mailchimp_list=&#8221;ItRedesignWithJulia|038a8df590&#8243; first_name_field=&#8221;off&#8221; last_name_field=&#8221;off&#8221; success_message=&#8221;Thank you for subscribe!&#8221; title=&#8221;News &#038; Events&#8221; button_text=&#8221;Subscribe Now&#8221; description=&#8221;<\/p>\n<p>Iratkozz fel, hogy ne maradj le aj\u00e1nlatainkr\u00f3l, h\u00edreinkr\u0151l \u00e9s esem\u00e9nyeinkr\u0151l! Szerint\u00fcnk mind \u00e9rdekelni fog t\u00e9ged!<\/p>\n<p>&#8221; _builder_version=&#8221;4.9.2&#8243; form_field_background_color=&#8221;rgba(0,0,0,0.12)&#8221; header_font=&#8221;Allura||||||||&#8221; header_text_align=&#8221;left&#8221; header_font_size=&#8221;60px&#8221; header_line_height=&#8221;1.3em&#8221; body_font=&#8221;ABeeZee||||||||&#8221; body_font_size=&#8221;20px&#8221; body_line_height=&#8221;2.2em&#8221; use_background_color=&#8221;off&#8221; custom_button=&#8221;on&#8221; button_text_size=&#8221;14px&#8221; button_text_color=&#8221;#ffffff&#8221; button_bg_color=&#8221;#93b786&#8243; button_border_width=&#8221;8px&#8221; button_border_color=&#8221;#93b786&#8243; button_border_radius=&#8221;3px&#8221; button_letter_spacing=&#8221;4px&#8221; button_font=&#8221;Nunito Sans|700||on|||||&#8221; button_icon=&#8221;%%3%%&#8221; background_layout=&#8221;light&#8221; header_font_size_tablet=&#8221;40px&#8221; header_font_size_phone=&#8221;&#8221; header_font_size_last_edited=&#8221;on|tablet&#8221; button_text_size__hover_enabled=&#8221;off&#8221; button_one_text_size__hover_enabled=&#8221;off&#8221; button_two_text_size__hover_enabled=&#8221;off&#8221; button_text_color__hover_enabled=&#8221;off&#8221; button_one_text_color__hover_enabled=&#8221;off&#8221; button_two_text_color__hover_enabled=&#8221;off&#8221; button_border_width__hover_enabled=&#8221;off&#8221; button_one_border_width__hover_enabled=&#8221;off&#8221; button_two_border_width__hover_enabled=&#8221;off&#8221; button_border_color__hover_enabled=&#8221;off&#8221; button_one_border_color__hover_enabled=&#8221;off&#8221; button_two_border_color__hover_enabled=&#8221;off&#8221; button_border_radius__hover_enabled=&#8221;off&#8221; button_one_border_radius__hover_enabled=&#8221;off&#8221; button_two_border_radius__hover_enabled=&#8221;off&#8221; button_letter_spacing__hover_enabled=&#8221;off&#8221; button_one_letter_spacing__hover_enabled=&#8221;off&#8221; button_two_letter_spacing__hover_enabled=&#8221;off&#8221; button_bg_color__hover_enabled=&#8221;off&#8221; button_one_bg_color__hover_enabled=&#8221;off&#8221; button_two_bg_color__hover_enabled=&#8221;off&#8221;][\/et_pb_signup][\/et_pb_column][\/et_pb_row][et_pb_row column_structure=&#8221;1_3,1_3,1_3&#8243; _builder_version=&#8221;3.25&#8243; custom_margin=&#8221;70px|||&#8221; global_module=&#8221;573&#8243; saved_tabs=&#8221;all&#8221;][et_pb_column type=&#8221;1_3&#8243; _builder_version=&#8221;3.25&#8243; custom_padding=&#8221;|||&#8221; custom_padding__hover=&#8221;|||&#8221;][et_pb_text admin_label=&#8221;Address&#8221; _builder_version=&#8221;4.9.2&#8243; text_font=&#8221;||||||||&#8221; text_font_size=&#8221;18px&#8221; text_line_height=&#8221;1.8em&#8221; header_font=&#8221;||||||||&#8221; header_3_font=&#8221;Allura||||||||&#8221; header_3_text_color=&#8221;#688574&#8243; header_3_font_size=&#8221;30px&#8221; header_3_line_height=&#8221;1.3em&#8221; text_orientation=&#8221;center&#8221; animation_style=&#8221;fade&#8221;]<\/p>\n<h3>Helysz\u00edn<\/h3>\n<p>A bemutat\u00f3term\u00fcnk k\u00e9sz\u00edt\u00e9s alatt \u00e1ll.<\/p>\n<p>A k\u00f6vet\u0151inket \u00e9rtes\u00edteni fogjuk amint ez megny\u00edlik a t\u00f6meg sz\u00e1m\u00e1ra.<\/p>\n<p>&nbsp;<\/p>\n<p>[\/et_pb_text][\/et_pb_column][et_pb_column type=&#8221;1_3&#8243; _builder_version=&#8221;3.25&#8243; custom_padding=&#8221;|||&#8221; custom_padding__hover=&#8221;|||&#8221;][et_pb_text admin_label=&#8221;Phone&#8221; _builder_version=&#8221;4.9.2&#8243; text_font=&#8221;||||||||&#8221; text_font_size=&#8221;18px&#8221; text_line_height=&#8221;1.8em&#8221; header_font=&#8221;||||||||&#8221; header_3_font=&#8221;Allura||||||||&#8221; header_3_text_color=&#8221;#688574&#8243; header_3_font_size=&#8221;30px&#8221; header_3_line_height=&#8221;1.3em&#8221; text_orientation=&#8221;center&#8221; animation_style=&#8221;fade&#8221; link_option_url=&#8221;tel: +40740253901&#8243; locked=&#8221;off&#8221;]<\/p>\n<h3>Telefon<\/h3>\n<p>+40740 &#8211; 253 &#8211; 901<\/p>\n<p>[\/et_pb_text][\/et_pb_column][et_pb_column type=&#8221;1_3&#8243; _builder_version=&#8221;3.25&#8243; custom_padding=&#8221;|||&#8221; custom_padding__hover=&#8221;|||&#8221;][et_pb_text admin_label=&#8221;Email&#8221; _builder_version=&#8221;4.9.2&#8243; text_font=&#8221;||||||||&#8221; text_font_size=&#8221;18px&#8221; text_line_height=&#8221;1.8em&#8221; header_font=&#8221;||||||||&#8221; header_3_font=&#8221;Allura||||||||&#8221; header_3_text_color=&#8221;#688574&#8243; header_3_font_size=&#8221;30px&#8221; header_3_line_height=&#8221;1.3em&#8221; text_orientation=&#8221;center&#8221; animation_style=&#8221;fade&#8221; link_option_url=&#8221;mailto: contact@redesignwithjulia.com&#8221; locked=&#8221;off&#8221;]<\/p>\n<h3>Email<\/h3>\n<p>contact@redesignwithjulia.com<\/p>\n<p>[\/et_pb_text][\/et_pb_column][\/et_pb_row][\/et_pb_section]<\/p>","protected":false},"excerpt":{"rendered":"<p>[et_pb_section fb_built=&#8221;1&#8243; admin_label=&#8221;New Arrivals Section&#8221; _builder_version=&#8221;4.9.2&#8243; use_background_color_gradient=&#8221;on&#8221; background_color_gradient_start=&#8221;#ffffff&#8221; background_color_gradient_end=&#8221;rgba(255,255,255,0)&#8221; background_color_gradient_type=&#8221;radial&#8221; background_color_gradient_overlays_image=&#8221;on&#8221; background_image=&#8221;https:\/\/redesignwithjulia.com\/wp-content\/uploads\/2021\/05\/background4.jpg&#8221; parallax=&#8221;on&#8221; custom_padding=&#8221;0px|0px|0px|0px|false|false&#8221; hover_enabled=&#8221;0&#8243; border_radii=&#8221;off|||100px|100px&#8221; locked=&#8221;off&#8221; custom_padding_last_edited=&#8221;on|phone&#8221; sticky_enabled=&#8221;0&#8243;][et_pb_row _builder_version=&#8221;3.25&#8243;][et_pb_column type=&#8221;4_4&#8243; _builder_version=&#8221;3.25&#8243; custom_padding=&#8221;|||&#8221; custom_padding__hover=&#8221;|||&#8221;][et_pb_text admin_label=&#8221;Title&#8221; _builder_version=&#8221;4.9.2&#8243; text_font=&#8221;||||||||&#8221; header_font=&#8221;||||||||&#8221; header_line_height=&#8221;1.2em&#8221; header_2_font=&#8221;Allura||||||||&#8221; header_2_font_size=&#8221;60px&#8221; header_2_line_height=&#8221;1.3em&#8221; text_orientation=&#8221;center&#8221; custom_margin=&#8221;||10px|&#8221; animation_style=&#8221;fade&#8221; animation_direction=&#8221;left&#8221; animation_starting_opacity=&#8221;100%&#8221; header_2_font_size_tablet=&#8221;40px&#8221; header_2_font_size_phone=&#8221;&#8221; header_2_font_size_last_edited=&#8221;on|tablet&#8221;] for Creators and Dreamers [\/et_pb_text][et_pb_text admin_label=&#8221;Subtitle&#8221; _builder_version=&#8221;4.9.2&#8243; text_font=&#8221;||||||||&#8221; text_font_size=&#8221;18px&#8221; text_line_height=&#8221;2.2em&#8221; header_font=&#8221;||||||||&#8221; header_2_font=&#8221;||||||||&#8221; text_orientation=&#8221;center&#8221; max_width=&#8221;700px&#8221; module_alignment=&#8221;center&#8221; [&hellip;]<\/p>","protected":false},"author":2,"featured_media":0,"parent":0,"menu_order":0,"comment_status":"closed","ping_status":"closed","template":"","meta":{"_et_pb_use_builder":"on","_et_pb_old_content":"","_et_gb_content_width":"1080"},"_links":{"self":[{"href":"https:\/\/redesignwithjulia.com\/hu\/wp-json\/wp\/v2\/pages\/75"}],"collection":[{"href":"https:\/\/redesignwithjulia.com\/hu\/wp-json\/wp\/v2\/pages"}],"about":[{"href":"https:\/\/redesignwithjulia.com\/hu\/wp-json\/wp\/v2\/types\/page"}],"author":[{"embeddable":true,"href":"https:\/\/redesignwithjulia.com\/hu\/wp-json\/wp\/v2\/users\/2"}],"replies":[{"embeddable":true,"href":"https:\/\/redesignwithjulia.com\/hu\/wp-json\/wp\/v2\/comments?post=75"}],"version-history":[{"count":4,"href":"https:\/\/redesignwithjulia.com\/hu\/wp-json\/wp\/v2\/pages\/75\/revisions"}],"predecessor-version":[{"id":3781,"href":"https:\/\/redesignwithjulia.com\/hu\/wp-json\/wp\/v2\/pages\/75\/revisions\/3781"}],"wp:attachment":[{"href":"https:\/\/redesignwithjulia.com\/hu\/wp-json\/wp\/v2\/media?parent=75"}],"curies":[{"name":"wp","href":"https:\/\/api.w.org\/{rel}","templated":true}]}}