{"id":1643,"date":"2022-07-13T07:04:58","date_gmt":"2022-07-13T05:04:58","guid":{"rendered":"https:\/\/redesignwithjulia.com\/?post_type=product&#038;p=1643"},"modified":"2025-03-22T19:55:18","modified_gmt":"2025-03-22T17:55:18","slug":"this-rusty-car","status":"publish","type":"product","link":"https:\/\/redesignwithjulia.com\/hu\/termek\/this-rusty-car\/","title":{"rendered":"This Rusty Car &#8211; material decorativ mobil\u0103 Redesign with Prima &#8211; A1"},"content":{"rendered":"<p>1 foaie, dimensiunea A1 &#8211;<br \/>\nG\u0103si\u021bi frumuse\u021bea \u00een lucrurile uitate din via\u021b\u0103. Decoreaz\u0103-\u021bi proiectele cu aceast\u0103 frumoas\u0103 ma\u0219in\u0103 ruginit\u0103 detaliat\u0103 care poate fi plasat\u0103 pe orice proiect. Descoperi\u021bi un nou mod de a v\u0103 decora mobilierul \u0219i piesele de decor cu materialul decorativ Redesign &#8211; This Rusty Car. Aceste foi frumoase au o textur\u0103 fibroas\u0103 realizat\u0103 de ma\u0219in\u0103 pentru un aspect delicat \u0219i unic. L\u0103\u021bimea mai groas\u0103 permite o utilizare mai u\u0219oar\u0103, plasarea \u0219i durabilitatea, fiind \u00een acela\u0219i timp rezistent\u0103 la rupere. Acest lucru permite un aspect \u0219i un finisaj mai str\u0103lucitor \u0219i mai vibrant. Ideal\u0103 pentru mobilier \u0219i decor de colaj. Pentru cele mai bune rezultate, utiliza\u021bi cu gelul nostru decoupage lucios sau mat.<\/p>\n<p>&nbsp;<\/p>","protected":false},"excerpt":{"rendered":"<p>1 foaie, dimensiunea A1 &#8211; G\u0103si\u021bi frumuse\u021bea \u00een lucrurile uitate din via\u021b\u0103. Decoreaz\u0103-\u021bi proiectele cu aceast\u0103 frumoas\u0103 ma\u0219in\u0103 ruginit\u0103 detaliat\u0103 care poate fi plasat\u0103 pe orice proiect. Descoperi\u021bi un nou mod de a v\u0103 decora mobilierul \u0219i piesele de decor cu materialul decorativ Redesign &#8211; This Rusty Car. Aceste foi frumoase au o textur\u0103 fibroas\u0103 [&hellip;]<\/p>","protected":false},"featured_media":1644,"comment_status":"open","ping_status":"closed","template":"","meta":{"_et_pb_use_builder":"","_et_pb_old_content":"","_et_gb_content_width":""},"product_cat":[31],"product_tag":[],"_links":{"self":[{"href":"https:\/\/redesignwithjulia.com\/hu\/wp-json\/wp\/v2\/product\/1643"}],"collection":[{"href":"https:\/\/redesignwithjulia.com\/hu\/wp-json\/wp\/v2\/product"}],"about":[{"href":"https:\/\/redesignwithjulia.com\/hu\/wp-json\/wp\/v2\/types\/product"}],"replies":[{"embeddable":true,"href":"https:\/\/redesignwithjulia.com\/hu\/wp-json\/wp\/v2\/comments?post=1643"}],"wp:featuredmedia":[{"embeddable":true,"href":"https:\/\/redesignwithjulia.com\/hu\/wp-json\/wp\/v2\/media\/1644"}],"wp:attachment":[{"href":"https:\/\/redesignwithjulia.com\/hu\/wp-json\/wp\/v2\/media?parent=1643"}],"wp:term":[{"taxonomy":"product_cat","embeddable":true,"href":"https:\/\/redesignwithjulia.com\/hu\/wp-json\/wp\/v2\/product_cat?post=1643"},{"taxonomy":"product_tag","embeddable":true,"href":"https:\/\/redesignwithjulia.com\/hu\/wp-json\/wp\/v2\/product_tag?post=1643"}],"curies":[{"name":"wp","href":"https:\/\/api.w.org\/{rel}","templated":true}]}}