{"id":1698,"date":"2022-12-28T09:15:51","date_gmt":"2022-12-28T07:15:51","guid":{"rendered":"https:\/\/redesignwithjulia.com\/?post_type=product&#038;p=1698"},"modified":"2024-04-14T09:09:48","modified_gmt":"2024-04-14T07:09:48","slug":"vopsea-creta-nordic-chic-lime","status":"publish","type":"product","link":"https:\/\/redesignwithjulia.com\/hu\/termek\/vopsea-creta-nordic-chic-lime\/","title":{"rendered":"Lime &#8211; Creta Nordic Chic"},"content":{"rendered":"<p>Nordic Chic este o vopsea cret\u0103 \u0219i mineral\u0103 ecologic\u0103 de cea mai bun\u0103 calitate. Este o vopsea f\u0103r\u0103 COV (f\u0103r\u0103 compu\u0219i organici volatili) \u0219i f\u0103r\u0103 solven\u021bi, f\u0103r\u0103 mirosuri nepl\u0103cute. Este fabricat din materii prime non-toxice \u0219i este complet sigur de utilizat atunci c\u00e2nd este folosit conform instruc\u021biunilor. Poate fi folosit pe aproape toate suprafe\u021bele, cum ar fi lemnul, sticla, plasticul, lutul, betonul \u0219i pere\u021bii (linia de culori speciale pentru pere\u021bi va fi disponibil\u0103 \u00een cur\u00e2nd \u00een magazin). Nu este necesar\u0103 \u0219lefuirea sau amorsarea prealabil\u0103.<\/p>\n<p>Apropo, Nordic Chic a primit eticheta ECO.<\/p>\n<p>Asigura\u021bi-v\u0103 c\u0103 suprafa\u021ba este uscat\u0103 \u0219i curat\u0103, \u00eendep\u0103rta\u021bi straturile de vopsea sau de lac care se desprind. \u00cen cele mai multe cazuri, sunt necesare dou\u0103 straturi, iar timpul de uscare este de 2 \u2013 3 ore, \u00een func\u021bie de temperatur\u0103.<\/p>\n<p>Acoperire 6-8 m\u00b2 \/litru; poate fi diluat cu ap\u0103.<\/p>\n<p>V\u0103 rug\u0103m s\u0103 re\u021bine\u021bi c\u0103 este posibil ca culorile s\u0103 difere u\u0219or de cele originale, \u00een func\u021bie de set\u0103rile ecranului utilizat.<\/p>\n<p>Este disponibil in cantitati de 150 ml sau 750 ml.<\/p>","protected":false},"excerpt":{"rendered":"<p>Nordic Chic este o vopsea cret\u0103 \u0219i mineral\u0103 ecologic\u0103 de cea mai bun\u0103 calitate. Este o vopsea f\u0103r\u0103 COV (f\u0103r\u0103 compu\u0219i organici volatili) \u0219i f\u0103r\u0103 solven\u021bi, f\u0103r\u0103 mirosuri nepl\u0103cute. Este fabricat din materii prime non-toxice \u0219i este complet sigur de utilizat atunci c\u00e2nd este folosit conform instruc\u021biunilor. Poate fi folosit pe aproape toate suprafe\u021bele, cum [&hellip;]<\/p>","protected":false},"featured_media":1699,"comment_status":"open","ping_status":"closed","template":"","meta":{"_et_pb_use_builder":"","_et_pb_old_content":"","_et_gb_content_width":""},"product_cat":[60],"product_tag":[],"_links":{"self":[{"href":"https:\/\/redesignwithjulia.com\/hu\/wp-json\/wp\/v2\/product\/1698"}],"collection":[{"href":"https:\/\/redesignwithjulia.com\/hu\/wp-json\/wp\/v2\/product"}],"about":[{"href":"https:\/\/redesignwithjulia.com\/hu\/wp-json\/wp\/v2\/types\/product"}],"replies":[{"embeddable":true,"href":"https:\/\/redesignwithjulia.com\/hu\/wp-json\/wp\/v2\/comments?post=1698"}],"wp:featuredmedia":[{"embeddable":true,"href":"https:\/\/redesignwithjulia.com\/hu\/wp-json\/wp\/v2\/media\/1699"}],"wp:attachment":[{"href":"https:\/\/redesignwithjulia.com\/hu\/wp-json\/wp\/v2\/media?parent=1698"}],"wp:term":[{"taxonomy":"product_cat","embeddable":true,"href":"https:\/\/redesignwithjulia.com\/hu\/wp-json\/wp\/v2\/product_cat?post=1698"},{"taxonomy":"product_tag","embeddable":true,"href":"https:\/\/redesignwithjulia.com\/hu\/wp-json\/wp\/v2\/product_tag?post=1698"}],"curies":[{"name":"wp","href":"https:\/\/api.w.org\/{rel}","templated":true}]}}