{"id":2756,"date":"2024-04-25T23:19:04","date_gmt":"2024-04-25T21:19:04","guid":{"rendered":"https:\/\/redesignwithjulia.com\/?post_type=product&#038;p=2756"},"modified":"2025-03-22T21:06:22","modified_gmt":"2025-03-22T19:06:22","slug":"floral-dream","status":"publish","type":"product","link":"https:\/\/redesignwithjulia.com\/hu\/termek\/floral-dream\/","title":{"rendered":"Floral dream \u2013 material decorativ mobil\u0103 A1 \u2013 Redesign with Prima"},"content":{"rendered":"<p>Crea\u021bi o pies\u0103 uimitoare din punct de vedere vizual cu noul material decoupage \u201eFloral Dream\u201d, care prezint\u0103 flori de vis \u0219i verdea\u021b\u0103 subtil\u0103 pe un fundal lini\u0219titor, eteric! Este imprimat pe material rezistent, permi\u021b\u00e2ndu-v\u0103 s\u0103 crea\u021bi piese de decor unice \u0219i personalizate, cum ar fi art\u0103 de perete, accente de mobilier \u0219i multe altele. Designul unic este perfect pentru proiectele de decoupage, permi\u021b\u00e2ndu-v\u0103 s\u0103 stratifica\u021bi \u0219i s\u0103 aranja\u021bi imaginile pentru a crea un produs finit uimitor. Aplica\u021bi \u0219i sigila\u021bi cu gelul nostru Decoupage \u00een varianta lucioas\u0103 sau mat\u0103 pentru cele mai bune rezultate.<\/p>\n<p>Translated with DeepL.com (free version)<\/p>","protected":false},"excerpt":{"rendered":"<p>Crea\u021bi o pies\u0103 uimitoare din punct de vedere vizual cu noul nostru material decoupage A1 \u201eFloral Dream\u201d, cu flori de vis \u0219i verdea\u021b\u0103 subtil\u0103 pe un fundal lini\u0219titor, eteric! Materialul rezistent,\u00a0 va permite s\u0103 crea\u021bi piese de decor unice \u0219i personalizate, cum ar fi art\u0103 de perete, accente de mobilier \u0219i multe altele. Designul unic este perfect pentru proiectele de decoupage, permi\u021b\u00e2ndu-v\u0103 s\u0103 stratifica\u021bi \u0219i s\u0103 aranja\u021bi imaginile pentru a crea un produs finit uimitor. Aplica\u021bi \u0219i sigila\u021bi cu gelul nostru Decoupage \u00een varianta lucioas\u0103 sau mat\u0103 pentru cele mai bune rezultate.<\/p>","protected":false},"featured_media":2757,"comment_status":"open","ping_status":"closed","template":"","meta":{"_et_pb_use_builder":"","_et_pb_old_content":"","_et_gb_content_width":""},"product_cat":[31],"product_tag":[],"_links":{"self":[{"href":"https:\/\/redesignwithjulia.com\/hu\/wp-json\/wp\/v2\/product\/2756"}],"collection":[{"href":"https:\/\/redesignwithjulia.com\/hu\/wp-json\/wp\/v2\/product"}],"about":[{"href":"https:\/\/redesignwithjulia.com\/hu\/wp-json\/wp\/v2\/types\/product"}],"replies":[{"embeddable":true,"href":"https:\/\/redesignwithjulia.com\/hu\/wp-json\/wp\/v2\/comments?post=2756"}],"wp:featuredmedia":[{"embeddable":true,"href":"https:\/\/redesignwithjulia.com\/hu\/wp-json\/wp\/v2\/media\/2757"}],"wp:attachment":[{"href":"https:\/\/redesignwithjulia.com\/hu\/wp-json\/wp\/v2\/media?parent=2756"}],"wp:term":[{"taxonomy":"product_cat","embeddable":true,"href":"https:\/\/redesignwithjulia.com\/hu\/wp-json\/wp\/v2\/product_cat?post=2756"},{"taxonomy":"product_tag","embeddable":true,"href":"https:\/\/redesignwithjulia.com\/hu\/wp-json\/wp\/v2\/product_tag?post=2756"}],"curies":[{"name":"wp","href":"https:\/\/api.w.org\/{rel}","templated":true}]}}