{"id":2894,"date":"2024-06-10T22:18:21","date_gmt":"2024-06-10T20:18:21","guid":{"rendered":"https:\/\/redesignwithjulia.com\/?post_type=product&#038;p=2894"},"modified":"2025-05-25T08:44:04","modified_gmt":"2025-05-25T06:44:04","slug":"deep-sea-dancer-material-textil-decorativ-mobila-a1","status":"publish","type":"product","link":"https:\/\/redesignwithjulia.com\/hu\/termek\/deep-sea-dancer-material-textil-decorativ-mobila-a1\/","title":{"rendered":"Deep Sea Dancer &#8211; Material Textil Decorativ Mobil\u0103 &#8211; A1"},"content":{"rendered":"<p>\u201eDeep Sea Dancer\u201d, un nou material textil, transport\u0103 privitorii \u00een ad\u00e2ncurile \u00eenc\u00e2nt\u0103toare ale oceanului, unde o caracati\u021b\u0103 albastr\u0103 minunat\u0103 alunec\u0103 gra\u021bios \u00een mijlocul unei vaste \u00eentinderi de albastru, captur\u00e2nd frumuse\u021bea hipnotizant\u0103 a vie\u021bii marine \u00een toat\u0103 splendoarea sa. Fiecare tentacul este \u00eempodobit cu r\u00e2nduri de ventuze, ad\u0103ug\u00e2nd frumuse\u021bea \u0219i farmecul de alt\u0103 lume al creaturii. Ochii s\u0103i mari \u0219i expresivi transmit un sentiment de inteligen\u021b\u0103 \u0219i curiozitate, invit\u00e2nd privitorii s\u0103 priveasc\u0103 \u00een ad\u00e2ncurile oceanului \u0219i s\u0103 descopere minunile care se afl\u0103 dedesubt. Se coordoneaz\u0103 minunat cu noua \u201eOcean Collection\u201d. Materialul este incredibil de u\u0219or de utilizat. Pur \u0219i simplu m\u0103sura\u021bi \u0219i t\u0103ia\u021bi cantitatea dorit\u0103 de h\u00e2rtie, ad\u0103uga\u021bi Gelul Decoupage pe suprafa\u021ba preg\u0103tit\u0103, a\u0219eza\u021bi h\u00e2rtia deasupra \u0219i netezi\u021bi-o cu unealta r\u0103zuitoare.Materialul este creat pentru a fi folosit pe pere\u021bi, mobilier \u0219i alte elemente de decor.<\/p>","protected":false},"excerpt":{"rendered":"<p>\u201eDeep Sea Dancer\u201d, un nou material decorativ Redesign with Prima, transport\u0103 privitorii \u00een ad\u00e2ncurile fermec\u0103toare ale oceanului, unde o minunat\u0103 caracati\u021b\u0103 albastr\u0103 alunec\u0103 gra\u021bios \u00een mijlocul unei vaste \u00eentinderi de albastru, captur\u00e2nd frumuse\u021bea hipnotizant\u0103 a vie\u021bii marine \u00een toat\u0103 splendoarea sa. Fiecare tentacul este \u00eempodobit cu r\u00e2nduri de ventuze, care sporesc frumuse\u021bea \u0219i farmecul acestei creaturi din alt\u0103 lume. Ochii s\u0103i mari \u0219i expresivi transmit un sentiment de inteligen\u021b\u0103 \u0219i curiozitate, invit\u00e2nd privitorii s\u0103 priveasc\u0103 \u00een ad\u00e2ncurile oceanului \u0219i s\u0103 descopere minunile care se afl\u0103 dedesubt. Se coordoneaz\u0103 minunat cu noua \u201eColec\u021bie Ocean\u201d. Materialul este incredibil de u\u0219or de utilizat. Pur \u0219i simplu m\u0103sura\u021bi \u0219i t\u0103ia\u021bi la dimensiunea dorit\u0103, ad\u0103uga\u021bi Gel Decoupage pe suprafa\u021ba preg\u0103tit\u0103, a\u0219eza\u021bi materialul deasupra \u0219i netezi\u021bi-o cu instrumentul ata\u0219at. Materialul este creat pentru a fi utilizat pe pere\u021bi, mobilier \u0219i alte elemente de decor.<\/p>","protected":false},"featured_media":2895,"comment_status":"open","ping_status":"closed","template":"","meta":{"_et_pb_use_builder":"","_et_pb_old_content":"","_et_gb_content_width":""},"product_cat":[31],"product_tag":[],"_links":{"self":[{"href":"https:\/\/redesignwithjulia.com\/hu\/wp-json\/wp\/v2\/product\/2894"}],"collection":[{"href":"https:\/\/redesignwithjulia.com\/hu\/wp-json\/wp\/v2\/product"}],"about":[{"href":"https:\/\/redesignwithjulia.com\/hu\/wp-json\/wp\/v2\/types\/product"}],"replies":[{"embeddable":true,"href":"https:\/\/redesignwithjulia.com\/hu\/wp-json\/wp\/v2\/comments?post=2894"}],"wp:featuredmedia":[{"embeddable":true,"href":"https:\/\/redesignwithjulia.com\/hu\/wp-json\/wp\/v2\/media\/2895"}],"wp:attachment":[{"href":"https:\/\/redesignwithjulia.com\/hu\/wp-json\/wp\/v2\/media?parent=2894"}],"wp:term":[{"taxonomy":"product_cat","embeddable":true,"href":"https:\/\/redesignwithjulia.com\/hu\/wp-json\/wp\/v2\/product_cat?post=2894"},{"taxonomy":"product_tag","embeddable":true,"href":"https:\/\/redesignwithjulia.com\/hu\/wp-json\/wp\/v2\/product_tag?post=2894"}],"curies":[{"name":"wp","href":"https:\/\/api.w.org\/{rel}","templated":true}]}}