{"id":2900,"date":"2024-06-10T23:11:03","date_gmt":"2024-06-10T21:11:03","guid":{"rendered":"https:\/\/redesignwithjulia.com\/?post_type=product&#038;p=2900"},"modified":"2024-08-07T20:25:00","modified_gmt":"2024-08-07T18:25:00","slug":"reef-elegance-matrita-silicon-redesign-with-prima","status":"publish","type":"product","link":"https:\/\/redesignwithjulia.com\/hu\/termek\/reef-elegance-matrita-silicon-redesign-with-prima\/","title":{"rendered":"Reef Elegance &#8211; Matri\u021b\u0103 Silicon Redesign with Prima"},"content":{"rendered":"<p>Dimensiune: 12,7 x 25,4 cm<\/p>\n<p>Realizat\u0103 cu precizie \u0219i m\u0103iestrie, noua matri\u021b\u0103 \u201eReef Elegance\u201d de la Redesign with Prima este un testament al minunilor m\u0103rii. \u00cen centrul s\u0103u, un fermec\u0103tor velier alunec\u0103 pe valuri, cu p\u00e2nzele sale flutur\u00e2nd prinse \u00eentr-o briz\u0103 u\u0219oar\u0103, \u00een timp ce este ghidat de un far pitoresc. Scoici, vie\u021buitoare marine \u0219i p\u0103s\u0103ri frumoase completeaz\u0103 gama de piese turnate, detaliate pe care le pute\u021bi crea cu aceast\u0103 matri\u021b\u0103. Se coordoneaz\u0103 de minune cu colec\u021bia \u201eOcean\u201d . Matri\u021bele sunt durabile, rezistente la cuptor, sigure pentru alimente \u0219i de cea mai bun\u0103 calitate, permi\u021b\u00e2nd o varietate de materiale, inclusiv r\u0103\u0219in\u0103, lipici fierbinte, material de modelare \u0219i multe altele, pentru a v\u0103 ajuta s\u0103 crea\u021bi mulaje unice, perfecte pentru o varietate de proiecte DIY.<\/p>","protected":false},"excerpt":{"rendered":"<p>Dimensiune: 12,7 x 25,4 cm Realizat\u0103 cu precizie \u0219i m\u0103iestrie, noua matri\u021b\u0103 \u201eReef Elegance\u201d de la Redesign with Prima este un testament al minunilor m\u0103rii. \u00cen centrul s\u0103u, un fermec\u0103tor velier alunec\u0103 pe valuri, cu p\u00e2nzele sale flutur\u00e2nd prinse \u00eentr-o briz\u0103 u\u0219oar\u0103, \u00een timp ce este ghidat de un far pitoresc. Scoici, vie\u021buitoare marine \u0219i [&hellip;]<\/p>","protected":false},"featured_media":2901,"comment_status":"open","ping_status":"closed","template":"","meta":{"_et_pb_use_builder":"","_et_pb_old_content":"","_et_gb_content_width":""},"product_cat":[21],"product_tag":[],"_links":{"self":[{"href":"https:\/\/redesignwithjulia.com\/hu\/wp-json\/wp\/v2\/product\/2900"}],"collection":[{"href":"https:\/\/redesignwithjulia.com\/hu\/wp-json\/wp\/v2\/product"}],"about":[{"href":"https:\/\/redesignwithjulia.com\/hu\/wp-json\/wp\/v2\/types\/product"}],"replies":[{"embeddable":true,"href":"https:\/\/redesignwithjulia.com\/hu\/wp-json\/wp\/v2\/comments?post=2900"}],"wp:featuredmedia":[{"embeddable":true,"href":"https:\/\/redesignwithjulia.com\/hu\/wp-json\/wp\/v2\/media\/2901"}],"wp:attachment":[{"href":"https:\/\/redesignwithjulia.com\/hu\/wp-json\/wp\/v2\/media?parent=2900"}],"wp:term":[{"taxonomy":"product_cat","embeddable":true,"href":"https:\/\/redesignwithjulia.com\/hu\/wp-json\/wp\/v2\/product_cat?post=2900"},{"taxonomy":"product_tag","embeddable":true,"href":"https:\/\/redesignwithjulia.com\/hu\/wp-json\/wp\/v2\/product_tag?post=2900"}],"curies":[{"name":"wp","href":"https:\/\/api.w.org\/{rel}","templated":true}]}}