{"id":2916,"date":"2024-06-13T21:14:01","date_gmt":"2024-06-13T19:14:01","guid":{"rendered":"https:\/\/redesignwithjulia.com\/?post_type=product&#038;p=2916"},"modified":"2024-06-14T08:50:28","modified_gmt":"2024-06-14T06:50:28","slug":"herbarium-notes-material-decorativ-mobila-redesign-with-prima","status":"publish","type":"product","link":"https:\/\/redesignwithjulia.com\/hu\/termek\/herbarium-notes-material-decorativ-mobila-redesign-with-prima\/","title":{"rendered":"Herbarium Notes &#8211; material decorativ mobil\u0103 &#8211; Redesign with Prima"},"content":{"rendered":"","protected":false},"excerpt":{"rendered":"<p>DESCRIERE INFORMA\u021aII SUPLIMENTARE<br \/>\nCrea\u021bi colaje unice \u0219i frumoase cu h\u00e2rtia noastr\u0103 de decor &#8220;Herbarium Notes&#8221;\u00a0 Dispun\u00e2nd de elemente de colaj care sunt perfect coordonate cu colec\u021bia\u00a0 &#8220;Collage Chronicles Collection&#8221;, aceast\u0103 h\u00e2rtie uimitoare este completarea perfect\u0103 pentru proiectele dvs. de artizanat. H\u00e2rtia &#8220;Herbarium Notes&#8221; este realizat\u0103 din materiale de \u00eenalt\u0103 calitate, durabile \u0219i u\u0219or de lucrat. Fie c\u0103 lucra\u021bi la o cutie de bijuterii, o pies\u0103 de mobilier, un album, un jurnal sau orice alt proiect, aceast\u0103 h\u00e2rtie\u00a0 va ad\u0103uga o not\u0103 de elegan\u021b\u0103 \u0219i rafinament lucr\u0103rii dvs. Elementele de colaj sunt alese cu grij\u0103 pentru a se potrivi cu restul colec\u021biei Collage Chronicles, asigur\u00e2ndu-se c\u0103 proiectul dvs. are un aspect coerent \u0219i \u0219i \u00eengrijit. Se lipe\u0219te cu gelul de decou\u0103age.<\/p>","protected":false},"featured_media":2917,"comment_status":"open","ping_status":"closed","template":"","meta":{"_et_pb_use_builder":"","_et_pb_old_content":"","_et_gb_content_width":""},"product_cat":[31],"product_tag":[],"_links":{"self":[{"href":"https:\/\/redesignwithjulia.com\/hu\/wp-json\/wp\/v2\/product\/2916"}],"collection":[{"href":"https:\/\/redesignwithjulia.com\/hu\/wp-json\/wp\/v2\/product"}],"about":[{"href":"https:\/\/redesignwithjulia.com\/hu\/wp-json\/wp\/v2\/types\/product"}],"replies":[{"embeddable":true,"href":"https:\/\/redesignwithjulia.com\/hu\/wp-json\/wp\/v2\/comments?post=2916"}],"wp:featuredmedia":[{"embeddable":true,"href":"https:\/\/redesignwithjulia.com\/hu\/wp-json\/wp\/v2\/media\/2917"}],"wp:attachment":[{"href":"https:\/\/redesignwithjulia.com\/hu\/wp-json\/wp\/v2\/media?parent=2916"}],"wp:term":[{"taxonomy":"product_cat","embeddable":true,"href":"https:\/\/redesignwithjulia.com\/hu\/wp-json\/wp\/v2\/product_cat?post=2916"},{"taxonomy":"product_tag","embeddable":true,"href":"https:\/\/redesignwithjulia.com\/hu\/wp-json\/wp\/v2\/product_tag?post=2916"}],"curies":[{"name":"wp","href":"https:\/\/api.w.org\/{rel}","templated":true}]}}