{"id":2921,"date":"2024-06-14T10:15:04","date_gmt":"2024-06-14T08:15:04","guid":{"rendered":"https:\/\/redesignwithjulia.com\/?post_type=product&#038;p=2921"},"modified":"2025-10-17T12:16:17","modified_gmt":"2025-10-17T10:16:17","slug":"yakitude-material-decorativ-mobila-a1-redesign-with-prima","status":"publish","type":"product","link":"https:\/\/redesignwithjulia.com\/hu\/termek\/yakitude-material-decorativ-mobila-a1-redesign-with-prima\/","title":{"rendered":"Yakitude \u2013 material decorativ mobil\u0103 A1 \u2013 Redesign with Prima"},"content":{"rendered":"","protected":false},"excerpt":{"rendered":"<p>DESCRIERE INFORMA\u021aII SUPLIMENTARE<br \/>\nAduce\u021bi culorile \u00eendr\u0103zne\u021be ale preeriei acas\u0103 cu &#8220;Yakitude&#8221; A1 Decoupage Fiber.<\/p>\n<p>Aceast\u0103 pies\u0103 bogat colorat\u0103 surprinde maronii calzi \u0219i negrii profunzi ai bizonului iconic, pe un fundal ce\u021bos care va face ca orice spa\u021biu s\u0103 se simt\u0103 mai viu. Este un strop de aer liber cu o palet\u0103 care red\u0103 dramatismul natural.\u00a0 Este imprimat\u0103 pe h\u00e2rtie rezistent\u0103, permi\u021b\u00e2ndu-v\u0103 s\u0103 crea\u021bi piese de decor unice \u0219i personalizate, cum ar fi art\u0103 de perete, accente de mobilier \u0219i multe altele. Designul unic este perfect pentru proiectele de decoupage, permi\u021b\u00e2ndu-v\u0103 s\u0103 stratifica\u021bi \u0219i s\u0103 aranja\u021bi imaginile pentru a crea un produs finit uimitor. Aplica\u021bi \u0219i sigila\u021bi cu gelul nostru Decoupage Gel \u00een varianta lucioas\u0103 sau mat\u0103 pentru cele mai bune rezultate.<\/p>","protected":false},"featured_media":2922,"comment_status":"open","ping_status":"closed","template":"","meta":{"_et_pb_use_builder":"","_et_pb_old_content":"","_et_gb_content_width":""},"product_cat":[31],"product_tag":[],"_links":{"self":[{"href":"https:\/\/redesignwithjulia.com\/hu\/wp-json\/wp\/v2\/product\/2921"}],"collection":[{"href":"https:\/\/redesignwithjulia.com\/hu\/wp-json\/wp\/v2\/product"}],"about":[{"href":"https:\/\/redesignwithjulia.com\/hu\/wp-json\/wp\/v2\/types\/product"}],"replies":[{"embeddable":true,"href":"https:\/\/redesignwithjulia.com\/hu\/wp-json\/wp\/v2\/comments?post=2921"}],"wp:featuredmedia":[{"embeddable":true,"href":"https:\/\/redesignwithjulia.com\/hu\/wp-json\/wp\/v2\/media\/2922"}],"wp:attachment":[{"href":"https:\/\/redesignwithjulia.com\/hu\/wp-json\/wp\/v2\/media?parent=2921"}],"wp:term":[{"taxonomy":"product_cat","embeddable":true,"href":"https:\/\/redesignwithjulia.com\/hu\/wp-json\/wp\/v2\/product_cat?post=2921"},{"taxonomy":"product_tag","embeddable":true,"href":"https:\/\/redesignwithjulia.com\/hu\/wp-json\/wp\/v2\/product_tag?post=2921"}],"curies":[{"name":"wp","href":"https:\/\/api.w.org\/{rel}","templated":true}]}}