{"id":2988,"date":"2024-08-18T09:27:58","date_gmt":"2024-08-18T07:27:58","guid":{"rendered":"https:\/\/redesignwithjulia.com\/?post_type=product&#038;p=2988"},"modified":"2024-12-23T19:27:55","modified_gmt":"2024-12-23T17:27:55","slug":"transfer-decorativ-mobila-pumpkin-patch-galore","status":"publish","type":"product","link":"https:\/\/redesignwithjulia.com\/hu\/termek\/transfer-decorativ-mobila-pumpkin-patch-galore\/","title":{"rendered":"Transfer decorativ mini \u2013 Pumpkin Patch Galore"},"content":{"rendered":"","protected":false},"excerpt":{"rendered":"<p>Minitransferul \u201ePumpkin Patch Galore\u201d ofer\u0103 o modalitate \u00eenc\u00e2nt\u0103toare de a infuza proiectele dvs. cu c\u0103ldura \u0219i farmecul toamnei. Acest set include trei foi, fiecare m\u0103sur\u00e2nd 15&#215;30 cm, care prezint\u0103 o varietate de modele de toamn\u0103 centrate \u00een jurul dovlecilor \u0219i frunzelor \u00een diferite culori \u0219i dimensiuni. De la dovlecii portocalii tradi\u021bionali la cei alba\u0219tri \u0219i albi \u00eempodobi\u021bi cu imprimeuri florale albastre superbe, fiecare foaie ofer\u0103 o privire unic\u0103 \u0219i \u00eenc\u00e2nt\u0103toare asupra frumuse\u021bii sezonului. MOD DE UTILIZARE: Realizate cu precizie \u0219i aten\u021bie la detalii, aceste transferuri sunt u\u0219or de aplicat, permi\u021b\u00e2ndu-v\u0103 s\u0103 \u00eencorpora\u021bi f\u0103r\u0103 efort frumuse\u021bea toamnei \u00een proiectele dumneavoastr\u0103. Pur \u0219i simplu selecta\u021bi suprafa\u021ba dorit\u0103, fie c\u0103 este vorba de mobilier, pere\u021bi sau obiecte de decor, dezlipi\u021bi h\u00e2rtia de suport, a\u0219eza\u021bi transferul pe suprafa\u021ba preg\u0103tit\u0103 \u0219i cur\u0103\u021bat\u0103 \u0219i freca\u021bi-o cu instrumentul inclus. Desenele se vor transfera perfect pe suprafa\u021b\u0103, cre\u00e2nd un finisaj cu aspect profesional care evoc\u0103 instantaneu c\u0103ldura \u0219i magia toamnei.<\/p>\n<p>&nbsp;<\/p>","protected":false},"featured_media":2989,"comment_status":"open","ping_status":"closed","template":"","meta":{"_et_pb_use_builder":"","_et_pb_old_content":"","_et_gb_content_width":""},"product_cat":[25],"product_tag":[],"_links":{"self":[{"href":"https:\/\/redesignwithjulia.com\/hu\/wp-json\/wp\/v2\/product\/2988"}],"collection":[{"href":"https:\/\/redesignwithjulia.com\/hu\/wp-json\/wp\/v2\/product"}],"about":[{"href":"https:\/\/redesignwithjulia.com\/hu\/wp-json\/wp\/v2\/types\/product"}],"replies":[{"embeddable":true,"href":"https:\/\/redesignwithjulia.com\/hu\/wp-json\/wp\/v2\/comments?post=2988"}],"wp:featuredmedia":[{"embeddable":true,"href":"https:\/\/redesignwithjulia.com\/hu\/wp-json\/wp\/v2\/media\/2989"}],"wp:attachment":[{"href":"https:\/\/redesignwithjulia.com\/hu\/wp-json\/wp\/v2\/media?parent=2988"}],"wp:term":[{"taxonomy":"product_cat","embeddable":true,"href":"https:\/\/redesignwithjulia.com\/hu\/wp-json\/wp\/v2\/product_cat?post=2988"},{"taxonomy":"product_tag","embeddable":true,"href":"https:\/\/redesignwithjulia.com\/hu\/wp-json\/wp\/v2\/product_tag?post=2988"}],"curies":[{"name":"wp","href":"https:\/\/api.w.org\/{rel}","templated":true}]}}