{"id":2992,"date":"2024-08-31T21:17:59","date_gmt":"2024-08-31T19:17:59","guid":{"rendered":"https:\/\/redesignwithjulia.com\/?post_type=product&#038;p=2992"},"modified":"2025-10-09T20:32:02","modified_gmt":"2025-10-09T18:32:02","slug":"arms-of-the-abyss-material-decorativ-mobila-a1-redesign-with-prima","status":"publish","type":"product","link":"https:\/\/redesignwithjulia.com\/hu\/termek\/arms-of-the-abyss-material-decorativ-mobila-a1-redesign-with-prima\/","title":{"rendered":"Arms of the Abyss &#8211; material decorativ mobil\u0103 A1 &#8211; Redesign with Prima"},"content":{"rendered":"","protected":false},"excerpt":{"rendered":"<p>Explora\u021bi ad\u00e2ncurile misterioase cu materialul decorativ \u201eArms of the Abyss\u201d de la Redesign with Prima. Acest design prezint\u0103 o caracati\u021b\u0103 magnific\u0103 \u00eempodobit\u0103 cu elemente steampunk, aduc\u00e2nd un aer nautic decorului casei tale. Materialul este incredibil de u\u0219or de utilizat. Pur \u0219i simplu m\u0103sura\u021bi \u0219i t\u0103ia\u021bi cantitatea dorit\u0103, ad\u0103uga\u021bi Gel Decoupage pe suprafa\u021ba preg\u0103tit\u0103, a\u0219eza\u021bi h\u00e2rtia deasupra \u0219i netezi\u021bi-o cu un spaclu. Materialul\u00a0 este creat pentru utilizarea pe pere\u021bi, mobilier \u0219i alte elemente de decor.<\/p>","protected":false},"featured_media":2993,"comment_status":"open","ping_status":"closed","template":"","meta":{"_et_pb_use_builder":"","_et_pb_old_content":"","_et_gb_content_width":""},"product_cat":[31],"product_tag":[],"_links":{"self":[{"href":"https:\/\/redesignwithjulia.com\/hu\/wp-json\/wp\/v2\/product\/2992"}],"collection":[{"href":"https:\/\/redesignwithjulia.com\/hu\/wp-json\/wp\/v2\/product"}],"about":[{"href":"https:\/\/redesignwithjulia.com\/hu\/wp-json\/wp\/v2\/types\/product"}],"replies":[{"embeddable":true,"href":"https:\/\/redesignwithjulia.com\/hu\/wp-json\/wp\/v2\/comments?post=2992"}],"wp:featuredmedia":[{"embeddable":true,"href":"https:\/\/redesignwithjulia.com\/hu\/wp-json\/wp\/v2\/media\/2993"}],"wp:attachment":[{"href":"https:\/\/redesignwithjulia.com\/hu\/wp-json\/wp\/v2\/media?parent=2992"}],"wp:term":[{"taxonomy":"product_cat","embeddable":true,"href":"https:\/\/redesignwithjulia.com\/hu\/wp-json\/wp\/v2\/product_cat?post=2992"},{"taxonomy":"product_tag","embeddable":true,"href":"https:\/\/redesignwithjulia.com\/hu\/wp-json\/wp\/v2\/product_tag?post=2992"}],"curies":[{"name":"wp","href":"https:\/\/api.w.org\/{rel}","templated":true}]}}