{"id":3319,"date":"2024-12-23T20:53:35","date_gmt":"2024-12-23T18:53:35","guid":{"rendered":"https:\/\/redesignwithjulia.com\/?post_type=product&#038;p=3319"},"modified":"2025-10-06T09:52:57","modified_gmt":"2025-10-06T07:52:57","slug":"material-decorativ-mobila-a1-dreamlike-trails","status":"publish","type":"product","link":"https:\/\/redesignwithjulia.com\/hu\/termek\/material-decorativ-mobila-a1-dreamlike-trails\/","title":{"rendered":"Material decorativ mobila A1 &#8211; Dreamlike Trails"},"content":{"rendered":"","protected":false},"excerpt":{"rendered":"<p>Imagina\u021bi-v\u0103 c\u0103 v\u0103 plimba\u021bi \u00eentr-o p\u0103dure magic\u0103 desprins\u0103 din copil\u0103ria lui Alice, unde fiecare pas dezv\u0103luie o nou\u0103 minune. Materialul decorativ A1 \u201eDreamlike Trails\u201d este o capodoper\u0103 a detaliilor fermec\u0103toare &#8211; verdele bogat \u0219i profund se \u00eembin\u0103 perfect cu tonurile p\u0103m\u00e2ntii moi, \u00een timp ce ciupercile ro\u0219ii vii \u0219i fluturii delica\u021bi dau via\u021b\u0103 acestei scene de vis. Str\u0103lucirea eteric\u0103 din jurul lui Alice \u00een timp ce exploreaz\u0103 aceast\u0103 lume mistic\u0103 v\u0103 invit\u0103 s\u0103 intra\u021bi \u00een povestea ei \u0219i s\u0103 v\u0103 pierde\u021bi \u00een magia momentului.<\/p>\n<p>Acest design superb este poarta ta de acces c\u0103tre crearea a ceva cu adev\u0103rat extraordinar. Cu culori vibrante \u0219i detalii complicate, aplicarea acestei fibre este floare la ureche. Trebuie doar s\u0103 lua\u021bi gelul Decoupage \u00een varianta Shine sau Matte \u0219i s\u0103 vede\u021bi cum designul se integreaz\u0103 perfect \u00een mobilierul dvs., transform\u00e2ndu-l \u00eentr-un punct focal uimitor care iese \u00een eviden\u021b\u0103 cu un farmec capricios. Aceast\u0103 pies\u0103 se coordoneaz\u0103 minunat cu fiecare articol din colec\u021bia \u201eLost in Wonderland\u201d, fiind absolut necesar\u0103 pentru urm\u0103torul dvs. proiect!<\/p>","protected":false},"featured_media":3320,"comment_status":"open","ping_status":"closed","template":"","meta":{"_et_pb_use_builder":"","_et_pb_old_content":"","_et_gb_content_width":""},"product_cat":[31],"product_tag":[],"_links":{"self":[{"href":"https:\/\/redesignwithjulia.com\/hu\/wp-json\/wp\/v2\/product\/3319"}],"collection":[{"href":"https:\/\/redesignwithjulia.com\/hu\/wp-json\/wp\/v2\/product"}],"about":[{"href":"https:\/\/redesignwithjulia.com\/hu\/wp-json\/wp\/v2\/types\/product"}],"replies":[{"embeddable":true,"href":"https:\/\/redesignwithjulia.com\/hu\/wp-json\/wp\/v2\/comments?post=3319"}],"wp:featuredmedia":[{"embeddable":true,"href":"https:\/\/redesignwithjulia.com\/hu\/wp-json\/wp\/v2\/media\/3320"}],"wp:attachment":[{"href":"https:\/\/redesignwithjulia.com\/hu\/wp-json\/wp\/v2\/media?parent=3319"}],"wp:term":[{"taxonomy":"product_cat","embeddable":true,"href":"https:\/\/redesignwithjulia.com\/hu\/wp-json\/wp\/v2\/product_cat?post=3319"},{"taxonomy":"product_tag","embeddable":true,"href":"https:\/\/redesignwithjulia.com\/hu\/wp-json\/wp\/v2\/product_tag?post=3319"}],"curies":[{"name":"wp","href":"https:\/\/api.w.org\/{rel}","templated":true}]}}