{"id":3446,"date":"2025-01-15T13:46:33","date_gmt":"2025-01-15T11:46:33","guid":{"rendered":"https:\/\/redesignwithjulia.com\/?post_type=product&#038;p=3446"},"modified":"2025-01-15T13:47:18","modified_gmt":"2025-01-15T11:47:18","slug":"tablou","status":"publish","type":"product","link":"https:\/\/redesignwithjulia.com\/hu\/termek\/tablou\/","title":{"rendered":"Tablou"},"content":{"rendered":"<p>Tablou executat cu tehnica decoupage cu materialul decorativ Rustic Refuge de la Redesign with Prima. Dimensiuni 89 x 65 cm. Rama f\u0103cut\u0103 la comand\u0103.<\/p>","protected":false},"excerpt":{"rendered":"<p>Tablou executat cu tehnica decoupage cu materialul decorativ Rustic Refuge de la Redesign with Prima. Dimensiuni 89 x 65 cm. Rama f\u0103cut\u0103 la comand\u0103.<\/p>","protected":false},"featured_media":3447,"comment_status":"open","ping_status":"closed","template":"","meta":{"_et_pb_use_builder":"","_et_pb_old_content":"","_et_gb_content_width":""},"product_cat":[80],"product_tag":[],"_links":{"self":[{"href":"https:\/\/redesignwithjulia.com\/hu\/wp-json\/wp\/v2\/product\/3446"}],"collection":[{"href":"https:\/\/redesignwithjulia.com\/hu\/wp-json\/wp\/v2\/product"}],"about":[{"href":"https:\/\/redesignwithjulia.com\/hu\/wp-json\/wp\/v2\/types\/product"}],"replies":[{"embeddable":true,"href":"https:\/\/redesignwithjulia.com\/hu\/wp-json\/wp\/v2\/comments?post=3446"}],"wp:featuredmedia":[{"embeddable":true,"href":"https:\/\/redesignwithjulia.com\/hu\/wp-json\/wp\/v2\/media\/3447"}],"wp:attachment":[{"href":"https:\/\/redesignwithjulia.com\/hu\/wp-json\/wp\/v2\/media?parent=3446"}],"wp:term":[{"taxonomy":"product_cat","embeddable":true,"href":"https:\/\/redesignwithjulia.com\/hu\/wp-json\/wp\/v2\/product_cat?post=3446"},{"taxonomy":"product_tag","embeddable":true,"href":"https:\/\/redesignwithjulia.com\/hu\/wp-json\/wp\/v2\/product_tag?post=3446"}],"curies":[{"name":"wp","href":"https:\/\/api.w.org\/{rel}","templated":true}]}}