{"id":3601,"date":"2025-01-18T20:49:20","date_gmt":"2025-01-18T18:49:20","guid":{"rendered":"https:\/\/redesignwithjulia.com\/?post_type=product&#038;p=3601"},"modified":"2025-11-04T20:19:55","modified_gmt":"2025-11-04T18:19:55","slug":"vas-sticla-3","status":"publish","type":"product","link":"https:\/\/redesignwithjulia.com\/hu\/termek\/vas-sticla-3\/","title":{"rendered":"Vas sticl\u0103"},"content":{"rendered":"<p>Vas sticl\u0103, p\u0103trat, recondi\u021bionat cu transferul decorativ Blush Bouquet. Dimensiuni 7 x 8 cm.<\/p>","protected":false},"excerpt":{"rendered":"<p>Vas sticl\u0103, p\u0103trat, recondi\u021bionat cu transferul decorativ Blush Bouquet. Dimensiuni 7 x 8 cm.<\/p>","protected":false},"featured_media":3602,"comment_status":"open","ping_status":"closed","template":"","meta":{"_et_pb_use_builder":"","_et_pb_old_content":"","_et_gb_content_width":""},"product_cat":[80],"product_tag":[],"_links":{"self":[{"href":"https:\/\/redesignwithjulia.com\/hu\/wp-json\/wp\/v2\/product\/3601"}],"collection":[{"href":"https:\/\/redesignwithjulia.com\/hu\/wp-json\/wp\/v2\/product"}],"about":[{"href":"https:\/\/redesignwithjulia.com\/hu\/wp-json\/wp\/v2\/types\/product"}],"replies":[{"embeddable":true,"href":"https:\/\/redesignwithjulia.com\/hu\/wp-json\/wp\/v2\/comments?post=3601"}],"wp:featuredmedia":[{"embeddable":true,"href":"https:\/\/redesignwithjulia.com\/hu\/wp-json\/wp\/v2\/media\/3602"}],"wp:attachment":[{"href":"https:\/\/redesignwithjulia.com\/hu\/wp-json\/wp\/v2\/media?parent=3601"}],"wp:term":[{"taxonomy":"product_cat","embeddable":true,"href":"https:\/\/redesignwithjulia.com\/hu\/wp-json\/wp\/v2\/product_cat?post=3601"},{"taxonomy":"product_tag","embeddable":true,"href":"https:\/\/redesignwithjulia.com\/hu\/wp-json\/wp\/v2\/product_tag?post=3601"}],"curies":[{"name":"wp","href":"https:\/\/api.w.org\/{rel}","templated":true}]}}