{"id":3622,"date":"2025-01-19T12:24:17","date_gmt":"2025-01-19T10:24:17","guid":{"rendered":"https:\/\/redesignwithjulia.com\/?post_type=product&#038;p=3622"},"modified":"2025-12-01T13:48:33","modified_gmt":"2025-12-01T11:48:33","slug":"goblen","status":"publish","type":"product","link":"https:\/\/redesignwithjulia.com\/hu\/termek\/goblen\/","title":{"rendered":"Goblen"},"content":{"rendered":"<p>Dimensiuni cu ram\u0103: 28 x 33,5 cm. Protejat cu sticl\u0103. Peisaj de iarna cu biseric\u0103.<\/p>","protected":false},"excerpt":{"rendered":"<p>Dimensiuni cu ram\u0103: 28 x 33,5 cm. Protejat cu sticl\u0103. Peisaj de iarna cu biseric\u0103.<\/p>","protected":false},"featured_media":3623,"comment_status":"open","ping_status":"closed","template":"","meta":{"_et_pb_use_builder":"","_et_pb_old_content":"","_et_gb_content_width":""},"product_cat":[80],"product_tag":[],"_links":{"self":[{"href":"https:\/\/redesignwithjulia.com\/hu\/wp-json\/wp\/v2\/product\/3622"}],"collection":[{"href":"https:\/\/redesignwithjulia.com\/hu\/wp-json\/wp\/v2\/product"}],"about":[{"href":"https:\/\/redesignwithjulia.com\/hu\/wp-json\/wp\/v2\/types\/product"}],"replies":[{"embeddable":true,"href":"https:\/\/redesignwithjulia.com\/hu\/wp-json\/wp\/v2\/comments?post=3622"}],"wp:featuredmedia":[{"embeddable":true,"href":"https:\/\/redesignwithjulia.com\/hu\/wp-json\/wp\/v2\/media\/3623"}],"wp:attachment":[{"href":"https:\/\/redesignwithjulia.com\/hu\/wp-json\/wp\/v2\/media?parent=3622"}],"wp:term":[{"taxonomy":"product_cat","embeddable":true,"href":"https:\/\/redesignwithjulia.com\/hu\/wp-json\/wp\/v2\/product_cat?post=3622"},{"taxonomy":"product_tag","embeddable":true,"href":"https:\/\/redesignwithjulia.com\/hu\/wp-json\/wp\/v2\/product_tag?post=3622"}],"curies":[{"name":"wp","href":"https:\/\/api.w.org\/{rel}","templated":true}]}}