{"id":3643,"date":"2025-01-20T09:43:16","date_gmt":"2025-01-20T07:43:16","guid":{"rendered":"https:\/\/redesignwithjulia.com\/?post_type=product&#038;p=3643"},"modified":"2025-01-20T09:44:38","modified_gmt":"2025-01-20T07:44:38","slug":"madame-garland-matrita-silicon-redesign-with-prima","status":"publish","type":"product","link":"https:\/\/redesignwithjulia.com\/hu\/termek\/madame-garland-matrita-silicon-redesign-with-prima\/","title":{"rendered":"Madame Garland \u2013 Matri\u021b\u0103 silicon Redesign with Prima"},"content":{"rendered":"<p><span class=\"date-color\">SKU:\u00a0<\/span><span class=\"sku\">655350636357<\/span><\/p>\n<p>Matri\u021be din silicon de \u00eenalt\u0103 calitate, perfecte pentru utilizarea cu lut, r\u0103\u0219in\u0103 \u0219i multe alte materiale. Perfecte pentru decor, art\u0103, medii mixte \u0219i aplica\u021bii alimentare. Sunt rezistente la c\u0103ldur\u0103 \u0219i sigure pentru alimente.<\/p>","protected":false},"excerpt":{"rendered":"<p>SKU:\u00a0655350636357 Matri\u021be din silicon de \u00eenalt\u0103 calitate, perfecte pentru utilizarea cu lut, r\u0103\u0219in\u0103 \u0219i multe alte materiale. Perfecte pentru decor, art\u0103, medii mixte \u0219i aplica\u021bii alimentare. Sunt rezistente la c\u0103ldur\u0103 \u0219i sigure pentru alimente.<\/p>","protected":false},"featured_media":3644,"comment_status":"open","ping_status":"closed","template":"","meta":{"_et_pb_use_builder":"","_et_pb_old_content":"","_et_gb_content_width":""},"product_cat":[21],"product_tag":[],"_links":{"self":[{"href":"https:\/\/redesignwithjulia.com\/hu\/wp-json\/wp\/v2\/product\/3643"}],"collection":[{"href":"https:\/\/redesignwithjulia.com\/hu\/wp-json\/wp\/v2\/product"}],"about":[{"href":"https:\/\/redesignwithjulia.com\/hu\/wp-json\/wp\/v2\/types\/product"}],"replies":[{"embeddable":true,"href":"https:\/\/redesignwithjulia.com\/hu\/wp-json\/wp\/v2\/comments?post=3643"}],"wp:featuredmedia":[{"embeddable":true,"href":"https:\/\/redesignwithjulia.com\/hu\/wp-json\/wp\/v2\/media\/3644"}],"wp:attachment":[{"href":"https:\/\/redesignwithjulia.com\/hu\/wp-json\/wp\/v2\/media?parent=3643"}],"wp:term":[{"taxonomy":"product_cat","embeddable":true,"href":"https:\/\/redesignwithjulia.com\/hu\/wp-json\/wp\/v2\/product_cat?post=3643"},{"taxonomy":"product_tag","embeddable":true,"href":"https:\/\/redesignwithjulia.com\/hu\/wp-json\/wp\/v2\/product_tag?post=3643"}],"curies":[{"name":"wp","href":"https:\/\/api.w.org\/{rel}","templated":true}]}}