{"id":3741,"date":"2025-01-30T21:13:28","date_gmt":"2025-01-30T19:13:28","guid":{"rendered":"https:\/\/redesignwithjulia.com\/?post_type=product&#038;p=3741"},"modified":"2025-01-30T21:25:00","modified_gmt":"2025-01-30T19:25:00","slug":"chirping-bliss-material-decorativ-mobila","status":"publish","type":"product","link":"https:\/\/redesignwithjulia.com\/hu\/termek\/chirping-bliss-material-decorativ-mobila\/","title":{"rendered":"Chirping Bliss\u2013 material decorativ mobil\u0103"},"content":{"rendered":"<p>Cu p\u0103s\u0103ri c\u00e2nt\u0103toare fermec\u0103toare coco\u021bate pe ramuri delicate, Chirping Bliss este un nou pachet de fibre A3 Decoupage care surprinde frumuse\u021bea senin\u0103 a naturii. Florile crem bl\u00e2nde \u00eenfloresc pe fundaluri verzi de vis, cre\u00e2nd o atmosfer\u0103 lini\u0219tit\u0103, \u00een\u0103l\u021b\u0103toare.<\/p>\n<p>Acest set frumos include trei foi (29,7 x 42 cm fiecare) cu patru modele unice, create pentru a ad\u0103uga o not\u0103 de elegan\u021b\u0103 \u0219i farmec lini\u0219tit proiectelor dvs. de materiale mixte, mobilier sau decora\u021biuni interioare.<\/p>\n<p>L\u0103sa\u021bi frumuse\u021bea bl\u00e2nd\u0103 a lui Chirping Bliss s\u0103 v\u0103 inspire creativitatea \u0219i s\u0103 aduc\u0103 un pic din armonia naturii \u00een lucr\u0103rile dumneavoastr\u0103.<\/p>\n<p>Pentru un finisaj impecabil, combina\u021bi cu Decoupage Gel \u00een varianta mat\u0103 sau lucioas\u0103, exclusiv de la Redesign with Prima.<\/p>\n<p>Dimensiuni: trei foi de 29,7 x 42 cm fiecare.<\/p>\n<p>EDI\u021aIE LIMITAT\u0102!<\/p>","protected":false},"excerpt":{"rendered":"<p>Cu p\u0103s\u0103ri c\u00e2nt\u0103toare fermec\u0103toare coco\u021bate pe ramuri delicate, Chirping Bliss este un nou pachet de fibre A3 Decoupage care surprinde frumuse\u021bea senin\u0103 a naturii. Florile crem bl\u00e2nde \u00eenfloresc pe fundaluri verzi de vis, cre\u00e2nd o atmosfer\u0103 lini\u0219tit\u0103, \u00een\u0103l\u021b\u0103toare. Acest set frumos include trei foi (29,7 x 42 cm fiecare) cu patru modele unice, create pentru [&hellip;]<\/p>","protected":false},"featured_media":3742,"comment_status":"open","ping_status":"closed","template":"","meta":{"_et_pb_use_builder":"","_et_pb_old_content":"","_et_gb_content_width":""},"product_cat":[67],"product_tag":[],"_links":{"self":[{"href":"https:\/\/redesignwithjulia.com\/hu\/wp-json\/wp\/v2\/product\/3741"}],"collection":[{"href":"https:\/\/redesignwithjulia.com\/hu\/wp-json\/wp\/v2\/product"}],"about":[{"href":"https:\/\/redesignwithjulia.com\/hu\/wp-json\/wp\/v2\/types\/product"}],"replies":[{"embeddable":true,"href":"https:\/\/redesignwithjulia.com\/hu\/wp-json\/wp\/v2\/comments?post=3741"}],"wp:featuredmedia":[{"embeddable":true,"href":"https:\/\/redesignwithjulia.com\/hu\/wp-json\/wp\/v2\/media\/3742"}],"wp:attachment":[{"href":"https:\/\/redesignwithjulia.com\/hu\/wp-json\/wp\/v2\/media?parent=3741"}],"wp:term":[{"taxonomy":"product_cat","embeddable":true,"href":"https:\/\/redesignwithjulia.com\/hu\/wp-json\/wp\/v2\/product_cat?post=3741"},{"taxonomy":"product_tag","embeddable":true,"href":"https:\/\/redesignwithjulia.com\/hu\/wp-json\/wp\/v2\/product_tag?post=3741"}],"curies":[{"name":"wp","href":"https:\/\/api.w.org\/{rel}","templated":true}]}}