{"id":3830,"date":"2025-02-04T19:03:54","date_gmt":"2025-02-04T17:03:54","guid":{"rendered":"https:\/\/redesignwithjulia.com\/?post_type=product&#038;p=3830"},"modified":"2025-02-08T20:27:17","modified_gmt":"2025-02-08T18:27:17","slug":"lattice-crown-matrita-silicon-dadarkararts-get-inspired","status":"publish","type":"product","link":"https:\/\/redesignwithjulia.com\/hu\/termek\/lattice-crown-matrita-silicon-dadarkararts-get-inspired\/","title":{"rendered":"Matri\u021b\u0103 silicon Lattice Crown &#8211; Dadarkararts &#8211; Get Inspired"},"content":{"rendered":"<p>Get Inspired v\u0103 aduce abilit\u0103\u021bile de artizanat sau de decorare a torturilor la un nou nivel, permi\u021b\u00e2ndu-v\u0103 s\u0103 aduce\u021bi o calitate profesional\u0103 muncii dvs. Caracteristici: Este u\u0219or s\u0103 crea\u021bi forme detaliate \u00een modele interesante, gata s\u0103 le plasa\u021bi pe tort sau \u00een artizanat, scrapbooking! Potrivit \u00een art\u0103 \u0219i artizanat, coacere, modelare lut,&#8230;<\/p>","protected":false},"excerpt":{"rendered":"<p>Get Inspired v\u0103 aduce abilit\u0103\u021bile de artizanat sau de decorare a torturilor la un nou nivel, permi\u021b\u00e2ndu-v\u0103 s\u0103 aduce\u021bi o calitate profesional\u0103 muncii dvs. Caracteristici: Este u\u0219or s\u0103 crea\u021bi forme detaliate \u00een modele interesante, gata s\u0103 le plasa\u021bi pe tort sau \u00een artizanat, scrapbooking! Potrivit \u00een art\u0103 \u0219i artizanat, coacere, modelare lut,&#8230;<\/p>","protected":false},"featured_media":3831,"comment_status":"open","ping_status":"closed","template":"","meta":{"_et_pb_use_builder":"","_et_pb_old_content":"","_et_gb_content_width":""},"product_cat":[61],"product_tag":[],"_links":{"self":[{"href":"https:\/\/redesignwithjulia.com\/hu\/wp-json\/wp\/v2\/product\/3830"}],"collection":[{"href":"https:\/\/redesignwithjulia.com\/hu\/wp-json\/wp\/v2\/product"}],"about":[{"href":"https:\/\/redesignwithjulia.com\/hu\/wp-json\/wp\/v2\/types\/product"}],"replies":[{"embeddable":true,"href":"https:\/\/redesignwithjulia.com\/hu\/wp-json\/wp\/v2\/comments?post=3830"}],"wp:featuredmedia":[{"embeddable":true,"href":"https:\/\/redesignwithjulia.com\/hu\/wp-json\/wp\/v2\/media\/3831"}],"wp:attachment":[{"href":"https:\/\/redesignwithjulia.com\/hu\/wp-json\/wp\/v2\/media?parent=3830"}],"wp:term":[{"taxonomy":"product_cat","embeddable":true,"href":"https:\/\/redesignwithjulia.com\/hu\/wp-json\/wp\/v2\/product_cat?post=3830"},{"taxonomy":"product_tag","embeddable":true,"href":"https:\/\/redesignwithjulia.com\/hu\/wp-json\/wp\/v2\/product_tag?post=3830"}],"curies":[{"name":"wp","href":"https:\/\/api.w.org\/{rel}","templated":true}]}}