{"id":3843,"date":"2025-02-04T23:31:47","date_gmt":"2025-02-04T21:31:47","guid":{"rendered":"https:\/\/redesignwithjulia.com\/?post_type=product&#038;p=3843"},"modified":"2025-02-04T23:35:34","modified_gmt":"2025-02-04T21:35:34","slug":"golden-serenade-kacha-transfer-decorativ-a4","status":"publish","type":"product","link":"https:\/\/redesignwithjulia.com\/hu\/termek\/golden-serenade-kacha-transfer-decorativ-a4\/","title":{"rendered":"Golden Serenade (KACHA) &#8211; transfer decorativ A4"},"content":{"rendered":"<p>Aduce\u021bi un farmec lini\u0219tit mobilierului dvs. cu Golden Serenade de la K\u00e1cha.<\/p>\n<p>Cu p\u0103s\u0103ri delicate \u0219i detalii botanice \u00een folie aurie uimitoare, acest transfer\u00a0 adaug\u0103 un sentiment de elegan\u021b\u0103 natural\u0103 casei tale. Fie c\u0103 \u00eempodobe\u0219te o comod\u0103 verde bogat sau accentueaz\u0103 un dulap neutru, aduce o str\u0103lucire subtil\u0103 care atrage aten\u021bia f\u0103r\u0103 a cople\u0219i.<\/p>\n<p>MOD DE UTILIZARE: Pur \u0219i simplu a\u0219eza\u021bi, freca\u021bi \u0219i sigila\u021bi pentru un finisaj f\u0103r\u0103 cusur. Cu designul atent al lui K\u00e1cha, mobila dvs. devine o oper\u0103 de art\u0103 atemporal\u0103.<\/p>\n<p>Dimensiuni: 21,5 x 27,9 cm ( 2 foi)<\/p>","protected":false},"excerpt":{"rendered":"<p>Aduce\u021bi un farmec lini\u0219tit mobilierului dvs. cu Golden Serenade de la K\u00e1cha. Cu p\u0103s\u0103ri delicate \u0219i detalii botanice \u00een folie aurie uimitoare, acest transfer\u00a0 adaug\u0103 un sentiment de elegan\u021b\u0103 natural\u0103 casei tale. Fie c\u0103 \u00eempodobe\u0219te o comod\u0103 verde bogat sau accentueaz\u0103 un dulap neutru, aduce o str\u0103lucire subtil\u0103 care atrage aten\u021bia f\u0103r\u0103 a cople\u0219i. MOD [&hellip;]<\/p>","protected":false},"featured_media":3844,"comment_status":"open","ping_status":"closed","template":"","meta":{"_et_pb_use_builder":"","_et_pb_old_content":"","_et_gb_content_width":""},"product_cat":[79],"product_tag":[],"_links":{"self":[{"href":"https:\/\/redesignwithjulia.com\/hu\/wp-json\/wp\/v2\/product\/3843"}],"collection":[{"href":"https:\/\/redesignwithjulia.com\/hu\/wp-json\/wp\/v2\/product"}],"about":[{"href":"https:\/\/redesignwithjulia.com\/hu\/wp-json\/wp\/v2\/types\/product"}],"replies":[{"embeddable":true,"href":"https:\/\/redesignwithjulia.com\/hu\/wp-json\/wp\/v2\/comments?post=3843"}],"wp:featuredmedia":[{"embeddable":true,"href":"https:\/\/redesignwithjulia.com\/hu\/wp-json\/wp\/v2\/media\/3844"}],"wp:attachment":[{"href":"https:\/\/redesignwithjulia.com\/hu\/wp-json\/wp\/v2\/media?parent=3843"}],"wp:term":[{"taxonomy":"product_cat","embeddable":true,"href":"https:\/\/redesignwithjulia.com\/hu\/wp-json\/wp\/v2\/product_cat?post=3843"},{"taxonomy":"product_tag","embeddable":true,"href":"https:\/\/redesignwithjulia.com\/hu\/wp-json\/wp\/v2\/product_tag?post=3843"}],"curies":[{"name":"wp","href":"https:\/\/api.w.org\/{rel}","templated":true}]}}