{"id":3859,"date":"2025-02-07T13:47:20","date_gmt":"2025-02-07T11:47:20","guid":{"rendered":"https:\/\/redesignwithjulia.com\/?post_type=product&#038;p=3859"},"modified":"2025-02-07T13:48:09","modified_gmt":"2025-02-07T11:48:09","slug":"transfer-decorativ-bird-watching-folie-cupru","status":"publish","type":"product","link":"https:\/\/redesignwithjulia.com\/hu\/termek\/transfer-decorativ-bird-watching-folie-cupru\/","title":{"rendered":"Transfer Decorativ &#8211; Bird Watching &#8211; folie cupru"},"content":{"rendered":"<p>Transferul decorativ Kacha \u201eBird Watching\u201d\u00a0 \u00een folie de cupru surprinde esen\u021ba plin\u0103 de via\u021b\u0103 a unei gr\u0103dini \u00een plin\u0103 \u00eenflorire. Aceast\u0103 pies\u0103, plin\u0103 de p\u0103s\u0103ri coco\u021bate printre ramuri florale, aduce o not\u0103 organic\u0103 \u0219i dinamic\u0103 oric\u0103rui spa\u021biu. Tonurile calde de cupru reflect\u0103 o str\u0103lucire moale, evoc\u00e2nd magia orei de aur \u00een natur\u0103. Acest design \u00eembin\u0103 elegan\u021ba cuprului cu spiritul juc\u0103u\u0219 al vie\u021bii s\u0103lbatice.<\/p>\n<p>Transferurile sunt incredibil de u\u0219or de utilizat. Pur \u0219i simplu dezlipi\u021bi h\u00e2rtia de suport, a\u0219eza\u021bi transferul pe suprafa\u021ba dorit\u0103 \u0219i freca\u021bi-o cu instrumentul inclus pentru a transfera desenul. Transferul poate fi t\u0103iat \u0219i rearanjat pentru a se potrivi nevoilor dvs. specifice, ceea ce \u00eel face o alegere versatil\u0103 \u0219i personalizabil\u0103 pentru toate proiectele dvs. Sigila\u021bi cu lacul pe baz\u0103 de ap\u0103, preferat sau cu cear\u0103 transparent\u0103.<\/p>","protected":false},"excerpt":{"rendered":"<p>Transferul decorativ Kacha \u201eBird Watching\u201d\u00a0 \u00een folie de cupru surprinde esen\u021ba plin\u0103 de via\u021b\u0103 a unei gr\u0103dini \u00een plin\u0103 \u00eenflorire. Aceast\u0103 pies\u0103, plin\u0103 de p\u0103s\u0103ri coco\u021bate printre ramuri florale, aduce o not\u0103 organic\u0103 \u0219i dinamic\u0103 oric\u0103rui spa\u021biu. Tonurile calde de cupru reflect\u0103 o str\u0103lucire moale, evoc\u00e2nd magia orei de aur \u00een natur\u0103. Acest design \u00eembin\u0103 [&hellip;]<\/p>","protected":false},"featured_media":3860,"comment_status":"open","ping_status":"closed","template":"","meta":{"_et_pb_use_builder":"","_et_pb_old_content":"","_et_gb_content_width":""},"product_cat":[79],"product_tag":[],"_links":{"self":[{"href":"https:\/\/redesignwithjulia.com\/hu\/wp-json\/wp\/v2\/product\/3859"}],"collection":[{"href":"https:\/\/redesignwithjulia.com\/hu\/wp-json\/wp\/v2\/product"}],"about":[{"href":"https:\/\/redesignwithjulia.com\/hu\/wp-json\/wp\/v2\/types\/product"}],"replies":[{"embeddable":true,"href":"https:\/\/redesignwithjulia.com\/hu\/wp-json\/wp\/v2\/comments?post=3859"}],"wp:featuredmedia":[{"embeddable":true,"href":"https:\/\/redesignwithjulia.com\/hu\/wp-json\/wp\/v2\/media\/3860"}],"wp:attachment":[{"href":"https:\/\/redesignwithjulia.com\/hu\/wp-json\/wp\/v2\/media?parent=3859"}],"wp:term":[{"taxonomy":"product_cat","embeddable":true,"href":"https:\/\/redesignwithjulia.com\/hu\/wp-json\/wp\/v2\/product_cat?post=3859"},{"taxonomy":"product_tag","embeddable":true,"href":"https:\/\/redesignwithjulia.com\/hu\/wp-json\/wp\/v2\/product_tag?post=3859"}],"curies":[{"name":"wp","href":"https:\/\/api.w.org\/{rel}","templated":true}]}}