{"id":3865,"date":"2025-02-07T21:42:34","date_gmt":"2025-02-07T19:42:34","guid":{"rendered":"https:\/\/redesignwithjulia.com\/?post_type=product&#038;p=3865"},"modified":"2025-02-07T23:36:19","modified_gmt":"2025-02-07T21:36:19","slug":"transfer-decorativ-maxi-autumnal-bliss","status":"publish","type":"product","link":"https:\/\/redesignwithjulia.com\/hu\/termek\/transfer-decorativ-maxi-autumnal-bliss\/","title":{"rendered":"Transfer decorativ  Maxi &#8211; Autumnal Bliss"},"content":{"rendered":"<p>Acest design va ad\u0103uga elegan\u021b\u0103 \u0219i frumuse\u021be proiectelor dumneavoastr\u0103.<\/p>\n<p>Aceast\u0103 nou\u0103 dimensiune de 30.5 x 30.5 cm v\u0103 permite s\u0103 crea\u021bi proiecte la o scar\u0103 medie sau mai mic\u0103.<\/p>\n<p>Transferul este at\u00e2t de u\u0219or de utilizat: pur \u0219i simplu dezlipi\u021bi suportul de protec\u021bie, aplica\u021bi transferul pe suprafa\u021ba preg\u0103tit\u0103, freca\u021bi designul cu ajutorul be\u021bi\u0219orului inclus (sau utiliza\u021bi instrumentul nostru de transfer), dezlipi\u021bi foaia superioar\u0103 (verifica\u021bi pentru a v\u0103 asigura c\u0103 \u00eentregul design a fost transferat) \u0219i lustrui\u021bi pentru a elimina orice halouri existente.<\/p>\n<p>&nbsp;<\/p>","protected":false},"excerpt":{"rendered":"<p>Acest design va ad\u0103uga elegan\u021b\u0103 \u0219i frumuse\u021be proiectelor dumneavoastr\u0103. Aceast\u0103 nou\u0103 dimensiune de 30.5 x 30.5 cm v\u0103 permite s\u0103 crea\u021bi proiecte la o scar\u0103 medie sau mai mic\u0103. Transferul este at\u00e2t de u\u0219or de utilizat: pur \u0219i simplu dezlipi\u021bi suportul de protec\u021bie, aplica\u021bi transferul pe suprafa\u021ba preg\u0103tit\u0103, freca\u021bi designul cu ajutorul be\u021bi\u0219orului inclus (sau [&hellip;]<\/p>","protected":false},"featured_media":3866,"comment_status":"open","ping_status":"closed","template":"","meta":{"_et_pb_use_builder":"","_et_pb_old_content":"","_et_gb_content_width":""},"product_cat":[79,69],"product_tag":[],"_links":{"self":[{"href":"https:\/\/redesignwithjulia.com\/hu\/wp-json\/wp\/v2\/product\/3865"}],"collection":[{"href":"https:\/\/redesignwithjulia.com\/hu\/wp-json\/wp\/v2\/product"}],"about":[{"href":"https:\/\/redesignwithjulia.com\/hu\/wp-json\/wp\/v2\/types\/product"}],"replies":[{"embeddable":true,"href":"https:\/\/redesignwithjulia.com\/hu\/wp-json\/wp\/v2\/comments?post=3865"}],"wp:featuredmedia":[{"embeddable":true,"href":"https:\/\/redesignwithjulia.com\/hu\/wp-json\/wp\/v2\/media\/3866"}],"wp:attachment":[{"href":"https:\/\/redesignwithjulia.com\/hu\/wp-json\/wp\/v2\/media?parent=3865"}],"wp:term":[{"taxonomy":"product_cat","embeddable":true,"href":"https:\/\/redesignwithjulia.com\/hu\/wp-json\/wp\/v2\/product_cat?post=3865"},{"taxonomy":"product_tag","embeddable":true,"href":"https:\/\/redesignwithjulia.com\/hu\/wp-json\/wp\/v2\/product_tag?post=3865"}],"curies":[{"name":"wp","href":"https:\/\/api.w.org\/{rel}","templated":true}]}}