{"id":3872,"date":"2025-02-07T23:14:23","date_gmt":"2025-02-07T21:14:23","guid":{"rendered":"https:\/\/redesignwithjulia.com\/?post_type=product&#038;p=3872"},"modified":"2025-02-07T23:34:29","modified_gmt":"2025-02-07T21:34:29","slug":"transfer-decorativ-magnolia-grandiflora","status":"publish","type":"product","link":"https:\/\/redesignwithjulia.com\/hu\/termek\/transfer-decorativ-magnolia-grandiflora\/","title":{"rendered":"Transfer Decorativ &#8211; Magnolia Grandiflora"},"content":{"rendered":"<p>Crea\u021bi frumuse\u021be cu transferul decorativ Magnolia perfect pentru a crea o pies\u0103 de decor frumoas\u0103 \u0219i ornamentat\u0103 \u00een cel mai scurt timp.Transferul nostru este at\u00e2t de u\u0219or de utilizat: pur \u0219i simplu dezlipi\u021bi suportul de protec\u021bie, aplica\u021bi transferul pe suprafa\u021ba preg\u0103tit\u0103, freca\u021bi designul cu stick-ul inclus (sau utiliza\u021bi instrumentul nostru de transfer), dezlipi\u021bi foaia superioar\u0103 (verifica\u021bi pentru a v\u0103 asigura c\u0103 \u00eentregul design a fost transferat) \u0219i lustrui\u021bi pentru a elimina orice halouri existente. Sigila\u021bi cu lac sau cear\u0103.<\/p>\n<p>Dimensiuni: 60,96 x 88,90 cm<\/p>","protected":false},"excerpt":{"rendered":"<p>Crea\u021bi frumuse\u021be cu transferul decorativ Magnolia perfect pentru a crea o pies\u0103 de decor frumoas\u0103 \u0219i ornamentat\u0103 \u00een cel mai scurt timp.Transferul nostru este at\u00e2t de u\u0219or de utilizat: pur \u0219i simplu dezlipi\u021bi suportul de protec\u021bie, aplica\u021bi transferul pe suprafa\u021ba preg\u0103tit\u0103, freca\u021bi designul cu stick-ul inclus (sau utiliza\u021bi instrumentul nostru de transfer), dezlipi\u021bi foaia superioar\u0103 [&hellip;]<\/p>","protected":false},"featured_media":3873,"comment_status":"open","ping_status":"closed","template":"","meta":{"_et_pb_use_builder":"","_et_pb_old_content":"","_et_gb_content_width":""},"product_cat":[79],"product_tag":[],"_links":{"self":[{"href":"https:\/\/redesignwithjulia.com\/hu\/wp-json\/wp\/v2\/product\/3872"}],"collection":[{"href":"https:\/\/redesignwithjulia.com\/hu\/wp-json\/wp\/v2\/product"}],"about":[{"href":"https:\/\/redesignwithjulia.com\/hu\/wp-json\/wp\/v2\/types\/product"}],"replies":[{"embeddable":true,"href":"https:\/\/redesignwithjulia.com\/hu\/wp-json\/wp\/v2\/comments?post=3872"}],"wp:featuredmedia":[{"embeddable":true,"href":"https:\/\/redesignwithjulia.com\/hu\/wp-json\/wp\/v2\/media\/3873"}],"wp:attachment":[{"href":"https:\/\/redesignwithjulia.com\/hu\/wp-json\/wp\/v2\/media?parent=3872"}],"wp:term":[{"taxonomy":"product_cat","embeddable":true,"href":"https:\/\/redesignwithjulia.com\/hu\/wp-json\/wp\/v2\/product_cat?post=3872"},{"taxonomy":"product_tag","embeddable":true,"href":"https:\/\/redesignwithjulia.com\/hu\/wp-json\/wp\/v2\/product_tag?post=3872"}],"curies":[{"name":"wp","href":"https:\/\/api.w.org\/{rel}","templated":true}]}}