{"id":3879,"date":"2025-02-07T23:44:18","date_gmt":"2025-02-07T21:44:18","guid":{"rendered":"https:\/\/redesignwithjulia.com\/?post_type=product&#038;p=3879"},"modified":"2025-02-08T20:08:23","modified_gmt":"2025-02-08T18:08:23","slug":"transfer-decorativ-floral-court","status":"publish","type":"product","link":"https:\/\/redesignwithjulia.com\/hu\/termek\/transfer-decorativ-floral-court\/","title":{"rendered":"Transfer Decorativ &#8211; Floral Court"},"content":{"rendered":"<p>Explora\u021bi numeroasele posibilit\u0103\u021bi de a v\u0103 transforma casa cu ajutorul transferurilor noastre decorative. Excep\u021bional de detaliate, superb compuse \u0219i u\u0219or de aplicat f\u0103r\u0103 efort, aceste transferuri v\u0103 vor transforma spa\u021biul de locuit. Utiliza\u021bi-le pe pere\u021bi, mobilier, lemn, u\u0219i \u0219i multe alte suprafe\u021be. Posibilit\u0103\u021bile sunt nelimitate.<\/p>\n<p>Dimensiuni: 60,96 x 88,90cm<\/p>","protected":false},"excerpt":{"rendered":"<p>Explora\u021bi numeroasele posibilit\u0103\u021bi de a v\u0103 transforma casa cu ajutorul transferurilor noastre decorative. Excep\u021bional de detaliate, superb compuse \u0219i u\u0219or de aplicat f\u0103r\u0103 efort, aceste transferuri v\u0103 vor transforma spa\u021biul de locuit. Utiliza\u021bi-le pe pere\u021bi, mobilier, lemn, u\u0219i \u0219i multe alte suprafe\u021be. Posibilit\u0103\u021bile sunt nelimitate. Dimensiuni: 60,96 x 88,90cm<\/p>","protected":false},"featured_media":3880,"comment_status":"open","ping_status":"closed","template":"","meta":{"_et_pb_use_builder":"","_et_pb_old_content":"","_et_gb_content_width":""},"product_cat":[25],"product_tag":[],"_links":{"self":[{"href":"https:\/\/redesignwithjulia.com\/hu\/wp-json\/wp\/v2\/product\/3879"}],"collection":[{"href":"https:\/\/redesignwithjulia.com\/hu\/wp-json\/wp\/v2\/product"}],"about":[{"href":"https:\/\/redesignwithjulia.com\/hu\/wp-json\/wp\/v2\/types\/product"}],"replies":[{"embeddable":true,"href":"https:\/\/redesignwithjulia.com\/hu\/wp-json\/wp\/v2\/comments?post=3879"}],"wp:featuredmedia":[{"embeddable":true,"href":"https:\/\/redesignwithjulia.com\/hu\/wp-json\/wp\/v2\/media\/3880"}],"wp:attachment":[{"href":"https:\/\/redesignwithjulia.com\/hu\/wp-json\/wp\/v2\/media?parent=3879"}],"wp:term":[{"taxonomy":"product_cat","embeddable":true,"href":"https:\/\/redesignwithjulia.com\/hu\/wp-json\/wp\/v2\/product_cat?post=3879"},{"taxonomy":"product_tag","embeddable":true,"href":"https:\/\/redesignwithjulia.com\/hu\/wp-json\/wp\/v2\/product_tag?post=3879"}],"curies":[{"name":"wp","href":"https:\/\/api.w.org\/{rel}","templated":true}]}}