{"id":4023,"date":"2025-03-17T21:59:35","date_gmt":"2025-03-17T19:59:35","guid":{"rendered":"https:\/\/redesignwithjulia.com\/?post_type=product&#038;p=4023"},"modified":"2025-03-17T22:00:37","modified_gmt":"2025-03-17T20:00:37","slug":"cerulean-blooms-i-material-decorativ-mobila","status":"publish","type":"product","link":"https:\/\/redesignwithjulia.com\/hu\/termek\/cerulean-blooms-i-material-decorativ-mobila\/","title":{"rendered":"Cerulean Blooms I &#8211; material decorativ mobil\u0103"},"content":{"rendered":"<p>Transforma\u021bi decorul casei dvs. cu materialul decorativ \u201eCerulean Blooms I\u201d, ad\u0103ug\u00e2nd o not\u0103 de frumuse\u021be floral\u0103 oric\u0103rei \u00eenc\u0103peri.<\/p>\n<p>Dispun\u00e2nd de un fundal albastru cerulean profund, flori crem frumoase \u0219i frunze \u0219optite, fiecare element lucreaz\u0103 \u00eempreun\u0103 pentru a crea un design frumos, atr\u0103g\u0103tor, care confer\u0103 o not\u0103 de elegan\u021b\u0103 \u0219i frumuse\u021be oric\u0103rei camere.<\/p>\n<p>Materialul este incredibil de u\u0219or de utilizat.<br \/>\nPur \u0219i simplu m\u0103sura\u021bi \u0219i t\u0103ia\u021bi cantitatea dorit\u0103, ad\u0103uga\u021bi Gel de transfer pe suprafa\u021ba preg\u0103tit\u0103, a\u0219eza\u021bi h\u00e2rtia deasupra \u0219i netezi\u021bi-o cu o unealt\u0103. Ad\u0103uga\u021bi \u00eenc\u0103 un strat de Transfer Gel deasupra \u0219i l\u0103sa\u021bi s\u0103 se usuce.<\/p>\n<p>Dimensiuni: 48,26 x 76,2 cm<\/p>","protected":false},"excerpt":{"rendered":"<p>Transforma\u021bi decorul casei dvs. cu materialul decorativ \u201eCerulean Blooms I\u201d, ad\u0103ug\u00e2nd o not\u0103 de frumuse\u021be floral\u0103 oric\u0103rei \u00eenc\u0103peri. Dispun\u00e2nd de un fundal albastru cerulean profund, flori crem frumoase \u0219i frunze \u0219optite, fiecare element lucreaz\u0103 \u00eempreun\u0103 pentru a crea un design frumos, atr\u0103g\u0103tor, care confer\u0103 o not\u0103 de elegan\u021b\u0103 \u0219i frumuse\u021be oric\u0103rei camere. Materialul este incredibil [&hellip;]<\/p>","protected":false},"featured_media":4024,"comment_status":"open","ping_status":"closed","template":"","meta":{"_et_pb_use_builder":"","_et_pb_old_content":"","_et_gb_content_width":""},"product_cat":[77],"product_tag":[],"_links":{"self":[{"href":"https:\/\/redesignwithjulia.com\/hu\/wp-json\/wp\/v2\/product\/4023"}],"collection":[{"href":"https:\/\/redesignwithjulia.com\/hu\/wp-json\/wp\/v2\/product"}],"about":[{"href":"https:\/\/redesignwithjulia.com\/hu\/wp-json\/wp\/v2\/types\/product"}],"replies":[{"embeddable":true,"href":"https:\/\/redesignwithjulia.com\/hu\/wp-json\/wp\/v2\/comments?post=4023"}],"wp:featuredmedia":[{"embeddable":true,"href":"https:\/\/redesignwithjulia.com\/hu\/wp-json\/wp\/v2\/media\/4024"}],"wp:attachment":[{"href":"https:\/\/redesignwithjulia.com\/hu\/wp-json\/wp\/v2\/media?parent=4023"}],"wp:term":[{"taxonomy":"product_cat","embeddable":true,"href":"https:\/\/redesignwithjulia.com\/hu\/wp-json\/wp\/v2\/product_cat?post=4023"},{"taxonomy":"product_tag","embeddable":true,"href":"https:\/\/redesignwithjulia.com\/hu\/wp-json\/wp\/v2\/product_tag?post=4023"}],"curies":[{"name":"wp","href":"https:\/\/api.w.org\/{rel}","templated":true}]}}