{"id":4027,"date":"2025-03-18T21:15:15","date_gmt":"2025-03-18T19:15:15","guid":{"rendered":"https:\/\/redesignwithjulia.com\/?post_type=product&#038;p=4027"},"modified":"2025-03-18T21:44:12","modified_gmt":"2025-03-18T19:44:12","slug":"willow-way-transfer-decorativ-mobila","status":"publish","type":"product","link":"https:\/\/redesignwithjulia.com\/hu\/termek\/willow-way-transfer-decorativ-mobila\/","title":{"rendered":"Willow Way &#8211; Transfer decorativ mobil\u0103"},"content":{"rendered":"<p>Transferurile medii au dimensiunea perfect\u0103 pentru orice proiect \u0219i includ trei foi complete de modele!<\/p>\n<p>Transferurile sunt de u\u0219or de utilizat: \u00cendep\u0103rta\u021bi foaia de suport de pe transfer \u0219i a\u0219eza\u021bi-o pe suprafa\u021ba preg\u0103tit\u0103. Freca\u021bi transferul cu stick-ul inclus sau cu instrumentul de transfer. \u00cendep\u0103rta\u021bi foaia superioar\u0103 \u0219i lustrui\u021bi cu o c\u00e2rp\u0103 moale. Sigila\u021bi, cu lac sau cear\u0103 pe baz\u0103 de ap\u0103.<\/p>\n<p>Dimensiuni: 21,59 x 27,94 cm<\/p>\n<p>&nbsp;<\/p>","protected":false},"excerpt":{"rendered":"<p>Transferurile medii au dimensiunea perfect\u0103 pentru orice proiect \u0219i includ trei foi complete de modele! Transferurile sunt de u\u0219or de utilizat: \u00cendep\u0103rta\u021bi foaia de suport de pe transfer \u0219i a\u0219eza\u021bi-o pe suprafa\u021ba preg\u0103tit\u0103. Freca\u021bi transferul cu stick-ul inclus sau cu instrumentul de transfer. \u00cendep\u0103rta\u021bi foaia superioar\u0103 \u0219i lustrui\u021bi cu o c\u00e2rp\u0103 moale. Sigila\u021bi, cu lac [&hellip;]<\/p>","protected":false},"featured_media":4028,"comment_status":"open","ping_status":"closed","template":"","meta":{"_et_pb_use_builder":"","_et_pb_old_content":"","_et_gb_content_width":""},"product_cat":[68,25],"product_tag":[],"_links":{"self":[{"href":"https:\/\/redesignwithjulia.com\/hu\/wp-json\/wp\/v2\/product\/4027"}],"collection":[{"href":"https:\/\/redesignwithjulia.com\/hu\/wp-json\/wp\/v2\/product"}],"about":[{"href":"https:\/\/redesignwithjulia.com\/hu\/wp-json\/wp\/v2\/types\/product"}],"replies":[{"embeddable":true,"href":"https:\/\/redesignwithjulia.com\/hu\/wp-json\/wp\/v2\/comments?post=4027"}],"wp:featuredmedia":[{"embeddable":true,"href":"https:\/\/redesignwithjulia.com\/hu\/wp-json\/wp\/v2\/media\/4028"}],"wp:attachment":[{"href":"https:\/\/redesignwithjulia.com\/hu\/wp-json\/wp\/v2\/media?parent=4027"}],"wp:term":[{"taxonomy":"product_cat","embeddable":true,"href":"https:\/\/redesignwithjulia.com\/hu\/wp-json\/wp\/v2\/product_cat?post=4027"},{"taxonomy":"product_tag","embeddable":true,"href":"https:\/\/redesignwithjulia.com\/hu\/wp-json\/wp\/v2\/product_tag?post=4027"}],"curies":[{"name":"wp","href":"https:\/\/api.w.org\/{rel}","templated":true}]}}