{"id":4038,"date":"2025-03-20T12:54:30","date_gmt":"2025-03-20T10:54:30","guid":{"rendered":"https:\/\/redesignwithjulia.com\/?post_type=product&#038;p=4038"},"modified":"2025-09-10T14:57:35","modified_gmt":"2025-09-10T12:57:35","slug":"bakers-delight-matrita-silicon-redesign-with-prima","status":"publish","type":"product","link":"https:\/\/redesignwithjulia.com\/hu\/termek\/bakers-delight-matrita-silicon-redesign-with-prima\/","title":{"rendered":"Baker&#8217;s Delight &#8211; Matri\u021b\u0103 silicon Redesign with Prima"},"content":{"rendered":"<p>Gusta\u021bi dulcea\u021ba formei \u201eBaker&#8217;s Delight\u201d din colec\u021bia \u201eThe Home Baker\u201d de la The 3 Girls Tale. Aceast\u0103 matri\u021b\u0103 din silicon cu design complicat prezint\u0103 modele unice \u0219i frumoase de \u0219oareci adorabili pentru panifica\u021bie, un t\u0103v\u0103lug floral \u0219i borcane mason detaliate \u0219i multe altele!<\/p>\n<p>Ridica\u021bi-v\u0103 cardmaking-ul, scrapbooking-ul \u0219i jocul mixed media cu uimitoarea matri\u021b\u0103 de silicon. Modelele atemporale sunt perfecte pentru me\u0219te\u0219ugurile de zi cu zi sau pentru a ad\u0103uga atingeri finale speciale lucr\u0103rilor dvs. de art\u0103. Crea\u021bi me\u0219te\u0219uguri personalizate cu detalii frumoase \u00een relief \u0219i desene meticulos lucrate \u00een matri\u021b\u0103.<\/p>\n<p>Toarn\u0103, creeaz\u0103 \u0219i r\u0103sfa\u021b\u0103-te cu dulcea\u021ba formei &#8216; Bakers Delight&#8217; &#8211; perfect\u0103 at\u00e2t pentru pasiona\u021bii de cofet\u0103rie, c\u00e2t \u0219i pentru buc\u0103tarii iscusi\u021bi!<\/p>\n<p>&nbsp;<\/p>","protected":false},"excerpt":{"rendered":"<p>Gusta\u021bi dulcea\u021ba formei \u201eBaker&#8217;s Delight\u201d din colec\u021bia \u201eThe Home Baker\u201d de la The 3 Girls Tale. Aceast\u0103 matri\u021b\u0103 din silicon cu design complicat prezint\u0103 modele unice \u0219i frumoase de \u0219oareci adorabili pentru panifica\u021bie, un t\u0103v\u0103lug floral \u0219i borcane mason detaliate \u0219i multe altele! Ridica\u021bi-v\u0103 cardmaking-ul, scrapbooking-ul \u0219i jocul mixed media cu uimitoarea matri\u021b\u0103 de silicon. [&hellip;]<\/p>","protected":false},"featured_media":4040,"comment_status":"open","ping_status":"closed","template":"","meta":{"_et_pb_use_builder":"","_et_pb_old_content":"","_et_gb_content_width":""},"product_cat":[21],"product_tag":[],"_links":{"self":[{"href":"https:\/\/redesignwithjulia.com\/hu\/wp-json\/wp\/v2\/product\/4038"}],"collection":[{"href":"https:\/\/redesignwithjulia.com\/hu\/wp-json\/wp\/v2\/product"}],"about":[{"href":"https:\/\/redesignwithjulia.com\/hu\/wp-json\/wp\/v2\/types\/product"}],"replies":[{"embeddable":true,"href":"https:\/\/redesignwithjulia.com\/hu\/wp-json\/wp\/v2\/comments?post=4038"}],"wp:featuredmedia":[{"embeddable":true,"href":"https:\/\/redesignwithjulia.com\/hu\/wp-json\/wp\/v2\/media\/4040"}],"wp:attachment":[{"href":"https:\/\/redesignwithjulia.com\/hu\/wp-json\/wp\/v2\/media?parent=4038"}],"wp:term":[{"taxonomy":"product_cat","embeddable":true,"href":"https:\/\/redesignwithjulia.com\/hu\/wp-json\/wp\/v2\/product_cat?post=4038"},{"taxonomy":"product_tag","embeddable":true,"href":"https:\/\/redesignwithjulia.com\/hu\/wp-json\/wp\/v2\/product_tag?post=4038"}],"curies":[{"name":"wp","href":"https:\/\/api.w.org\/{rel}","templated":true}]}}