{"id":4043,"date":"2025-03-20T13:24:55","date_gmt":"2025-03-20T11:24:55","guid":{"rendered":"https:\/\/redesignwithjulia.com\/?post_type=product&#038;p=4043"},"modified":"2025-03-20T13:27:10","modified_gmt":"2025-03-20T11:27:10","slug":"serene-shadows-material-decorativ-mobila-a1-redesign-with-prima","status":"publish","type":"product","link":"https:\/\/redesignwithjulia.com\/hu\/termek\/serene-shadows-material-decorativ-mobila-a1-redesign-with-prima\/","title":{"rendered":"Serene Shadows &#8211; material decorativ mobil\u0103 A1 &#8211; Redesign with Prima"},"content":{"rendered":"<p>Serene Shadows\u201d, un design vis\u0103tor, pictural, cu albastru dulce, \u0219uvi\u021be de lavand\u0103 \u0219i s\u0103rut\u0103ri de aur, va ad\u0103uga un efect pictat uluitor urm\u0103torului dvs. proiect de decoupage. Materialul de decoupage A1 de la Redesign este imprimat\u0103 pe material rezistent, permi\u021b\u00e2ndu-v\u0103 s\u0103 crea\u021bi piese de decor unice \u0219i personalizate, cum ar fi art\u0103 de perete, accente de mobilier \u0219i multe altele. Designul unic este perfect pentru proiectele de decoupage, permi\u021b\u00e2ndu-v\u0103 s\u0103 stratifica\u021bi \u0219i s\u0103 aranja\u021bi imaginile pentru a crea un produs finit uimitor. Aplica\u021bi \u0219i sigila\u021bi cu gelul nostru Decoupage \u00een varianta lucioas\u0103 sau mat\u0103 pentru cele mai bune rezultate. Netezi\u021bi pentru a reduce ridurile. 1 foaie este dimensiunea A1.<\/p>","protected":false},"excerpt":{"rendered":"<p>Serene Shadows\u201d, un design vis\u0103tor, pictural, cu albastru dulce, \u0219uvi\u021be de lavand\u0103 \u0219i s\u0103rut\u0103ri de aur, va ad\u0103uga un efect pictat uluitor urm\u0103torului dvs. proiect de decoupage. Materialul de decoupage A1 de la Redesign este imprimat\u0103 pe material rezistent, permi\u021b\u00e2ndu-v\u0103 s\u0103 crea\u021bi piese de decor unice \u0219i personalizate, cum ar fi art\u0103 de perete, accente [&hellip;]<\/p>","protected":false},"featured_media":4044,"comment_status":"open","ping_status":"closed","template":"","meta":{"_et_pb_use_builder":"","_et_pb_old_content":"","_et_gb_content_width":""},"product_cat":[77,66],"product_tag":[],"_links":{"self":[{"href":"https:\/\/redesignwithjulia.com\/hu\/wp-json\/wp\/v2\/product\/4043"}],"collection":[{"href":"https:\/\/redesignwithjulia.com\/hu\/wp-json\/wp\/v2\/product"}],"about":[{"href":"https:\/\/redesignwithjulia.com\/hu\/wp-json\/wp\/v2\/types\/product"}],"replies":[{"embeddable":true,"href":"https:\/\/redesignwithjulia.com\/hu\/wp-json\/wp\/v2\/comments?post=4043"}],"wp:featuredmedia":[{"embeddable":true,"href":"https:\/\/redesignwithjulia.com\/hu\/wp-json\/wp\/v2\/media\/4044"}],"wp:attachment":[{"href":"https:\/\/redesignwithjulia.com\/hu\/wp-json\/wp\/v2\/media?parent=4043"}],"wp:term":[{"taxonomy":"product_cat","embeddable":true,"href":"https:\/\/redesignwithjulia.com\/hu\/wp-json\/wp\/v2\/product_cat?post=4043"},{"taxonomy":"product_tag","embeddable":true,"href":"https:\/\/redesignwithjulia.com\/hu\/wp-json\/wp\/v2\/product_tag?post=4043"}],"curies":[{"name":"wp","href":"https:\/\/api.w.org\/{rel}","templated":true}]}}