{"id":4045,"date":"2025-03-20T14:51:35","date_gmt":"2025-03-20T12:51:35","guid":{"rendered":"https:\/\/redesignwithjulia.com\/?post_type=product&#038;p=4045"},"modified":"2025-03-20T14:51:35","modified_gmt":"2025-03-20T12:51:35","slug":"silver-bird-kacha-transfer-decorativ-mobila","status":"publish","type":"product","link":"https:\/\/redesignwithjulia.com\/hu\/termek\/silver-bird-kacha-transfer-decorativ-mobila\/","title":{"rendered":"Silver Bird \u2013 KACHA &#8211; Transfer decorativ mobil\u0103"},"content":{"rendered":"<p>Ridica\u021bi-v\u0103 mobilierul la noi culmi de elegan\u021b\u0103 cu transferul decorativ\u00a0 \u201eSilver Bird\u201d . Conceput cu semn\u0103tura Kacha, acest transfer prezint\u0103 p\u0103s\u0103ri gra\u021bioase coco\u021bate pe ramuri delicate, toate redate \u00eentr-o folie argintie uimitoare care adaug\u0103 o calitate luxoas\u0103, reflectorizant\u0103 pieselor dvs. Detaliile complicate ale florilor \u0219i p\u0103s\u0103rilor eman\u0103 rafinament, f\u0103c\u00e2ndu-l perfect pentru oricine dore\u0219te s\u0103 insufle decorului s\u0103u o not\u0103 de frumuse\u021be rafinat\u0103. Fie c\u0103 transforma\u021bi o comod\u0103 vintage sau ad\u0103uga\u021bi farmec unei piese moderne, \u201eSilver Bird\u201d aduce o not\u0103 de elegan\u021b\u0103 atemporal\u0103 care uime\u0219te cu fiecare privire.<\/p>\n<p>Transferurile sunt incredibil de u\u0219or de utilizat. Pur \u0219i simplu dezlipi\u021bi h\u00e2rtia de suport, a\u0219eza\u021bi transferul pe suprafa\u021ba dorit\u0103 \u0219i freca\u021bi-o cu instrumentul inclus pentru a transfera desenul. Transferul poate fi t\u0103iat \u0219i rearanjat pentru a se potrivi nevoilor dvs. specifice, ceea ce \u00eel face o alegere versatil\u0103 \u0219i personalizabil\u0103 pentru toate proiectele dvs. Sigila\u021bi cu lacul dvs. preferat pe baz\u0103 de ap\u0103 sau cu cear\u0103 transparent\u0103.<\/p>","protected":false},"excerpt":{"rendered":"<p>Ridica\u021bi-v\u0103 mobilierul la noi culmi de elegan\u021b\u0103 cu transferul decorativ\u00a0 \u201eSilver Bird\u201d . Conceput cu semn\u0103tura Kacha, acest transfer prezint\u0103 p\u0103s\u0103ri gra\u021bioase coco\u021bate pe ramuri delicate, toate redate \u00eentr-o folie argintie uimitoare care adaug\u0103 o calitate luxoas\u0103, reflectorizant\u0103 pieselor dvs. Detaliile complicate ale florilor \u0219i p\u0103s\u0103rilor eman\u0103 rafinament, f\u0103c\u00e2ndu-l perfect pentru oricine dore\u0219te s\u0103 insufle [&hellip;]<\/p>","protected":false},"featured_media":4046,"comment_status":"open","ping_status":"closed","template":"","meta":{"_et_pb_use_builder":"","_et_pb_old_content":"","_et_gb_content_width":""},"product_cat":[79],"product_tag":[],"_links":{"self":[{"href":"https:\/\/redesignwithjulia.com\/hu\/wp-json\/wp\/v2\/product\/4045"}],"collection":[{"href":"https:\/\/redesignwithjulia.com\/hu\/wp-json\/wp\/v2\/product"}],"about":[{"href":"https:\/\/redesignwithjulia.com\/hu\/wp-json\/wp\/v2\/types\/product"}],"replies":[{"embeddable":true,"href":"https:\/\/redesignwithjulia.com\/hu\/wp-json\/wp\/v2\/comments?post=4045"}],"wp:featuredmedia":[{"embeddable":true,"href":"https:\/\/redesignwithjulia.com\/hu\/wp-json\/wp\/v2\/media\/4046"}],"wp:attachment":[{"href":"https:\/\/redesignwithjulia.com\/hu\/wp-json\/wp\/v2\/media?parent=4045"}],"wp:term":[{"taxonomy":"product_cat","embeddable":true,"href":"https:\/\/redesignwithjulia.com\/hu\/wp-json\/wp\/v2\/product_cat?post=4045"},{"taxonomy":"product_tag","embeddable":true,"href":"https:\/\/redesignwithjulia.com\/hu\/wp-json\/wp\/v2\/product_tag?post=4045"}],"curies":[{"name":"wp","href":"https:\/\/api.w.org\/{rel}","templated":true}]}}