{"id":4052,"date":"2025-03-21T15:08:16","date_gmt":"2025-03-21T13:08:16","guid":{"rendered":"https:\/\/redesignwithjulia.com\/?post_type=product&#038;p=4052"},"modified":"2025-03-26T20:48:16","modified_gmt":"2025-03-26T18:48:16","slug":"blossom-bunnies-transfer-decorativ-mobila","status":"publish","type":"product","link":"https:\/\/redesignwithjulia.com\/hu\/termek\/blossom-bunnies-transfer-decorativ-mobila\/","title":{"rendered":"Blossom Bunnies \u2013 Transfer decorativ mobil\u0103"},"content":{"rendered":"<p>Intra\u021bi \u00een prim\u0103var\u0103 cu transferul mediu Blossom Bunnies.\u00a0 Acest set \u00eenc\u00e2nt\u0103tor de 3 foi, cu dimensiuni de \u00a021,5 x 27,9 cm, este plin de modele fermec\u0103toare, perfecte pentru decorul de Pa\u0219te \u0219i prim\u0103var\u0103. Cu iepura\u0219i adorabili, flori delicate, morcovi, coroni\u021be \u0219i semne de ferm\u0103 de inspira\u021bie vintage, aceste transferuri adaug\u0103 un farmec capricios, \u00een stil cabana, oric\u0103rui proiect.<\/p>\n<p>Transforma\u021bi cu u\u0219urin\u021b\u0103 mobila, t\u0103vile, borcanele de sticl\u0103 sau piesele de decor de sezon, aduc\u00e2nd un aer proasp\u0103t \u0219i vesel \u00een casa dvs. Fie c\u0103 crea\u021bi exponate personalizate de Pa\u0219te sau ad\u0103uga\u021bi o not\u0103 de elegan\u021b\u0103 inspirat\u0103 din natur\u0103 decorului de zi cu zi, aceste transferuri sunt concepute pentru a v\u0103 face crea\u021biile s\u0103 ias\u0103 \u00een eviden\u021b\u0103.<\/p>\n<p>MOD DE UTILIZARE: Concepute cu grij\u0103 pentru o aplicare f\u0103r\u0103 efort, aceste transferuri func\u021bioneaz\u0103 minunat pe lemn, metal, sticl\u0103 \u0219i multe altele. Pur \u0219i simplu preg\u0103ti\u021bi suprafa\u021ba, desprinde\u021bi h\u00e2rtia de suport, pozi\u021biona\u021bi transferul \u0219i freca\u021bi u\u0219or folosind instrumentul inclus. Observa\u021bi cum fiecare desen ader\u0103 perfect, cre\u00e2nd un finisaj profesional plin de farmec prim\u0103v\u0103ratic.<\/p>\n<p>&nbsp;<\/p>","protected":false},"excerpt":{"rendered":"<p>Intra\u021bi \u00een prim\u0103var\u0103 cu transferul mediu Blossom Bunnies.\u00a0 Acest set \u00eenc\u00e2nt\u0103tor de 3 foi, cu dimensiuni de \u00a021,5 x 27,9 cm, este plin de modele fermec\u0103toare, perfecte pentru decorul de Pa\u0219te \u0219i prim\u0103var\u0103. Cu iepura\u0219i adorabili, flori delicate, morcovi, coroni\u021be \u0219i semne de ferm\u0103 de inspira\u021bie vintage, aceste transferuri adaug\u0103 un farmec capricios, \u00een stil [&hellip;]<\/p>","protected":false},"featured_media":4053,"comment_status":"open","ping_status":"closed","template":"","meta":{"_et_pb_use_builder":"","_et_pb_old_content":"","_et_gb_content_width":""},"product_cat":[79,68],"product_tag":[],"_links":{"self":[{"href":"https:\/\/redesignwithjulia.com\/hu\/wp-json\/wp\/v2\/product\/4052"}],"collection":[{"href":"https:\/\/redesignwithjulia.com\/hu\/wp-json\/wp\/v2\/product"}],"about":[{"href":"https:\/\/redesignwithjulia.com\/hu\/wp-json\/wp\/v2\/types\/product"}],"replies":[{"embeddable":true,"href":"https:\/\/redesignwithjulia.com\/hu\/wp-json\/wp\/v2\/comments?post=4052"}],"wp:featuredmedia":[{"embeddable":true,"href":"https:\/\/redesignwithjulia.com\/hu\/wp-json\/wp\/v2\/media\/4053"}],"wp:attachment":[{"href":"https:\/\/redesignwithjulia.com\/hu\/wp-json\/wp\/v2\/media?parent=4052"}],"wp:term":[{"taxonomy":"product_cat","embeddable":true,"href":"https:\/\/redesignwithjulia.com\/hu\/wp-json\/wp\/v2\/product_cat?post=4052"},{"taxonomy":"product_tag","embeddable":true,"href":"https:\/\/redesignwithjulia.com\/hu\/wp-json\/wp\/v2\/product_tag?post=4052"}],"curies":[{"name":"wp","href":"https:\/\/api.w.org\/{rel}","templated":true}]}}