{"id":4055,"date":"2025-03-21T15:15:20","date_gmt":"2025-03-21T13:15:20","guid":{"rendered":"https:\/\/redesignwithjulia.com\/?post_type=product&#038;p=4055"},"modified":"2025-10-06T20:49:41","modified_gmt":"2025-10-06T18:49:41","slug":"golden-lacework-transfer-decorativ-mobila-a4","status":"publish","type":"product","link":"https:\/\/redesignwithjulia.com\/hu\/termek\/golden-lacework-transfer-decorativ-mobila-a4\/","title":{"rendered":"Golden Lacework \u2013 Transfer decorativ mobil\u0103 &#8211; A4"},"content":{"rendered":"<p>\u00cen\u0103l\u021ba\u021bi-v\u0103 mobilierul cu Golden Lacework, o abordare rafinat\u0103 a detaliilor complexe de la K\u00e1cha.<\/p>\n<p>Modelul auriu ornamentat imit\u0103 dantela delicat\u0103, aduc\u00e2nd un lux discret dulapurilor, dulapurilor \u0219i multe altele. Acest model Middy Foil Transfer se potrive\u0219te f\u0103r\u0103 efort cu tonuri \u00eendr\u0103zne\u021be de bijuterii sau cu palete moi, neutre, cre\u00e2nd un aspect clasic, dar contemporan.<\/p>\n<p>MOD DE UTILIZARE: Aplica\u021bi transferul cu grij\u0103, sigila\u021bi pentru a-i spori bog\u0103\u021bia \u0219i bucura\u021bi-v\u0103 de elegan\u021ba atemporal\u0103 a artei lui K\u00e1cha.<\/p>\n<p>Dimensiuni: 21,5 x 27,9 cm ( 2 foi)<\/p>\n<p>&nbsp;<\/p>","protected":false},"excerpt":{"rendered":"<p>\u00cen\u0103l\u021ba\u021bi-v\u0103 mobilierul cu Golden Lacework, o abordare rafinat\u0103 a detaliilor complexe de la K\u00e1cha. Modelul auriu ornamentat imit\u0103 dantela delicat\u0103, aduc\u00e2nd un lux discret dulapurilor, dulapurilor \u0219i multe altele. Acest model Middy Foil Transfer se potrive\u0219te f\u0103r\u0103 efort cu tonuri \u00eendr\u0103zne\u021be de bijuterii sau cu palete moi, neutre, cre\u00e2nd un aspect clasic, dar contemporan. MOD [&hellip;]<\/p>","protected":false},"featured_media":4056,"comment_status":"open","ping_status":"closed","template":"","meta":{"_et_pb_use_builder":"","_et_pb_old_content":"","_et_gb_content_width":""},"product_cat":[79],"product_tag":[],"_links":{"self":[{"href":"https:\/\/redesignwithjulia.com\/hu\/wp-json\/wp\/v2\/product\/4055"}],"collection":[{"href":"https:\/\/redesignwithjulia.com\/hu\/wp-json\/wp\/v2\/product"}],"about":[{"href":"https:\/\/redesignwithjulia.com\/hu\/wp-json\/wp\/v2\/types\/product"}],"replies":[{"embeddable":true,"href":"https:\/\/redesignwithjulia.com\/hu\/wp-json\/wp\/v2\/comments?post=4055"}],"wp:featuredmedia":[{"embeddable":true,"href":"https:\/\/redesignwithjulia.com\/hu\/wp-json\/wp\/v2\/media\/4056"}],"wp:attachment":[{"href":"https:\/\/redesignwithjulia.com\/hu\/wp-json\/wp\/v2\/media?parent=4055"}],"wp:term":[{"taxonomy":"product_cat","embeddable":true,"href":"https:\/\/redesignwithjulia.com\/hu\/wp-json\/wp\/v2\/product_cat?post=4055"},{"taxonomy":"product_tag","embeddable":true,"href":"https:\/\/redesignwithjulia.com\/hu\/wp-json\/wp\/v2\/product_tag?post=4055"}],"curies":[{"name":"wp","href":"https:\/\/api.w.org\/{rel}","templated":true}]}}