{"id":4080,"date":"2025-04-01T13:57:54","date_gmt":"2025-04-01T11:57:54","guid":{"rendered":"https:\/\/redesignwithjulia.com\/?post_type=product&#038;p=4080"},"modified":"2025-04-01T14:00:59","modified_gmt":"2025-04-01T12:00:59","slug":"twilight-field-hartie-orez-redesign-with-prima","status":"publish","type":"product","link":"https:\/\/redesignwithjulia.com\/hu\/termek\/twilight-field-hartie-orez-redesign-with-prima\/","title":{"rendered":"Twilight Field &#8211; H\u00e2rtie orez &#8211; Redesign with Prima"},"content":{"rendered":"<p>Cu o textur\u0103 frumoas\u0103, h\u00e2rtia de orez Twilight Field este perfect\u0103 pentru a ad\u0103uga desene delicate pe obiectele dvs. de decor acas\u0103! Pur \u0219i simplu utiliza\u021bi cu gelul nostru lucios pentru a \u00eembina u\u0219or aceste desene frumoase pe urm\u0103torul dvs. proiect de decora\u021biuni interioare.<\/p>\n<p>Dimensiuni; 29.21 x 41.27 cm<\/p>","protected":false},"excerpt":{"rendered":"<p>Cu o textur\u0103 frumoas\u0103, h\u00e2rtia de orez Twilight Field este perfect\u0103 pentru a ad\u0103uga desene delicate pe obiectele dvs. de decor acas\u0103! Pur \u0219i simplu utiliza\u021bi cu gelul nostru lucios pentru a \u00eembina u\u0219or aceste desene frumoase pe urm\u0103torul dvs. proiect de decora\u021biuni interioare. Dimensiuni; 29.21 x 41.27 cm<\/p>","protected":false},"featured_media":4081,"comment_status":"open","ping_status":"closed","template":"","meta":{"_et_pb_use_builder":"","_et_pb_old_content":"","_et_gb_content_width":""},"product_cat":[58],"product_tag":[],"_links":{"self":[{"href":"https:\/\/redesignwithjulia.com\/hu\/wp-json\/wp\/v2\/product\/4080"}],"collection":[{"href":"https:\/\/redesignwithjulia.com\/hu\/wp-json\/wp\/v2\/product"}],"about":[{"href":"https:\/\/redesignwithjulia.com\/hu\/wp-json\/wp\/v2\/types\/product"}],"replies":[{"embeddable":true,"href":"https:\/\/redesignwithjulia.com\/hu\/wp-json\/wp\/v2\/comments?post=4080"}],"wp:featuredmedia":[{"embeddable":true,"href":"https:\/\/redesignwithjulia.com\/hu\/wp-json\/wp\/v2\/media\/4081"}],"wp:attachment":[{"href":"https:\/\/redesignwithjulia.com\/hu\/wp-json\/wp\/v2\/media?parent=4080"}],"wp:term":[{"taxonomy":"product_cat","embeddable":true,"href":"https:\/\/redesignwithjulia.com\/hu\/wp-json\/wp\/v2\/product_cat?post=4080"},{"taxonomy":"product_tag","embeddable":true,"href":"https:\/\/redesignwithjulia.com\/hu\/wp-json\/wp\/v2\/product_tag?post=4080"}],"curies":[{"name":"wp","href":"https:\/\/api.w.org\/{rel}","templated":true}]}}