{"id":4083,"date":"2025-04-02T13:26:35","date_gmt":"2025-04-02T11:26:35","guid":{"rendered":"https:\/\/redesignwithjulia.com\/?post_type=product&#038;p=4083"},"modified":"2025-04-02T21:54:53","modified_gmt":"2025-04-02T19:54:53","slug":"shimmering-script-transfer-mediu-auriu-redesign-with-prima","status":"publish","type":"product","link":"https:\/\/redesignwithjulia.com\/hu\/termek\/shimmering-script-transfer-mediu-auriu-redesign-with-prima\/","title":{"rendered":"Shimmering Script &#8211; Transfer mediu auriu &#8211; Redesign with Prima &#8211; Kacha"},"content":{"rendered":"<p>Gra\u021bios \u0219i rafinat, Shimmering Script by K\u00e1cha adaug\u0103 o not\u0103 de elegan\u021b\u0103 aurie oric\u0103rei suprafe\u021be. Cu caligrafia sa fluid\u0103 \u0219i str\u0103lucirea delicat\u0103, acest design este atemporal \u0219i sofisticat f\u0103r\u0103 efort. Perfect pentru a crea accente subtile sau puncte focale \u00eendr\u0103zne\u021be, func\u021bioneaz\u0103 minunat pe tonuri profunde precum navy \u0219i negru sau neutre moi pentru un finisaj luminos.<\/p>\n<p>MOD DE UTILIZARE: Pozi\u021biona\u021bi transferul, freca\u021bi u\u0219or \u0219i sigila\u021bi cu cear\u0103 sau lac pentru a-\u0219i p\u0103stra str\u0103lucirea aurie. Stilul semnat de K\u00e1cha asigur\u0103 c\u0103 proiectul dvs. va emana elegan\u021b\u0103.<\/p>\n<p>&nbsp;<\/p>","protected":false},"excerpt":{"rendered":"<p>Gra\u021bios \u0219i rafinat, Shimmering Script by K\u00e1cha adaug\u0103 o not\u0103 de elegan\u021b\u0103 aurie oric\u0103rei suprafe\u021be. Cu caligrafia sa fluid\u0103 \u0219i str\u0103lucirea delicat\u0103, acest design este atemporal \u0219i sofisticat f\u0103r\u0103 efort. Perfect pentru a crea accente subtile sau puncte focale \u00eendr\u0103zne\u021be, func\u021bioneaz\u0103 minunat pe tonuri profunde precum navy \u0219i negru sau neutre moi pentru un finisaj [&hellip;]<\/p>","protected":false},"featured_media":4084,"comment_status":"open","ping_status":"closed","template":"","meta":{"_et_pb_use_builder":"","_et_pb_old_content":"","_et_gb_content_width":""},"product_cat":[79],"product_tag":[],"_links":{"self":[{"href":"https:\/\/redesignwithjulia.com\/hu\/wp-json\/wp\/v2\/product\/4083"}],"collection":[{"href":"https:\/\/redesignwithjulia.com\/hu\/wp-json\/wp\/v2\/product"}],"about":[{"href":"https:\/\/redesignwithjulia.com\/hu\/wp-json\/wp\/v2\/types\/product"}],"replies":[{"embeddable":true,"href":"https:\/\/redesignwithjulia.com\/hu\/wp-json\/wp\/v2\/comments?post=4083"}],"wp:featuredmedia":[{"embeddable":true,"href":"https:\/\/redesignwithjulia.com\/hu\/wp-json\/wp\/v2\/media\/4084"}],"wp:attachment":[{"href":"https:\/\/redesignwithjulia.com\/hu\/wp-json\/wp\/v2\/media?parent=4083"}],"wp:term":[{"taxonomy":"product_cat","embeddable":true,"href":"https:\/\/redesignwithjulia.com\/hu\/wp-json\/wp\/v2\/product_cat?post=4083"},{"taxonomy":"product_tag","embeddable":true,"href":"https:\/\/redesignwithjulia.com\/hu\/wp-json\/wp\/v2\/product_tag?post=4083"}],"curies":[{"name":"wp","href":"https:\/\/api.w.org\/{rel}","templated":true}]}}