{"id":4088,"date":"2025-04-06T12:51:21","date_gmt":"2025-04-06T10:51:21","guid":{"rendered":"https:\/\/redesignwithjulia.com\/?post_type=product&#038;p=4088"},"modified":"2025-04-06T12:52:21","modified_gmt":"2025-04-06T10:52:21","slug":"adelina-material-decorativ-redesign-with-prima","status":"publish","type":"product","link":"https:\/\/redesignwithjulia.com\/hu\/termek\/adelina-material-decorativ-redesign-with-prima\/","title":{"rendered":"Adelina \u2013 Material decorativ \u2013 Redesign with Prima"},"content":{"rendered":"<p>Transforma\u021bi decorul casei dvs. cu materialul decorativ Adelina, ad\u0103ug\u00e2nd o not\u0103 de elegan\u021b\u0103 \u0219i frumuse\u021be oric\u0103rei \u00eenc\u0103peri.<\/p>\n<p>Material este foarte u\u0219or de aplicat pe lemn, p\u00e2nz\u0103, lut, gresie, sticl\u0103 \u0219i multe alte suprafe\u021be. Pur \u0219i simplu m\u0103sura\u021bi \u0219i t\u0103ia\u021bi cantitatea dorit\u0103 de h\u00e2rtie, ad\u0103uga\u021bi Gel de transfer pe suprafa\u021ba preg\u0103tit\u0103, a\u0219eza\u021bi h\u00e2rtia deasupra \u0219i netezi\u021bi-o. Ad\u0103uga\u021bi \u00eenc\u0103 un strat de Transfer Gel deasupra \u0219i l\u0103sa\u021bi s\u0103 se usuce.<\/p>\n<p>Dimensiuni: 48,26 x 76,2 cm<\/p>\n<p>&nbsp;<\/p>","protected":false},"excerpt":{"rendered":"<p>Transforma\u021bi decorul casei dvs. cu materialul decorativ Adelina, ad\u0103ug\u00e2nd o not\u0103 de elegan\u021b\u0103 \u0219i frumuse\u021be oric\u0103rei \u00eenc\u0103peri. Material este foarte u\u0219or de aplicat pe lemn, p\u00e2nz\u0103, lut, gresie, sticl\u0103 \u0219i multe alte suprafe\u021be. Pur \u0219i simplu m\u0103sura\u021bi \u0219i t\u0103ia\u021bi cantitatea dorit\u0103 de h\u00e2rtie, ad\u0103uga\u021bi Gel de transfer pe suprafa\u021ba preg\u0103tit\u0103, a\u0219eza\u021bi h\u00e2rtia deasupra \u0219i netezi\u021bi-o. [&hellip;]<\/p>","protected":false},"featured_media":4089,"comment_status":"open","ping_status":"closed","template":"","meta":{"_et_pb_use_builder":"","_et_pb_old_content":"","_et_gb_content_width":""},"product_cat":[77],"product_tag":[],"_links":{"self":[{"href":"https:\/\/redesignwithjulia.com\/hu\/wp-json\/wp\/v2\/product\/4088"}],"collection":[{"href":"https:\/\/redesignwithjulia.com\/hu\/wp-json\/wp\/v2\/product"}],"about":[{"href":"https:\/\/redesignwithjulia.com\/hu\/wp-json\/wp\/v2\/types\/product"}],"replies":[{"embeddable":true,"href":"https:\/\/redesignwithjulia.com\/hu\/wp-json\/wp\/v2\/comments?post=4088"}],"wp:featuredmedia":[{"embeddable":true,"href":"https:\/\/redesignwithjulia.com\/hu\/wp-json\/wp\/v2\/media\/4089"}],"wp:attachment":[{"href":"https:\/\/redesignwithjulia.com\/hu\/wp-json\/wp\/v2\/media?parent=4088"}],"wp:term":[{"taxonomy":"product_cat","embeddable":true,"href":"https:\/\/redesignwithjulia.com\/hu\/wp-json\/wp\/v2\/product_cat?post=4088"},{"taxonomy":"product_tag","embeddable":true,"href":"https:\/\/redesignwithjulia.com\/hu\/wp-json\/wp\/v2\/product_tag?post=4088"}],"curies":[{"name":"wp","href":"https:\/\/api.w.org\/{rel}","templated":true}]}}