{"id":4090,"date":"2025-04-06T13:03:01","date_gmt":"2025-04-06T11:03:01","guid":{"rendered":"https:\/\/redesignwithjulia.com\/?post_type=product&#038;p=4090"},"modified":"2025-04-06T13:03:38","modified_gmt":"2025-04-06T11:03:38","slug":"nestled-whispers-transfer-decorativ-mini","status":"publish","type":"product","link":"https:\/\/redesignwithjulia.com\/hu\/termek\/nestled-whispers-transfer-decorativ-mini\/","title":{"rendered":"Nestled Whispers &#8211; Transfer Decorativ Mini"},"content":{"rendered":"<p>Capta\u021bi frumuse\u021bea delicat\u0103 a prim\u0103verii cu minitransferul Nestled Whispers.<\/p>\n<p>Acest design prezint\u0103 p\u0103s\u0103rele dulci coco\u021bate pe ramuri \u00eenmugurite, \u00eenconjurate de flori moi. Este ca o briz\u0103 bl\u00e2nd\u0103 de diminea\u021b\u0103 capturat\u0103 \u00eentr-un transfer, aduc\u00e2nd via\u021b\u0103 \u0219i lejeritate mobilierului \u0219i decorului dumneavoastr\u0103.<\/p>\n<p>Imagina\u021bi-v\u0103 o comod\u0103 verde fermec\u0103toare, cu p\u0103s\u0103ri \u0219i flori mici \u00eempr\u0103\u0219tiate gra\u021bios, sau un set de m\u0103su\u021be de cuib\u0103rit transformat \u00eentr-o capodoper\u0103 inspirat\u0103 din gr\u0103din\u0103. Cu culorile sale suave \u0219i detaliile naturale, acest transfer adaug\u0103 o not\u0103 de senin\u0103tate oric\u0103rui spa\u021biu. Include trei foi unice de 6&#8243;x12.<\/p>\n<p>CUM SE FOLOSE\u0218TE: Pozi\u021biona\u021bi-v\u0103 designul, freca\u021bi-l \u0219i privi\u021bi cum se \u00eent\u00e2mpl\u0103 magia. Sigila\u021bi-l cu cear\u0103 sau lac pentru a proteja acele detalii delicate de prim\u0103var\u0103 \u0219i bucura\u021bi-v\u0103 de frumuse\u021bea naturii pe tot parcursul anului.<\/p>\n<p>Dimensiuni: 15,25 x 30,5 cm<\/p>\n<p>&nbsp;<\/p>","protected":false},"excerpt":{"rendered":"<p>Capta\u021bi frumuse\u021bea delicat\u0103 a prim\u0103verii cu minitransferul Nestled Whispers. Acest design prezint\u0103 p\u0103s\u0103rele dulci coco\u021bate pe ramuri \u00eenmugurite, \u00eenconjurate de flori moi. Este ca o briz\u0103 bl\u00e2nd\u0103 de diminea\u021b\u0103 capturat\u0103 \u00eentr-un transfer, aduc\u00e2nd via\u021b\u0103 \u0219i lejeritate mobilierului \u0219i decorului dumneavoastr\u0103. Imagina\u021bi-v\u0103 o comod\u0103 verde fermec\u0103toare, cu p\u0103s\u0103ri \u0219i flori mici \u00eempr\u0103\u0219tiate gra\u021bios, sau un set [&hellip;]<\/p>","protected":false},"featured_media":4091,"comment_status":"open","ping_status":"closed","template":"","meta":{"_et_pb_use_builder":"","_et_pb_old_content":"","_et_gb_content_width":""},"product_cat":[79,75],"product_tag":[],"_links":{"self":[{"href":"https:\/\/redesignwithjulia.com\/hu\/wp-json\/wp\/v2\/product\/4090"}],"collection":[{"href":"https:\/\/redesignwithjulia.com\/hu\/wp-json\/wp\/v2\/product"}],"about":[{"href":"https:\/\/redesignwithjulia.com\/hu\/wp-json\/wp\/v2\/types\/product"}],"replies":[{"embeddable":true,"href":"https:\/\/redesignwithjulia.com\/hu\/wp-json\/wp\/v2\/comments?post=4090"}],"wp:featuredmedia":[{"embeddable":true,"href":"https:\/\/redesignwithjulia.com\/hu\/wp-json\/wp\/v2\/media\/4091"}],"wp:attachment":[{"href":"https:\/\/redesignwithjulia.com\/hu\/wp-json\/wp\/v2\/media?parent=4090"}],"wp:term":[{"taxonomy":"product_cat","embeddable":true,"href":"https:\/\/redesignwithjulia.com\/hu\/wp-json\/wp\/v2\/product_cat?post=4090"},{"taxonomy":"product_tag","embeddable":true,"href":"https:\/\/redesignwithjulia.com\/hu\/wp-json\/wp\/v2\/product_tag?post=4090"}],"curies":[{"name":"wp","href":"https:\/\/api.w.org\/{rel}","templated":true}]}}