{"id":4107,"date":"2025-04-16T21:20:15","date_gmt":"2025-04-16T19:20:15","guid":{"rendered":"https:\/\/redesignwithjulia.com\/?post_type=product&#038;p=4107"},"modified":"2025-04-16T21:20:41","modified_gmt":"2025-04-16T19:20:41","slug":"blushing-blooms-symphony-transfer-decorativ-redesign-with-prima","status":"publish","type":"product","link":"https:\/\/redesignwithjulia.com\/hu\/termek\/blushing-blooms-symphony-transfer-decorativ-redesign-with-prima\/","title":{"rendered":"Blushing Blooms Symphony &#8211; Transfer Decorativ Redesign with Prima"},"content":{"rendered":"<p>\u201eBlushing Blooms Symphony\u201d de la Kacha este plin de trandafiri roz \u0219i verdea\u021b\u0103, aduc\u00e2nd un aer de romantism atemporal mobilierului \u0219i decora\u021biunilor pentru cas\u0103.<\/p>\n<p>Designul complicat poate fi folosit ca o compozi\u021bie complet\u0103 sau t\u0103iat pentru a crea aranjamente personalizate pe comode, mese, dulapuri \u0219i multe altele.<\/p>\n<p>Cu o dimensiune total\u0103 a foii de 60,96 x 76,2 cm \u00eemp\u0103r\u021bit\u0103 \u00een patru foi u\u0219or de utilizat, acest transfer permite aplicarea f\u0103r\u0103 cusur pe diverse suprafe\u021be, f\u0103c\u00e2nd din fiecare proiect o oper\u0103 de art\u0103.<\/p>\n<p>Aceast\u0103 nou\u0103 colec\u021bie floral\u0103 de la Ka\u0107ha este conceput\u0103 pentru a lucra frumos \u00eempreun\u0103, permi\u021b\u00e2nd un aspect perfect coordonat pe mai multe suprafe\u021be. Fie c\u0103 combina\u021bi transferurile cu h\u00e2rtii de \u021besut sau suprapune\u021bi diferite elemente, aceste modele aduc un farmec elegant, vintage, oric\u0103rui proiect.<\/p>\n<p>Pur \u0219i simplu dezlipi\u021bi suportul de protec\u021bie, pozi\u021biona\u021bi transferul pe o suprafa\u021b\u0103 curat\u0103 \u0219i freca\u021bi ferm cu ajutorul be\u021bi\u0219orului sau instrumentului de transfer inclus. Pe m\u0103sur\u0103 ce designul ader\u0103, se amestec\u0103 f\u0103r\u0103 efort, cre\u00e2nd un efect pictat manual. O lustruire u\u0219oar\u0103 neteze\u0219te detaliile, l\u0103s\u00e2nd un finisaj impecabil.<\/p>\n<p>Dimensiuni: 60,96 x 76,2 cm (\u00eemp\u0103r\u021bit \u00een 4 foi u\u0219or de utilizat)<\/p>","protected":false},"excerpt":{"rendered":"<p>\u201eBlushing Blooms Symphony\u201d de la Kacha este plin de trandafiri roz \u0219i verdea\u021b\u0103, aduc\u00e2nd un aer de romantism atemporal mobilierului \u0219i decora\u021biunilor pentru cas\u0103. Designul complicat poate fi folosit ca o compozi\u021bie complet\u0103 sau t\u0103iat pentru a crea aranjamente personalizate pe comode, mese, dulapuri \u0219i multe altele. Cu o dimensiune total\u0103 a foii de 60,96 [&hellip;]<\/p>","protected":false},"featured_media":4108,"comment_status":"open","ping_status":"closed","template":"","meta":{"_et_pb_use_builder":"","_et_pb_old_content":"","_et_gb_content_width":""},"product_cat":[79],"product_tag":[],"_links":{"self":[{"href":"https:\/\/redesignwithjulia.com\/hu\/wp-json\/wp\/v2\/product\/4107"}],"collection":[{"href":"https:\/\/redesignwithjulia.com\/hu\/wp-json\/wp\/v2\/product"}],"about":[{"href":"https:\/\/redesignwithjulia.com\/hu\/wp-json\/wp\/v2\/types\/product"}],"replies":[{"embeddable":true,"href":"https:\/\/redesignwithjulia.com\/hu\/wp-json\/wp\/v2\/comments?post=4107"}],"wp:featuredmedia":[{"embeddable":true,"href":"https:\/\/redesignwithjulia.com\/hu\/wp-json\/wp\/v2\/media\/4108"}],"wp:attachment":[{"href":"https:\/\/redesignwithjulia.com\/hu\/wp-json\/wp\/v2\/media?parent=4107"}],"wp:term":[{"taxonomy":"product_cat","embeddable":true,"href":"https:\/\/redesignwithjulia.com\/hu\/wp-json\/wp\/v2\/product_cat?post=4107"},{"taxonomy":"product_tag","embeddable":true,"href":"https:\/\/redesignwithjulia.com\/hu\/wp-json\/wp\/v2\/product_tag?post=4107"}],"curies":[{"name":"wp","href":"https:\/\/api.w.org\/{rel}","templated":true}]}}