{"id":4109,"date":"2025-04-16T21:28:32","date_gmt":"2025-04-16T19:28:32","guid":{"rendered":"https:\/\/redesignwithjulia.com\/?post_type=product&#038;p=4109"},"modified":"2025-10-06T09:02:47","modified_gmt":"2025-10-06T07:02:47","slug":"4109","status":"publish","type":"product","link":"https:\/\/redesignwithjulia.com\/hu\/termek\/4109\/","title":{"rendered":"Queen&#8217; s Glory &#8211; Transfer Decorativ Maxi &#8211; Redesign with Prima"},"content":{"rendered":"<p>Floarea aurie ornamentat\u0103 \u0219i scrisul antic aduc o not\u0103 regal\u0103 cu acest transfer decorativ &#8211; \u201eQueen&#8217;s Glory\u201d.<\/p>\n<p>Inspirat de manuscrisele istorice \u0219i de \u00eensemnele elegante, acest design adaug\u0103 rafinament \u0219i farmec vintage mobilierului, pieselor decorative \u0219i proiectelor artistice. Textul \u0219i motivele fin detaliate pun \u00een valoare suprafe\u021bele pictate, cre\u00e2nd un aspect rafinat, uzat de timp.<\/p>\n<p>Cele dou\u0103 foi de 30,5 x 30,5 cm ofer\u0103 versatilitate, permi\u021b\u00e2nd utilizarea elementelor \u00eempreun\u0103 sau separat. Tonurile aurii clasice contrasteaz\u0103 frumos at\u00e2t pe fundaluri \u00eentunecate, c\u00e2t \u0219i pe cele deschise, f\u0103c\u00e2nd ca fiecare pies\u0103 s\u0103 se simt\u0103 ca o mo\u0219tenire de familie.<\/p>\n<p>Dup\u0103 preg\u0103tirea suprafe\u021bei, \u00eendep\u0103rta\u021bi suportul de protec\u021bie \u0219i pozi\u021biona\u021bi transferul &#8211; \u201eQueen&#8217;s Glory\u201d \u00een pozi\u021bie. Folosind bastonul sau instrumentul de transfer inclus, freca\u021bi designul pe suprafa\u021b\u0103, asigur\u00e2ndu-v\u0103 c\u0103 toate elementele ader\u0103 f\u0103r\u0103 probleme. Pe m\u0103sur\u0103 ce foaia este ridicat\u0103, designul las\u0103 un finisaj autentic, f\u0103r\u0103 cusur.<\/p>\n<p>O lustruire u\u0219oar\u0103 \u00eendep\u0103rteaz\u0103 orice halouri \u0219i \u00eembun\u0103t\u0103\u021be\u0219te aspectul natural al aplica\u021biei.<\/p>\n<p>Redesign with Prima\u00ae ofer\u0103 o selec\u021bie atent selectat\u0103 de transferuri \u00een diferite dimensiuni \u0219i stiluri, facilit\u00e2nd crearea de finisaje unice \u0219i artistice.<\/p>\n<p>Dimensiune: 30,5 x 30,5 cm<\/p>","protected":false},"excerpt":{"rendered":"<p>Floarea aurie ornamentat\u0103 \u0219i scrisul antic aduc o not\u0103 regal\u0103 cu acest transfer decorativ &#8211; \u201eQueen&#8217;s Glory\u201d. Inspirat de manuscrisele istorice \u0219i de \u00eensemnele elegante, acest design adaug\u0103 rafinament \u0219i farmec vintage mobilierului, pieselor decorative \u0219i proiectelor artistice. Textul \u0219i motivele fin detaliate pun \u00een valoare suprafe\u021bele pictate, cre\u00e2nd un aspect rafinat, uzat de timp. [&hellip;]<\/p>","protected":false},"featured_media":4110,"comment_status":"open","ping_status":"closed","template":"","meta":{"_et_pb_use_builder":"","_et_pb_old_content":"","_et_gb_content_width":""},"product_cat":[79],"product_tag":[],"_links":{"self":[{"href":"https:\/\/redesignwithjulia.com\/hu\/wp-json\/wp\/v2\/product\/4109"}],"collection":[{"href":"https:\/\/redesignwithjulia.com\/hu\/wp-json\/wp\/v2\/product"}],"about":[{"href":"https:\/\/redesignwithjulia.com\/hu\/wp-json\/wp\/v2\/types\/product"}],"replies":[{"embeddable":true,"href":"https:\/\/redesignwithjulia.com\/hu\/wp-json\/wp\/v2\/comments?post=4109"}],"wp:featuredmedia":[{"embeddable":true,"href":"https:\/\/redesignwithjulia.com\/hu\/wp-json\/wp\/v2\/media\/4110"}],"wp:attachment":[{"href":"https:\/\/redesignwithjulia.com\/hu\/wp-json\/wp\/v2\/media?parent=4109"}],"wp:term":[{"taxonomy":"product_cat","embeddable":true,"href":"https:\/\/redesignwithjulia.com\/hu\/wp-json\/wp\/v2\/product_cat?post=4109"},{"taxonomy":"product_tag","embeddable":true,"href":"https:\/\/redesignwithjulia.com\/hu\/wp-json\/wp\/v2\/product_tag?post=4109"}],"curies":[{"name":"wp","href":"https:\/\/api.w.org\/{rel}","templated":true}]}}