{"id":4116,"date":"2025-04-17T09:33:35","date_gmt":"2025-04-17T07:33:35","guid":{"rendered":"https:\/\/redesignwithjulia.com\/?post_type=product&#038;p=4116"},"modified":"2025-05-09T13:22:53","modified_gmt":"2025-05-09T11:22:53","slug":"sunlit-aviary-transfer-decorativ-mediu-redesign-with-prima","status":"publish","type":"product","link":"https:\/\/redesignwithjulia.com\/hu\/termek\/sunlit-aviary-transfer-decorativ-mediu-redesign-with-prima\/","title":{"rendered":"Sunlit  Aviary \u2013 Transfer Decorativ Mediu &#8211; Redesign with Prima"},"content":{"rendered":"<p>Transferul decorativ \u201eSunlit Aviary\u201d este un set vibrant de trei coli cu flori galben-aurii, accente albastre delicate \u0219i p\u0103s\u0103ri fermec\u0103toare.<\/p>\n<p>Elementele florale \u0219i p\u0103s\u0103rile pot fi folosite ca compozi\u021bii complete sau t\u0103iate pentru a fi amestecate \u0219i potrivite pentru crea\u021bii nesf\u00e2r\u0219ite. Fie c\u0103 decora\u021bi mobilier, t\u0103vi sau accente pentru cas\u0103, aceste foi aduc c\u0103ldur\u0103 \u0219i mi\u0219care oric\u0103rui proiect. Harmony Hue Dots faciliteaz\u0103 coordonarea culorilor de vopsea, ajut\u00e2nd la ob\u021binerea unui aspect \u00eengrijit, profesional.<\/p>\n<p>Dup\u0103 \u00eendep\u0103rtarea suportului de protec\u021bie, pozi\u021biona\u021bi D\u00e9cor Transfer &#8211; \u201eSunlit Aviary\u201d pe suprafa\u021ba aleas\u0103 \u0219i freca\u021bi cu bastonul sau instrumentul de transfer inclus. Desenul se lipe\u0219te perfect, cre\u00e2nd un efect pictat cu detalii clare.<\/p>\n<p>O lustruire rapid\u0103 asigur\u0103 un finisaj neted \u0219i lucios.<\/p>\n<p>Dimensiuni: 3 coli 21,5 x 27,9 cm<\/p>","protected":false},"excerpt":{"rendered":"<p>Transferul decorativ \u201eSunlit Aviary\u201d este un set vibrant de trei coli cu flori galben-aurii, accente albastre delicate \u0219i p\u0103s\u0103ri fermec\u0103toare. Elementele florale \u0219i p\u0103s\u0103rile pot fi folosite ca compozi\u021bii complete sau t\u0103iate pentru a fi amestecate \u0219i potrivite pentru crea\u021bii nesf\u00e2r\u0219ite. Fie c\u0103 decora\u021bi mobilier, t\u0103vi sau accente pentru cas\u0103, aceste foi aduc c\u0103ldur\u0103 \u0219i [&hellip;]<\/p>","protected":false},"featured_media":4117,"comment_status":"open","ping_status":"closed","template":"","meta":{"_et_pb_use_builder":"","_et_pb_old_content":"","_et_gb_content_width":""},"product_cat":[79,68],"product_tag":[],"_links":{"self":[{"href":"https:\/\/redesignwithjulia.com\/hu\/wp-json\/wp\/v2\/product\/4116"}],"collection":[{"href":"https:\/\/redesignwithjulia.com\/hu\/wp-json\/wp\/v2\/product"}],"about":[{"href":"https:\/\/redesignwithjulia.com\/hu\/wp-json\/wp\/v2\/types\/product"}],"replies":[{"embeddable":true,"href":"https:\/\/redesignwithjulia.com\/hu\/wp-json\/wp\/v2\/comments?post=4116"}],"wp:featuredmedia":[{"embeddable":true,"href":"https:\/\/redesignwithjulia.com\/hu\/wp-json\/wp\/v2\/media\/4117"}],"wp:attachment":[{"href":"https:\/\/redesignwithjulia.com\/hu\/wp-json\/wp\/v2\/media?parent=4116"}],"wp:term":[{"taxonomy":"product_cat","embeddable":true,"href":"https:\/\/redesignwithjulia.com\/hu\/wp-json\/wp\/v2\/product_cat?post=4116"},{"taxonomy":"product_tag","embeddable":true,"href":"https:\/\/redesignwithjulia.com\/hu\/wp-json\/wp\/v2\/product_tag?post=4116"}],"curies":[{"name":"wp","href":"https:\/\/api.w.org\/{rel}","templated":true}]}}