{"id":4122,"date":"2025-04-17T12:03:35","date_gmt":"2025-04-17T10:03:35","guid":{"rendered":"https:\/\/redesignwithjulia.com\/?post_type=product&#038;p=4122"},"modified":"2025-05-25T08:33:18","modified_gmt":"2025-05-25T06:33:18","slug":"soft-veil-material-decorativ-mobila-redesign-with-prima-a3","status":"publish","type":"product","link":"https:\/\/redesignwithjulia.com\/hu\/termek\/soft-veil-material-decorativ-mobila-redesign-with-prima-a3\/","title":{"rendered":"Soft Veil \u2013 material decorativ mobil\u0103 &#8211; Redesign with Prima \u2013 A3"},"content":{"rendered":"<p>Un aranjament delicat de purpuriu atenuat \u0219i flori de lavand\u0103 bl\u00e2nd\u0103, noul nostru set de h\u00e2rtie Decoupage\u00a0 A3 &#8211; \u201eSoft Veil\u201d creeaz\u0103 un aspect de vis, vintage, cu un fundal \u00eemb\u0103tr\u00e2nit, texturat.<\/p>\n<p>Ideal pentru transform\u0103ri elegante ale mobilierului, t\u0103vi decorative sau art\u0103 mixt\u0103, acest set include dou\u0103 foi de 49,5 x 76,2 cm \u0219i A3 (29,7 x 41,6 cm) pentru a se potrivi diferitelor dimensiuni ale suprafe\u021belor, men\u021bin\u00e2nd \u00een acela\u0219i timp designul coerent.<\/p>\n<p>Pentru aplicare, m\u0103sura\u021bi \u0219i t\u0103ia\u021bi h\u00e2rtia, peria\u021bi Decoupage Gel pe suprafa\u021ba preg\u0103tit\u0103, a\u0219eza\u021bi h\u00e2rtia de \u021besut deasupra \u0219i netezi\u021bi-o cu instrumentul Scraper sau Brayer. Finaliza\u021bi cu un alt strat de Decoupage Gel pentru un rezultat lustruit.<\/p>\n<p>Dimensiuni: 2 foi: o foaie 49,5 x 76,2 cm \u0219i o foaie A3 (29,7 x 41,6 cm)<\/p>","protected":false},"excerpt":{"rendered":"<p>Un aranjament delicat de purpuriu atenuat \u0219i flori de lavand\u0103 bl\u00e2nd\u0103, noul nostru set de h\u00e2rtie Decoupage\u00a0 A3 &#8211; \u201eSoft Veil\u201d creeaz\u0103 un aspect de vis, vintage, cu un fundal \u00eemb\u0103tr\u00e2nit, texturat. Ideal pentru transform\u0103ri elegante ale mobilierului, t\u0103vi decorative sau art\u0103 mixt\u0103, acest set include dou\u0103 foi de 49,5 x 76,2 cm \u0219i A3 [&hellip;]<\/p>","protected":false},"featured_media":4123,"comment_status":"open","ping_status":"closed","template":"","meta":{"_et_pb_use_builder":"","_et_pb_old_content":"","_et_gb_content_width":""},"product_cat":[77],"product_tag":[],"_links":{"self":[{"href":"https:\/\/redesignwithjulia.com\/hu\/wp-json\/wp\/v2\/product\/4122"}],"collection":[{"href":"https:\/\/redesignwithjulia.com\/hu\/wp-json\/wp\/v2\/product"}],"about":[{"href":"https:\/\/redesignwithjulia.com\/hu\/wp-json\/wp\/v2\/types\/product"}],"replies":[{"embeddable":true,"href":"https:\/\/redesignwithjulia.com\/hu\/wp-json\/wp\/v2\/comments?post=4122"}],"wp:featuredmedia":[{"embeddable":true,"href":"https:\/\/redesignwithjulia.com\/hu\/wp-json\/wp\/v2\/media\/4123"}],"wp:attachment":[{"href":"https:\/\/redesignwithjulia.com\/hu\/wp-json\/wp\/v2\/media?parent=4122"}],"wp:term":[{"taxonomy":"product_cat","embeddable":true,"href":"https:\/\/redesignwithjulia.com\/hu\/wp-json\/wp\/v2\/product_cat?post=4122"},{"taxonomy":"product_tag","embeddable":true,"href":"https:\/\/redesignwithjulia.com\/hu\/wp-json\/wp\/v2\/product_tag?post=4122"}],"curies":[{"name":"wp","href":"https:\/\/api.w.org\/{rel}","templated":true}]}}