{"id":4128,"date":"2025-04-17T20:39:05","date_gmt":"2025-04-17T18:39:05","guid":{"rendered":"https:\/\/redesignwithjulia.com\/?post_type=product&#038;p=4128"},"modified":"2025-05-09T13:20:48","modified_gmt":"2025-05-09T11:20:48","slug":"timeless-blooms-material-decorativ-mobila-redesign-with-prima-kacha","status":"publish","type":"product","link":"https:\/\/redesignwithjulia.com\/hu\/termek\/timeless-blooms-material-decorativ-mobila-redesign-with-prima-kacha\/","title":{"rendered":"Timeless Blooms \u2013 material decorativ mobil\u0103 &#8211; Redesign with Prima &#8211; Kacha"},"content":{"rendered":"<p>Un design floral delicat \u0219i sofisticat, \u021bes\u0103tura Decoupage de Ka\u0107ha \u00een \u201eTimeless Blooms\u201d prezint\u0103 trandafiri de epoc\u0103 \u0219i volute complicate, cre\u00e2nd un efect \u00eemb\u0103tr\u00e2nit luxos.<\/p>\n<p>Perfect\u0103 pentru a fi combinat\u0103 cu transferul \u201eBlushing Blooms Symphony\u201d, aceast\u0103 h\u00e2rtie velin\u0103 permite ob\u021binerea unui aspect frumos stratificat \u0219i coerent pentru mobilier, accente decorative \u0219i accesorii pentru cas\u0103. Foaia de 49,5 x 76,2 cm este ideal\u0103 pentru suprafe\u021be mai mari, men\u021bin\u00e2nd \u00een acela\u0219i timp detaliile fine care se \u00eembin\u0103 f\u0103r\u0103 efort.<\/p>\n<p>Pentru aplicare, m\u0103sura\u021bi \u0219i t\u0103ia\u021bi cantitatea necesar\u0103, aplica\u021bi Decoupage Gel cu pensula pe suprafa\u021ba preg\u0103tit\u0103, a\u0219eza\u021bi h\u00e2rtia de \u021besut deasupra \u0219i netezi\u021bi-o cu instrumentul Scraper sau Brayer. Un strat final de Decoupage Gel spore\u0219te durabilitatea \u0219i ofer\u0103 un finisaj perfect, amestecat.<\/p>\n<p>Dimensiuni: 49,5 x 76,2 cm<\/p>","protected":false},"excerpt":{"rendered":"<p>Un design floral delicat \u0219i sofisticat, \u021bes\u0103tura Decoupage de Ka\u0107ha \u00een \u201eTimeless Blooms\u201d prezint\u0103 trandafiri de epoc\u0103 \u0219i volute complicate, cre\u00e2nd un efect \u00eemb\u0103tr\u00e2nit luxos. Perfect\u0103 pentru a fi combinat\u0103 cu transferul \u201eBlushing Blooms Symphony\u201d, aceast\u0103 h\u00e2rtie velin\u0103 permite ob\u021binerea unui aspect frumos stratificat \u0219i coerent pentru mobilier, accente decorative \u0219i accesorii pentru cas\u0103. Foaia [&hellip;]<\/p>","protected":false},"featured_media":4129,"comment_status":"open","ping_status":"closed","template":"","meta":{"_et_pb_use_builder":"","_et_pb_old_content":"","_et_gb_content_width":""},"product_cat":[17],"product_tag":[],"_links":{"self":[{"href":"https:\/\/redesignwithjulia.com\/hu\/wp-json\/wp\/v2\/product\/4128"}],"collection":[{"href":"https:\/\/redesignwithjulia.com\/hu\/wp-json\/wp\/v2\/product"}],"about":[{"href":"https:\/\/redesignwithjulia.com\/hu\/wp-json\/wp\/v2\/types\/product"}],"replies":[{"embeddable":true,"href":"https:\/\/redesignwithjulia.com\/hu\/wp-json\/wp\/v2\/comments?post=4128"}],"wp:featuredmedia":[{"embeddable":true,"href":"https:\/\/redesignwithjulia.com\/hu\/wp-json\/wp\/v2\/media\/4129"}],"wp:attachment":[{"href":"https:\/\/redesignwithjulia.com\/hu\/wp-json\/wp\/v2\/media?parent=4128"}],"wp:term":[{"taxonomy":"product_cat","embeddable":true,"href":"https:\/\/redesignwithjulia.com\/hu\/wp-json\/wp\/v2\/product_cat?post=4128"},{"taxonomy":"product_tag","embeddable":true,"href":"https:\/\/redesignwithjulia.com\/hu\/wp-json\/wp\/v2\/product_tag?post=4128"}],"curies":[{"name":"wp","href":"https:\/\/api.w.org\/{rel}","templated":true}]}}