{"id":4226,"date":"2025-06-28T19:32:49","date_gmt":"2025-06-28T17:32:49","guid":{"rendered":"https:\/\/redesignwithjulia.com\/?post_type=product&#038;p=4226"},"modified":"2026-02-03T13:49:42","modified_gmt":"2026-02-03T11:49:42","slug":"dreaming-in-wonderland-material-decorativ-mobila-redesign-with-prima","status":"publish","type":"product","link":"https:\/\/redesignwithjulia.com\/hu\/termek\/dreaming-in-wonderland-material-decorativ-mobila-redesign-with-prima\/","title":{"rendered":"Dreaming in Wonderland \u2013 material decorativ mobil\u0103 \u2013 Redesign with Prima"},"content":{"rendered":"<p>R\u0103sfoi\u021bi paginile aventurilor lui Alice cu materialul decorativ \u201eDreaming in Wonderland\u201d.<\/p>\n<p>Acest design surprinde esen\u021ba celor mai emblematice scene din \u021aara Minunilor, ilustrate \u00een detaliu \u00eentr-un stil vintage, de carte de pove\u0219ti.<\/p>\n<p>Schi\u021bele alb-negru parc\u0103 au fost extrase direct dintr-o carte veche \u0219i pre\u021buit\u0103, gata s\u0103 aduc\u0103 un sentiment de nostalgie \u0219i uimire proiectelor tale. Fiecare panou spune o parte diferit\u0103 a pove\u0219tii lui Alice, f\u0103c\u00e2nd acest material perfect pentru oricine iube\u0219te magia pove\u0219tilor clasice.<\/p>\n<p>Cu o textur\u0103 durabil\u0103, rezistent\u0103 la rupere, acest material este la fel de atemporal ca povestea pe care o descrie. U\u0219or de prelucrat \u0219i frumos detaliat, adaug\u0103 o not\u0103 de farmec din lumea veche oric\u0103rei piese. Fie c\u0103 renova\u021bi mobila sau crea\u021bi un obiect de decor unic, combina\u021bi aceast\u0103 h\u00e2rtie cu gel Decoupage, gel de transfer sau Easy Coat pentru un finisaj f\u0103r\u0103 cusur, de lung\u0103 durat\u0103. Las\u0103-\u021bi imagina\u021bia s\u0103 r\u0103t\u0103ceasc\u0103 prin \u021aara Minunilor cu fiecare proiect pe care \u00eel creezi!<\/p>\n<p>Dimensiuni: 49,5 x 76,2 cm<\/p>\n<p>&nbsp;<\/p>","protected":false},"excerpt":{"rendered":"<p>R\u0103sfoi\u021bi paginile aventurilor lui Alice cu materialul decorativ \u201eDreaming in Wonderland\u201d. Acest design surprinde esen\u021ba celor mai emblematice scene din \u021aara Minunilor, ilustrate \u00een detaliu \u00eentr-un stil vintage, de carte de pove\u0219ti. Schi\u021bele alb-negru parc\u0103 au fost extrase direct dintr-o carte veche \u0219i pre\u021buit\u0103, gata s\u0103 aduc\u0103 un sentiment de nostalgie \u0219i uimire proiectelor tale. [&hellip;]<\/p>","protected":false},"featured_media":4227,"comment_status":"open","ping_status":"closed","template":"","meta":{"_et_pb_use_builder":"","_et_pb_old_content":"","_et_gb_content_width":""},"product_cat":[77,66],"product_tag":[],"_links":{"self":[{"href":"https:\/\/redesignwithjulia.com\/hu\/wp-json\/wp\/v2\/product\/4226"}],"collection":[{"href":"https:\/\/redesignwithjulia.com\/hu\/wp-json\/wp\/v2\/product"}],"about":[{"href":"https:\/\/redesignwithjulia.com\/hu\/wp-json\/wp\/v2\/types\/product"}],"replies":[{"embeddable":true,"href":"https:\/\/redesignwithjulia.com\/hu\/wp-json\/wp\/v2\/comments?post=4226"}],"wp:featuredmedia":[{"embeddable":true,"href":"https:\/\/redesignwithjulia.com\/hu\/wp-json\/wp\/v2\/media\/4227"}],"wp:attachment":[{"href":"https:\/\/redesignwithjulia.com\/hu\/wp-json\/wp\/v2\/media?parent=4226"}],"wp:term":[{"taxonomy":"product_cat","embeddable":true,"href":"https:\/\/redesignwithjulia.com\/hu\/wp-json\/wp\/v2\/product_cat?post=4226"},{"taxonomy":"product_tag","embeddable":true,"href":"https:\/\/redesignwithjulia.com\/hu\/wp-json\/wp\/v2\/product_tag?post=4226"}],"curies":[{"name":"wp","href":"https:\/\/api.w.org\/{rel}","templated":true}]}}