{"id":4240,"date":"2025-07-06T12:37:56","date_gmt":"2025-07-06T10:37:56","guid":{"rendered":"https:\/\/redesignwithjulia.com\/?post_type=product&#038;p=4240"},"modified":"2025-08-29T08:10:37","modified_gmt":"2025-08-29T06:10:37","slug":"harvest-hues-transfer-decorativ-redesign-with-prima","status":"publish","type":"product","link":"https:\/\/redesignwithjulia.com\/hu\/termek\/harvest-hues-transfer-decorativ-redesign-with-prima\/","title":{"rendered":"Harvest Hues  \u2013 Transfer Decorativ \u2013 Redesign with Prima"},"content":{"rendered":"<p>Frumuse\u021bea \u0219i splendoarea toamnei creeaz\u0103 un design de transfer frumos \u0219i bogat, plin p\u00e2n\u0103 la refuz cu recolta unei gr\u0103dini \u0219i eviden\u021biat cu verdea\u021b\u0103 \u0219i tonuri florale calde, de toamn\u0103. M\u0103sur\u00e2nd 60,9 x 88,9 cm, acest transfer este perfect pentru a ad\u0103uga o not\u0103 de elegan\u021b\u0103 de toamn\u0103 mobilierului, pere\u021bilor \u0219i multe altele. Transferurile sunt incredibil de u\u0219or de utilizat. Pur \u0219i simplu dezlipi\u021bi h\u00e2rtia de suport, l\u0103sa\u021bi transferul pe suprafa\u021ba dorit\u0103 \u0219i freca\u021bi-l cu instrumentul inclus pentru a transfera desenul. Transferul poate fi t\u0103iat \u0219i rearanjat pentru a se potrivi nevoilor dvs. specifice, ceea ce \u00eel face o alegere versatil\u0103 \u0219i personalizabil\u0103 pentru toate proiectele dvs. D\u00e9cor. Sigila\u021bi cu lac pe baz\u0103 de ap\u0103 sau cu cear\u0103 transparent\u0103.<\/p>","protected":false},"excerpt":{"rendered":"<p>Frumuse\u021bea \u0219i splendoarea toamnei creeaz\u0103 un design de transfer frumos \u0219i bogat, plin p\u00e2n\u0103 la refuz cu recolta unei gr\u0103dini \u0219i eviden\u021biat cu verdea\u021b\u0103 \u0219i tonuri florale calde, de toamn\u0103. M\u0103sur\u00e2nd 60,9 x 88,9 cm, acest transfer este perfect pentru a ad\u0103uga o not\u0103 de elegan\u021b\u0103 de toamn\u0103 mobilierului, pere\u021bilor \u0219i multe altele. Transferurile sunt [&hellip;]<\/p>","protected":false},"featured_media":4241,"comment_status":"open","ping_status":"closed","template":"","meta":{"_et_pb_use_builder":"","_et_pb_old_content":"","_et_gb_content_width":""},"product_cat":[79,25],"product_tag":[],"_links":{"self":[{"href":"https:\/\/redesignwithjulia.com\/hu\/wp-json\/wp\/v2\/product\/4240"}],"collection":[{"href":"https:\/\/redesignwithjulia.com\/hu\/wp-json\/wp\/v2\/product"}],"about":[{"href":"https:\/\/redesignwithjulia.com\/hu\/wp-json\/wp\/v2\/types\/product"}],"replies":[{"embeddable":true,"href":"https:\/\/redesignwithjulia.com\/hu\/wp-json\/wp\/v2\/comments?post=4240"}],"wp:featuredmedia":[{"embeddable":true,"href":"https:\/\/redesignwithjulia.com\/hu\/wp-json\/wp\/v2\/media\/4241"}],"wp:attachment":[{"href":"https:\/\/redesignwithjulia.com\/hu\/wp-json\/wp\/v2\/media?parent=4240"}],"wp:term":[{"taxonomy":"product_cat","embeddable":true,"href":"https:\/\/redesignwithjulia.com\/hu\/wp-json\/wp\/v2\/product_cat?post=4240"},{"taxonomy":"product_tag","embeddable":true,"href":"https:\/\/redesignwithjulia.com\/hu\/wp-json\/wp\/v2\/product_tag?post=4240"}],"curies":[{"name":"wp","href":"https:\/\/api.w.org\/{rel}","templated":true}]}}