{"id":4262,"date":"2025-09-05T09:05:44","date_gmt":"2025-09-05T07:05:44","guid":{"rendered":"https:\/\/redesignwithjulia.com\/?post_type=product&#038;p=4262"},"modified":"2025-09-05T09:30:18","modified_gmt":"2025-09-05T07:30:18","slug":"birds-and-blooms-material-decorativ-mobila-a1","status":"publish","type":"product","link":"https:\/\/redesignwithjulia.com\/hu\/termek\/birds-and-blooms-material-decorativ-mobila-a1\/","title":{"rendered":"Birds and Blooms &#8211; material decorativ mobil\u0103 &#8211; A1"},"content":{"rendered":"<p>1 foaie, dimensiune A1 &#8211;<br \/>\nH\u00e2rtia moale pentru decoupage A1 de la Redesign with Prima\u00ae este absolut \u00eenc\u00e2nt\u0103toare! Cu nuan\u021bele sale delicate de roz, verde \u0219i designul eteric, aceast\u0103 h\u00e2rtie pentru decoupage va ad\u0103uga o not\u0103 de frumuse\u021be delicat\u0103 proiectelor dvs. Bucura\u021bi-v\u0103 de calit\u0103\u021bile de vis \u0219i fermec\u0103toare ale acestei h\u00e2rtii pentru decoupage \u00een timp ce v\u0103 aduce\u021bi la via\u021b\u0103 viziunile creative! H\u00e2rtia pentru decoupage A1 de la Redesign este creat\u0103 printr-un proces de imprimare unic \u0219i din h\u00e2rtie rezistent\u0103, permi\u021b\u00e2ndu-v\u0103 s\u0103 crea\u021bi piese de decor unice \u0219i personalizate. Un material de \u00eenalt\u0103 calitate, construit pe flexibilitate, u\u0219urin\u021b\u0103 \u00een utilizare \u0219i durabilitate, noua noastr\u0103 fibr\u0103 pentru decoupage v\u0103 va oferi cu siguran\u021b\u0103 rezultate \u0219i aplica\u021bii incredibile. Fabricat\u0103 dintr-un material fibros de \u00eenalt\u0103 densitate, fibra pentru decoupage este conceput\u0103 pentru a fi utilizat\u0103 pe orice suprafa\u021b\u0103, de la mobilier la pere\u021bi, cu o suprafa\u021b\u0103 f\u0103r\u0103 cute care va oferi rezultate incredibile. Acest material rezistent la rupere, f\u0103r\u0103 cute \u0219i ultra versatil este compatibil cu majoritatea mediilor pe baz\u0103 de ap\u0103 \u0219i se va integra complet \u00een suprafe\u021bele dvs. f\u0103r\u0103 a se cr\u0103pa sau deforma. Combina\u021bi-l cu gelul nostru pentru decoupage mat sau lucios pentru rezultate optime.<\/p>","protected":false},"excerpt":{"rendered":"<p>1 foaie, dimensiune A1 &#8211; H\u00e2rtia moale pentru decoupage A1 de la Redesign with Prima\u00ae este absolut \u00eenc\u00e2nt\u0103toare! Cu nuan\u021bele sale delicate de roz, verde \u0219i designul eteric, aceast\u0103 h\u00e2rtie pentru decoupage va ad\u0103uga o not\u0103 de frumuse\u021be delicat\u0103 proiectelor dvs. Bucura\u021bi-v\u0103 de calit\u0103\u021bile de vis \u0219i fermec\u0103toare ale acestei h\u00e2rtii pentru decoupage \u00een timp [&hellip;]<\/p>","protected":false},"featured_media":4263,"comment_status":"open","ping_status":"closed","template":"","meta":{"_et_pb_use_builder":"","_et_pb_old_content":"","_et_gb_content_width":""},"product_cat":[77,66],"product_tag":[],"_links":{"self":[{"href":"https:\/\/redesignwithjulia.com\/hu\/wp-json\/wp\/v2\/product\/4262"}],"collection":[{"href":"https:\/\/redesignwithjulia.com\/hu\/wp-json\/wp\/v2\/product"}],"about":[{"href":"https:\/\/redesignwithjulia.com\/hu\/wp-json\/wp\/v2\/types\/product"}],"replies":[{"embeddable":true,"href":"https:\/\/redesignwithjulia.com\/hu\/wp-json\/wp\/v2\/comments?post=4262"}],"wp:featuredmedia":[{"embeddable":true,"href":"https:\/\/redesignwithjulia.com\/hu\/wp-json\/wp\/v2\/media\/4263"}],"wp:attachment":[{"href":"https:\/\/redesignwithjulia.com\/hu\/wp-json\/wp\/v2\/media?parent=4262"}],"wp:term":[{"taxonomy":"product_cat","embeddable":true,"href":"https:\/\/redesignwithjulia.com\/hu\/wp-json\/wp\/v2\/product_cat?post=4262"},{"taxonomy":"product_tag","embeddable":true,"href":"https:\/\/redesignwithjulia.com\/hu\/wp-json\/wp\/v2\/product_tag?post=4262"}],"curies":[{"name":"wp","href":"https:\/\/api.w.org\/{rel}","templated":true}]}}