{"id":4284,"date":"2025-10-02T20:02:54","date_gmt":"2025-10-02T18:02:54","guid":{"rendered":"https:\/\/redesignwithjulia.com\/?post_type=product&#038;p=4284"},"modified":"2025-10-07T11:55:02","modified_gmt":"2025-10-07T09:55:02","slug":"blue-vine-transfer-decorativ-redesign-with-prima","status":"publish","type":"product","link":"https:\/\/redesignwithjulia.com\/hu\/termek\/blue-vine-transfer-decorativ-redesign-with-prima\/","title":{"rendered":"Blue Vine \u2013 Transfer Decorativ \u2013 Redesign with Prima"},"content":{"rendered":"<p>Vi\u021ba de vie delicat\u0103 se \u00eentinde gra\u021bios pe acest design complex, \u00eempodobit cu flori de filde\u0219 \u0219i flori albastre vibrante.<\/p>\n<p>Transferul decorativ Blue Vine aduce elegan\u021b\u0103 \u0219i mi\u0219care pe orice suprafa\u021b\u0103, de la mobilierul \u00eentunecat \u0219i dramatic la decorul luminos \u0219i aerisit. Versatil \u0219i detaliat, se potrive\u0219te perfect at\u00e2t stilului modern, c\u00e2t \u0219i celui vintage.<\/p>\n<p>MOD DE UTILIZARE: Este la fel de u\u0219or ca \u0219i cum ai dezlipi, ap\u0103sa, freca \u0219i gata \u2013 magia artei! Alege\u021bi suprafa\u021ba (mobilier, pere\u021bi, decor \u2013 orice dori\u021bi), a\u0219eza\u021bi transferul, freca\u021bi-l cu instrumentul inclus \u0219i observa\u021bi cum designul se integreaz\u0103 ca \u0219i cum ar fi fost \u00eentotdeauna acolo. F\u0103r\u0103 mizerie, f\u0103r\u0103 stres, doar art\u0103 instantanee! Numai de la Redesign with Prima \u2013 designurile dvs. preferate, acum \u00een tonuri botanice delicate.<\/p>\n<p>&nbsp;<\/p>","protected":false},"excerpt":{"rendered":"<p>Vi\u021ba de vie delicat\u0103 se \u00eentinde gra\u021bios pe acest design complex, \u00eempodobit cu flori de filde\u0219 \u0219i flori albastre vibrante. Transferul decorativ Blue Vine aduce elegan\u021b\u0103 \u0219i mi\u0219care pe orice suprafa\u021b\u0103, de la mobilierul \u00eentunecat \u0219i dramatic la decorul luminos \u0219i aerisit. Versatil \u0219i detaliat, se potrive\u0219te perfect at\u00e2t stilului modern, c\u00e2t \u0219i celui vintage. [&hellip;]<\/p>","protected":false},"featured_media":4285,"comment_status":"open","ping_status":"closed","template":"","meta":{"_et_pb_use_builder":"","_et_pb_old_content":"","_et_gb_content_width":""},"product_cat":[79,25],"product_tag":[],"_links":{"self":[{"href":"https:\/\/redesignwithjulia.com\/hu\/wp-json\/wp\/v2\/product\/4284"}],"collection":[{"href":"https:\/\/redesignwithjulia.com\/hu\/wp-json\/wp\/v2\/product"}],"about":[{"href":"https:\/\/redesignwithjulia.com\/hu\/wp-json\/wp\/v2\/types\/product"}],"replies":[{"embeddable":true,"href":"https:\/\/redesignwithjulia.com\/hu\/wp-json\/wp\/v2\/comments?post=4284"}],"wp:featuredmedia":[{"embeddable":true,"href":"https:\/\/redesignwithjulia.com\/hu\/wp-json\/wp\/v2\/media\/4285"}],"wp:attachment":[{"href":"https:\/\/redesignwithjulia.com\/hu\/wp-json\/wp\/v2\/media?parent=4284"}],"wp:term":[{"taxonomy":"product_cat","embeddable":true,"href":"https:\/\/redesignwithjulia.com\/hu\/wp-json\/wp\/v2\/product_cat?post=4284"},{"taxonomy":"product_tag","embeddable":true,"href":"https:\/\/redesignwithjulia.com\/hu\/wp-json\/wp\/v2\/product_tag?post=4284"}],"curies":[{"name":"wp","href":"https:\/\/api.w.org\/{rel}","templated":true}]}}