{"id":4289,"date":"2025-10-02T21:30:58","date_gmt":"2025-10-02T19:30:58","guid":{"rendered":"https:\/\/redesignwithjulia.com\/?post_type=product&#038;p=4289"},"modified":"2025-10-07T12:02:17","modified_gmt":"2025-10-07T10:02:17","slug":"the-enchanted-grove-transfer-decorativ-mobila-mediu","status":"publish","type":"product","link":"https:\/\/redesignwithjulia.com\/hu\/termek\/the-enchanted-grove-transfer-decorativ-mobila-mediu\/","title":{"rendered":"The Enchanted Grove \u2013 Transfer  decorativ mobil\u0103 mediu"},"content":{"rendered":"<p>Vi\u021b\u0103 de vie delicat\u0103 \u0219i trandafiri roz fermec\u0103tori se \u00eempletesc \u00een noul transfer decorativ\u00a0 A4 de la Ka\u0107ha &#8211; \u201eThe Enchanted Grove\u201d, un set de trei foi conceput pentru a fi suprapus \u0219i combinat \u00een diverse proiecte.<\/p>\n<p>Aceste motive florale frumos detaliate pot fi utilizate singure sau combinate cu alte elemente din aceast\u0103 colec\u021bie pentru un finisaj elegant \u0219i armonios. Fie c\u0103 dori\u021bi s\u0103 \u00eenfrumuse\u021ba\u021bi mobilierul, t\u0103vile sau accentele decorative, cele trei foi de 21,5 x 27,9 cm ofer\u0103 posibilit\u0103\u021bi infinite de design.<\/p>\n<p>\u00cendep\u0103rta\u021bi folia protectoare, a\u0219eza\u021bi transferul pe o suprafa\u021b\u0103 preg\u0103tit\u0103 \u0219i freca\u021bi ferm cu instrumentul de transfer inclus. Pe m\u0103sur\u0103 ce designul se transfer\u0103, acesta se a\u0219eaz\u0103 pe suprafa\u021b\u0103, cre\u00e2nd un efect de pictur\u0103 manual\u0103.<\/p>","protected":false},"excerpt":{"rendered":"<p>Vi\u021b\u0103 de vie delicat\u0103 \u0219i trandafiri roz fermec\u0103tori se \u00eempletesc \u00een noul transfer decorativ\u00a0 A4 de la Ka\u0107ha &#8211; \u201eThe Enchanted Grove\u201d, un set de trei foi conceput pentru a fi suprapus \u0219i combinat \u00een diverse proiecte. Aceste motive florale frumos detaliate pot fi utilizate singure sau combinate cu alte elemente din aceast\u0103 colec\u021bie pentru [&hellip;]<\/p>","protected":false},"featured_media":4290,"comment_status":"open","ping_status":"closed","template":"","meta":{"_et_pb_use_builder":"","_et_pb_old_content":"","_et_gb_content_width":""},"product_cat":[79,68],"product_tag":[],"_links":{"self":[{"href":"https:\/\/redesignwithjulia.com\/hu\/wp-json\/wp\/v2\/product\/4289"}],"collection":[{"href":"https:\/\/redesignwithjulia.com\/hu\/wp-json\/wp\/v2\/product"}],"about":[{"href":"https:\/\/redesignwithjulia.com\/hu\/wp-json\/wp\/v2\/types\/product"}],"replies":[{"embeddable":true,"href":"https:\/\/redesignwithjulia.com\/hu\/wp-json\/wp\/v2\/comments?post=4289"}],"wp:featuredmedia":[{"embeddable":true,"href":"https:\/\/redesignwithjulia.com\/hu\/wp-json\/wp\/v2\/media\/4290"}],"wp:attachment":[{"href":"https:\/\/redesignwithjulia.com\/hu\/wp-json\/wp\/v2\/media?parent=4289"}],"wp:term":[{"taxonomy":"product_cat","embeddable":true,"href":"https:\/\/redesignwithjulia.com\/hu\/wp-json\/wp\/v2\/product_cat?post=4289"},{"taxonomy":"product_tag","embeddable":true,"href":"https:\/\/redesignwithjulia.com\/hu\/wp-json\/wp\/v2\/product_tag?post=4289"}],"curies":[{"name":"wp","href":"https:\/\/api.w.org\/{rel}","templated":true}]}}