{"id":4356,"date":"2025-10-21T21:57:37","date_gmt":"2025-10-21T19:57:37","guid":{"rendered":"https:\/\/redesignwithjulia.com\/?post_type=product&#038;p=4356"},"modified":"2025-10-21T21:59:11","modified_gmt":"2025-10-21T19:59:11","slug":"steamwing-majesty-material-decorativ-mobila-redesign-with-prima-a1","status":"publish","type":"product","link":"https:\/\/redesignwithjulia.com\/hu\/termek\/steamwing-majesty-material-decorativ-mobila-redesign-with-prima-a1\/","title":{"rendered":"Steamwing Majesty \u2013 material decorativ mobil\u0103 Redesign with Prima \u2013 A1"},"content":{"rendered":"<p>Descoper\u0103 vedeta decorului t\u0103u cu materialul decoupage \u201eSteam Wing Majesty\u201d de la Redesign with Prima.<\/p>\n<p>Acest p\u0103un orbitor, \u00eempodobit cu ro\u021bi din\u021bate complexe \u0219i un caleidoscop de culori, transform\u0103 orice pies\u0103 de mobilier \u00eentr-o oper\u0103 de art\u0103 uluitoare.<\/p>\n<p>Prezen\u021ba sa regal\u0103 \u0219i stilul steampunk aduc o fuziune unic\u0103 \u00eentre natur\u0103 \u0219i ma\u0219in\u0103rie, perfect\u0103 pentru cei care doresc un stil \u00eendr\u0103zne\u021b \u0219i de neuitat.<\/p>\n<p>Materialul este incredibil de u\u0219or de utilizat. Pur \u0219i simplu m\u0103sura\u021bi \u0219i t\u0103ia\u021bi la dimensiunea\u00a0 dorit\u0103 , ad\u0103uga\u021bi Decoupage Gel \/ Transfer Gel pe suprafa\u021ba preg\u0103tit\u0103, a\u0219eza\u021bi materialul deasupra \u0219i netezi\u021bi-o cu racleta.<\/p>\n<p>Materialul este creat pentru a fi utilizat pe pere\u021bi, mobilier \u0219i alte obiecte decorative.<\/p>\n<p>Dimensiune: 84,1 x 59,4 cm<\/p>\n<p>&nbsp;<\/p>","protected":false},"excerpt":{"rendered":"<p>Descoper\u0103 vedeta decorului t\u0103u cu materialul decoupage \u201eSteam Wing Majesty\u201d de la Redesign with Prima. Acest p\u0103un orbitor, \u00eempodobit cu ro\u021bi din\u021bate complexe \u0219i un caleidoscop de culori, transform\u0103 orice pies\u0103 de mobilier \u00eentr-o oper\u0103 de art\u0103 uluitoare. Prezen\u021ba sa regal\u0103 \u0219i stilul steampunk aduc o fuziune unic\u0103 \u00eentre natur\u0103 \u0219i ma\u0219in\u0103rie, perfect\u0103 pentru cei [&hellip;]<\/p>","protected":false},"featured_media":4357,"comment_status":"open","ping_status":"closed","template":"","meta":{"_et_pb_use_builder":"","_et_pb_old_content":"","_et_gb_content_width":""},"product_cat":[77,66],"product_tag":[],"_links":{"self":[{"href":"https:\/\/redesignwithjulia.com\/hu\/wp-json\/wp\/v2\/product\/4356"}],"collection":[{"href":"https:\/\/redesignwithjulia.com\/hu\/wp-json\/wp\/v2\/product"}],"about":[{"href":"https:\/\/redesignwithjulia.com\/hu\/wp-json\/wp\/v2\/types\/product"}],"replies":[{"embeddable":true,"href":"https:\/\/redesignwithjulia.com\/hu\/wp-json\/wp\/v2\/comments?post=4356"}],"wp:featuredmedia":[{"embeddable":true,"href":"https:\/\/redesignwithjulia.com\/hu\/wp-json\/wp\/v2\/media\/4357"}],"wp:attachment":[{"href":"https:\/\/redesignwithjulia.com\/hu\/wp-json\/wp\/v2\/media?parent=4356"}],"wp:term":[{"taxonomy":"product_cat","embeddable":true,"href":"https:\/\/redesignwithjulia.com\/hu\/wp-json\/wp\/v2\/product_cat?post=4356"},{"taxonomy":"product_tag","embeddable":true,"href":"https:\/\/redesignwithjulia.com\/hu\/wp-json\/wp\/v2\/product_tag?post=4356"}],"curies":[{"name":"wp","href":"https:\/\/api.w.org\/{rel}","templated":true}]}}